
{"id":250262,"date":"2023-07-06T07:44:08","date_gmt":"2023-07-06T05:44:08","guid":{"rendered":"https:\/\/www.hispanorama-tours.com\/incentives-in-spanien\/incentive-reisen-und-firmen-events-in-spanien\/"},"modified":"2024-02-08T19:02:46","modified_gmt":"2024-02-08T18:02:46","slug":"eventos-de-empresa","status":"publish","type":"page","link":"https:\/\/www.hispanorama-tours.com\/es\/viajes-de-incentivo-en-espana\/eventos-de-empresa\/","title":{"rendered":"Eventos de empresas en Espa\u00f1a"},"content":{"rendered":"<p>[et_pb_section fb_built=\u00bb1&#8243; admin_label=\u00bbsection\u00bb _builder_version=\u00bb4.16&#8243; _module_preset=\u00bbdefault\u00bb global_colors_info=\u00bb{}\u00bb][et_pb_row _builder_version=\u00bb4.21.0&#8243; _module_preset=\u00bbdefault\u00bb custom_margin=\u00bb|||||false\u00bb custom_padding=\u00bb||0px||false|false\u00bb global_colors_info=\u00bb{}\u00bb][et_pb_column type=\u00bb4_4&#8243; _builder_version=\u00bb4.21.0&#8243; _module_preset=\u00bbdefault\u00bb global_colors_info=\u00bb{}\u00bb][et_pb_text _builder_version=\u00bb4.21.0&#8243; _module_preset=\u00bbdefault\u00bb text_font=\u00bb||||||||\u00bb link_font=\u00bb||||||||\u00bb ul_font=\u00bb||||||||\u00bb ol_font=\u00bb||||||||\u00bb quote_font=\u00bb||||||||\u00bb header_font=\u00bb||||||||\u00bb header_2_font=\u00bb|700|||||||\u00bb header_2_font_size=\u00bb36px\u00bb header_2_line_height=\u00bb1.5em\u00bb header_3_font=\u00bb||||||||\u00bb module_alignment=\u00bbleft\u00bb custom_margin=\u00bb||0px||false|false\u00bb custom_padding=\u00bb||||false|false\u00bb header_2_font_size_tablet=\u00bb34px\u00bb header_2_font_size_phone=\u00bb30px\u00bb header_2_font_size_last_edited=\u00bbon|phone\u00bb global_colors_info=\u00bb{}\u00bb]<\/p>\n<h2>Eventos de empresas en Espa\u00f1a<\/h2>\n<p>[\/et_pb_text][et_pb_text _builder_version=\u00bb4.21.0&#8243; _module_preset=\u00bbdefault\u00bb header_3_text_color=\u00bb#d20a11&#8243; header_3_line_height=\u00bb1.5em\u00bb custom_margin=\u00bb||0px||false|false\u00bb custom_margin_tablet=\u00bb||0.5rem||false|false\u00bb custom_margin_phone=\u00bb||0.2rem||false|false\u00bb custom_margin_last_edited=\u00bbon|phone\u00bb header_3_font_size_tablet=\u00bb20px\u00bb header_3_font_size_phone=\u00bb18px\u00bb header_3_font_size_last_edited=\u00bbon|tablet\u00bb global_colors_info=\u00bb{}\u00bb]<\/p>\n<h3>\u00bfEst\u00e1n planificando un evento en Espa\u00f1a que sea inolvidable para todos los participantes?<\/h3>\n<p>[\/et_pb_text][\/et_pb_column][\/et_pb_row][et_pb_row admin_label=\u00bbrow\u00bb _builder_version=\u00bb4.21.0&#8243; _module_preset=\u00bbdefault\u00bb background_size=\u00bbinitial\u00bb background_position=\u00bbtop_left\u00bb background_repeat=\u00bbrepeat\u00bb custom_padding=\u00bb0px||0px||false|false\u00bb global_colors_info=\u00bb{}\u00bb][et_pb_column type=\u00bb4_4&#8243; _builder_version=\u00bb4.16&#8243; _module_preset=\u00bbdefault\u00bb custom_padding=\u00bb|||\u00bb global_colors_info=\u00bb{}\u00bb custom_padding__hover=\u00bb|||\u00bb][et_pb_text admin_label=\u00bbText\u00bb _builder_version=\u00bb4.21.0&#8243; _module_preset=\u00bbdefault\u00bb background_size=\u00bbinitial\u00bb background_position=\u00bbtop_left\u00bb background_repeat=\u00bbrepeat\u00bb global_colors_info=\u00bb{}\u00bb]<\/p>\n<div id=\"pagecompuesta\">\n<div id=\"coltext\">\n<h1><span style=\"font-size: 16px; color: #666666; font-family: Lato, Helvetica, Arial, Lucida, sans-serif;\">\u00a1En este caso Hispanorama tours &amp; incentives ser\u00e1 su aliado perfecto!<\/span><\/h1>\n<p>Nuestro equipo de gestores de eventos creativos les ayudar\u00e1 en la planificaci\u00f3n y elaboraci\u00f3n del concepto, programa y realizaci\u00f3n de su evento, para lo que tendr\u00e1 en cuenta las necesidades, objetivos y el presupuesto de su cliente.<\/p>\n<\/div>\n<\/div>\n<p>[\/et_pb_text][\/et_pb_column][\/et_pb_row][et_pb_row _builder_version=\u00bb4.21.0&#8243; _module_preset=\u00bbdefault\u00bb background_color=\u00bb#000000&#8243; custom_margin=\u00bb2rem||2rem||true|false\u00bb custom_padding=\u00bb0px||0px||true|false\u00bb global_colors_info=\u00bb{}\u00bb][et_pb_column type=\u00bb4_4&#8243; _builder_version=\u00bb4.21.0&#8243; _module_preset=\u00bbdefault\u00bb global_colors_info=\u00bb{}\u00bb][revslider_divi revslider_divi=\u00bb%91rev_slider alias=%22incentivereisen-1%22 slidertitle=%22firmenevents%22%93%91\/rev_slider%93&#8243; _builder_version=\u00bb4.21.0&#8243; _module_preset=\u00bbdefault\u00bb global_colors_info=\u00bb{}\u00bb][\/revslider_divi][\/et_pb_column][\/et_pb_row][et_pb_row column_structure=\u00bb1_2,1_2&#8243; admin_label=\u00bbrow\u00bb _builder_version=\u00bb4.21.0&#8243; _module_preset=\u00bbdefault\u00bb background_size=\u00bbinitial\u00bb background_position=\u00bbtop_left\u00bb background_repeat=\u00bbrepeat\u00bb custom_padding=\u00bb0px||||false|false\u00bb global_colors_info=\u00bb{}\u00bb][et_pb_column type=\u00bb1_2&#8243; _builder_version=\u00bb4.16&#8243; _module_preset=\u00bbdefault\u00bb custom_padding=\u00bb|||\u00bb global_colors_info=\u00bb{}\u00bb custom_padding__hover=\u00bb|||\u00bb][et_pb_text admin_label=\u00bbText\u00bb _builder_version=\u00bb4.21.0&#8243; _module_preset=\u00bbdefault\u00bb header_4_text_color=\u00bb#d20a11&#8243; background_size=\u00bbinitial\u00bb background_position=\u00bbtop_left\u00bb background_repeat=\u00bbrepeat\u00bb global_colors_info=\u00bb{}\u00bb]<\/p>\n<p>Nuestro objetivo es superar sus expectativas y las de su cliente cuando nos encargamos de organizar para ustedes:<\/p>\n<ul class=\"localiza\">\n<li>el lanzamiento de un producto<\/li>\n<li>una fiesta de empresa<\/li>\n<li>una entrega de premios<\/li>\n<li>una fiesta tem\u00e1tica<\/li>\n<li>una exposici\u00f3n<\/li>\n<li>una comida de negocios<\/li>\n<li>un evento de networking<\/li>\n<li>etc.<\/li>\n<\/ul>\n<p>[\/et_pb_text][\/et_pb_column][et_pb_column type=\u00bb1_2&#8243; _builder_version=\u00bb4.16&#8243; _module_preset=\u00bbdefault\u00bb custom_padding=\u00bb|||\u00bb global_colors_info=\u00bb{}\u00bb custom_padding__hover=\u00bb|||\u00bb][et_pb_text admin_label=\u00bbText\u00bb _builder_version=\u00bb4.21.0&#8243; _module_preset=\u00bbdefault\u00bb header_4_text_color=\u00bb#d20a11&#8243; background_size=\u00bbinitial\u00bb background_position=\u00bbtop_left\u00bb background_repeat=\u00bbrepeat\u00bb global_colors_info=\u00bb{}\u00bb]<\/p>\n<h4>Viajes de incentivo y eventos en Espa\u00f1a<\/h4>\n<p>Empezando por una cena de gala en un palacio del siglo XV, pasando por una boda de gitanos en un pueblo espa\u00f1ol, hasta un evento gigantesco en el estadio de f\u00fatbol del FC Barcelona: \u00a1Les espera el espacio perfecto junto a la exquisita comida espa\u00f1ola y mucha diversi\u00f3n!<\/p>\n<p>Ofrecemos soluciones rentables y hacemos todo por dar un valor a\u00f1adido a su programa, para que se convierta en algo \u00fanico.[\/et_pb_text][\/et_pb_column][\/et_pb_row][\/et_pb_section][et_pb_section fb_built=\u00bb1&#8243; disabled_on=\u00bboff|off|off\u00bb admin_label=\u00bbFollow Along\u00bb _builder_version=\u00bb4.21.0&#8243; _module_preset=\u00bbdefault\u00bb use_background_color_gradient=\u00bbon\u00bb background_color_gradient_stops=\u00bb#ffffff 30%|rgba(255,255,255,0) 80%\u00bb background_color_gradient_overlays_image=\u00bbon\u00bb background_color_gradient_start=\u00bb#ffffff\u00bb background_color_gradient_end=\u00bbrgba(255,255,255,0)\u00bb background_color_gradient_end_position=\u00bb52%\u00bb background_image=\u00bbhttps:\/\/www.hispanorama-tours.com\/wp-content\/uploads\/2023\/06\/surf-2.jpg\u00bb background_position=\u00bbbottom_center\u00bb custom_margin=\u00bb||||false|false\u00bb custom_padding=\u00bb5rem||4rem||false|false\u00bb background_last_edited=\u00bbon|phone\u00bb background_position_phone=\u00bbbottom_right\u00bb background_horizontal_offset_phone=\u00bb16%\u00bb saved_tabs=\u00bball\u00bb global_colors_info=\u00bb{}\u00bb][et_pb_row _builder_version=\u00bb4.21.0&#8243; _module_preset=\u00bbdefault\u00bb custom_margin=\u00bb|||||false\u00bb custom_padding=\u00bb||10rem||false|true\u00bb global_colors_info=\u00bb{}\u00bb][et_pb_column type=\u00bb4_4&#8243; _builder_version=\u00bb4.21.0&#8243; _module_preset=\u00bbdefault\u00bb global_colors_info=\u00bb{}\u00bb][et_pb_text _builder_version=\u00bb4.21.0&#8243; _module_preset=\u00bbdefault\u00bb text_font=\u00bb||||||||\u00bb link_font=\u00bb||||||||\u00bb ul_font=\u00bb||||||||\u00bb ol_font=\u00bb||||||||\u00bb quote_font=\u00bb||||||||\u00bb header_font=\u00bb||||||||\u00bb header_text_align=\u00bbcenter\u00bb header_2_font=\u00bb|700|||||||\u00bb header_2_text_align=\u00bbcenter\u00bb header_2_font_size=\u00bb36px\u00bb header_2_line_height=\u00bb1.5em\u00bb header_3_font=\u00bb||||||||\u00bb text_orientation=\u00bbcenter\u00bb module_alignment=\u00bbcenter\u00bb header_2_font_size_tablet=\u00bb34px\u00bb header_2_font_size_phone=\u00bb30px\u00bb header_2_font_size_last_edited=\u00bbon|phone\u00bb global_colors_info=\u00bb{}\u00bb]<\/p>\n<h2>\u00bfQuiere saber m\u00e1s sobre Espa\u00f1a?<\/h2>\n<p>Entonces suscr\u00edbete a nuestro bolet\u00edn; \u00a1te mantendremos al d\u00eda con la informaci\u00f3n m\u00e1s reciente de Espa\u00f1a![\/et_pb_text][et_pb_button button_url=\u00bb@ET-DC@eyJkeW5hbWljIjp0cnVlLCJjb250ZW50IjoicG9zdF9saW5rX3VybF9wYWdlIiwic2V0dGluZ3MiOnsicG9zdF9pZCI6IjIyMzU5In19@\u00bb button_text=\u00bbSaber m\u00e1s\u00bb button_alignment=\u00bbcenter\u00bb _builder_version=\u00bb4.24.0&#8243; _dynamic_attributes=\u00bbbutton_url\u00bb _module_preset=\u00bbdefault\u00bb custom_margin=\u00bb2rem||2rem||true|false\u00bb hover_enabled=\u00bb0&#8243; global_colors_info=\u00bb{}\u00bb sticky_enabled=\u00bb0&#8243; global_module=\u00bb252078&#8243; saved_tabs=\u00bball\u00bb locked=\u00bboff\u00bb][\/et_pb_button][\/et_pb_column][\/et_pb_row][et_pb_row column_structure=\u00bb1_4,1_2,1_4&#8243; module_class=\u00bb et_pb_row_fullwidth\u00bb _builder_version=\u00bb4.16&#8243; _module_preset=\u00bbdefault\u00bb width=\u00bb94%\u00bb width_tablet=\u00bb80%\u00bb width_phone=\u00bb80%\u00bb width_last_edited=\u00bbon|desktop\u00bb max_width=\u00bb94%\u00bb max_width_tablet=\u00bb80%\u00bb max_width_phone=\u00bb80%\u00bb max_width_last_edited=\u00bbon|desktop\u00bb custom_margin=\u00bb0px|||\u00bb custom_padding=\u00bb|||\u00bb make_fullwidth=\u00bbon\u00bb global_colors_info=\u00bb{}\u00bb][et_pb_column type=\u00bb1_4&#8243; _builder_version=\u00bb4.16&#8243; _module_preset=\u00bbdefault\u00bb custom_padding=\u00bb|||\u00bb global_colors_info=\u00bb{}\u00bb custom_padding__hover=\u00bb|||\u00bb][\/et_pb_column][et_pb_column type=\u00bb1_2&#8243; _builder_version=\u00bb4.16&#8243; _module_preset=\u00bbdefault\u00bb custom_padding=\u00bb|||\u00bb global_colors_info=\u00bb{}\u00bb custom_padding__hover=\u00bb|||\u00bb][et_pb_social_media_follow _builder_version=\u00bb4.21.0&#8243; _module_preset=\u00bbdefault\u00bb text_orientation=\u00bbcenter\u00bb background_layout=\u00bbdark\u00bb module_alignment=\u00bbright\u00bb custom_margin=\u00bb|||\u00bb animation_style=\u00bbslide\u00bb animation_direction=\u00bbtop\u00bb border_radii=\u00bbon|100%|100%|100%|100%\u00bb global_colors_info=\u00bb{}\u00bb][et_pb_social_media_follow_network social_network=\u00bbfacebook\u00bb url=\u00bbhttps:\/\/www.facebook.com\/HispanoramaTours\/?ref=hl\u00bb _builder_version=\u00bb4.21.0&#8243; _module_preset=\u00bbdefault\u00bb background_color=\u00bbrgba(0,0,0,0.1)\u00bb custom_margin=\u00bb|10px||10px||true\u00bb custom_padding=\u00bb10px|10px|10px|10px|true|true\u00bb global_colors_info=\u00bb{}\u00bb follow_button=\u00bboff\u00bb url_new_window=\u00bbon\u00bb]facebook[\/et_pb_social_media_follow_network][et_pb_social_media_follow_network social_network=\u00bbtwitter\u00bb url=\u00bbhttps:\/\/twitter.com\/HispanoramaMAD\u00bb _builder_version=\u00bb4.21.0&#8243; _module_preset=\u00bbdefault\u00bb background_color=\u00bbrgba(0,0,0,0.1)\u00bb custom_margin=\u00bb|10px||10px||true\u00bb custom_padding=\u00bb10px|10px|10px|10px|true|true\u00bb global_colors_info=\u00bb{}\u00bb follow_button=\u00bboff\u00bb url_new_window=\u00bbon\u00bb]twitter[\/et_pb_social_media_follow_network][et_pb_social_media_follow_network social_network=\u00bbinstagram\u00bb url=\u00bbhttps:\/\/www.linkedin.com\/company\/hispanorama-tours-&#038;-incentives\/\u00bb _builder_version=\u00bb4.21.0&#8243; _module_preset=\u00bbdefault\u00bb background_color=\u00bbrgba(0,0,0,0.1)\u00bb custom_margin=\u00bb|10px||10px||true\u00bb custom_padding=\u00bb10px|10px|10px|10px|true|true\u00bb global_colors_info=\u00bb{}\u00bb follow_button=\u00bboff\u00bb url_new_window=\u00bbon\u00bb]instagram[\/et_pb_social_media_follow_network][\/et_pb_social_media_follow][\/et_pb_column][et_pb_column type=\u00bb1_4&#8243; _builder_version=\u00bb4.16&#8243; _module_preset=\u00bbdefault\u00bb custom_padding=\u00bb|||\u00bb global_colors_info=\u00bb{}\u00bb custom_padding__hover=\u00bb|||\u00bb][\/et_pb_column][\/et_pb_row][\/et_pb_section]<\/p>\n","protected":false},"excerpt":{"rendered":"<p>Eventos de empresas en Espa\u00f1a\u00bfEst\u00e1n planificando un evento en Espa\u00f1a que sea inolvidable para todos los participantes? \u00a1En este caso Hispanorama tours &amp; incentives ser\u00e1 su aliado perfecto! Nuestro equipo de gestores de eventos creativos les ayudar\u00e1 en la planificaci\u00f3n y elaboraci\u00f3n del concepto, programa y realizaci\u00f3n de su evento, para lo que tendr\u00e1 en [&hellip;]<\/p>\n","protected":false},"author":5,"featured_media":0,"parent":249905,"menu_order":0,"comment_status":"closed","ping_status":"closed","template":"","meta":{"_et_pb_use_builder":"on","_et_pb_old_content":"","_et_gb_content_width":"","inline_featured_image":false,"footnotes":""},"class_list":["post-250262","page","type-page","status-publish","hentry"],"yoast_head":"<!-- This site is optimized with the Yoast SEO plugin v26.9 - https:\/\/yoast.com\/product\/yoast-seo-wordpress\/ -->\n<title>Viajes de incentivo en Espa\u00f1a - DMC en Espa\u00f1a -<\/title>\n<meta name=\"description\" content=\"\u00bfEst\u00e1n planificando un evento en Espa\u00f1a que sea inolvidable para todos los participantes?\u00a1En este caso Hispanorama tours &amp; incentives ser\u00e1 su aliado perfecto!\" \/>\n<meta name=\"robots\" content=\"index, follow, max-snippet:-1, max-image-preview:large, max-video-preview:-1\" \/>\n<link rel=\"canonical\" href=\"https:\/\/www.hispanorama-tours.com\/es\/viajes-de-incentivo-en-espana\/eventos-de-empresa\/\" \/>\n<meta property=\"og:locale\" content=\"es_ES\" \/>\n<meta property=\"og:type\" content=\"article\" \/>\n<meta property=\"og:title\" content=\"Viajes de incentivo en Espa\u00f1a - DMC en Espa\u00f1a -\" \/>\n<meta property=\"og:description\" content=\"\u00bfEst\u00e1n planificando un evento en Espa\u00f1a que sea inolvidable para todos los participantes?\u00a1En este caso Hispanorama tours &amp; incentives ser\u00e1 su aliado perfecto!\" \/>\n<meta property=\"og:url\" content=\"https:\/\/www.hispanorama-tours.com\/es\/viajes-de-incentivo-en-espana\/eventos-de-empresa\/\" \/>\n<meta property=\"og:site_name\" content=\"DMC Spanien - Destination Management Company (DMC) in Spanien\" \/>\n<meta property=\"article:publisher\" content=\"https:\/\/www.facebook.com\/HispanoramaTours\/\" \/>\n<meta property=\"article:modified_time\" content=\"2024-02-08T18:02:46+00:00\" \/>\n<meta name=\"twitter:card\" content=\"summary_large_image\" \/>\n<meta name=\"twitter:site\" content=\"@HispanoramaMAD\" \/>\n<meta name=\"twitter:label1\" content=\"Tiempo de lectura\" \/>\n\t<meta name=\"twitter:data1\" content=\"3 minutos\" \/>\n<script type=\"application\/ld+json\" class=\"yoast-schema-graph\">{\"@context\":\"https:\/\/schema.org\",\"@graph\":[{\"@type\":\"WebPage\",\"@id\":\"https:\/\/www.hispanorama-tours.com\/es\/viajes-de-incentivo-en-espana\/eventos-de-empresa\/\",\"url\":\"https:\/\/www.hispanorama-tours.com\/es\/viajes-de-incentivo-en-espana\/eventos-de-empresa\/\",\"name\":\"Viajes de incentivo en Espa\u00f1a - DMC en Espa\u00f1a -\",\"isPartOf\":{\"@id\":\"https:\/\/www.hispanorama-tours.com\/es\/#website\"},\"datePublished\":\"2023-07-06T05:44:08+00:00\",\"dateModified\":\"2024-02-08T18:02:46+00:00\",\"description\":\"\u00bfEst\u00e1n planificando un evento en Espa\u00f1a que sea inolvidable para todos los participantes?\u00a1En este caso Hispanorama tours & incentives ser\u00e1 su aliado perfecto!\",\"breadcrumb\":{\"@id\":\"https:\/\/www.hispanorama-tours.com\/es\/viajes-de-incentivo-en-espana\/eventos-de-empresa\/#breadcrumb\"},\"inLanguage\":\"es\",\"potentialAction\":[{\"@type\":\"ReadAction\",\"target\":[\"https:\/\/www.hispanorama-tours.com\/es\/viajes-de-incentivo-en-espana\/eventos-de-empresa\/\"]}]},{\"@type\":\"BreadcrumbList\",\"@id\":\"https:\/\/www.hispanorama-tours.com\/es\/viajes-de-incentivo-en-espana\/eventos-de-empresa\/#breadcrumb\",\"itemListElement\":[{\"@type\":\"ListItem\",\"position\":1,\"name\":\"Home\",\"item\":\"https:\/\/www.hispanorama-tours.com\/es\/\"},{\"@type\":\"ListItem\",\"position\":2,\"name\":\"Viajes de incentivo en Espa\u00f1a\",\"item\":\"https:\/\/www.hispanorama-tours.com\/es\/viajes-de-incentivo-en-espana\/\"},{\"@type\":\"ListItem\",\"position\":3,\"name\":\"Eventos de empresas en Espa\u00f1a\"}]},{\"@type\":\"WebSite\",\"@id\":\"https:\/\/www.hispanorama-tours.com\/es\/#website\",\"url\":\"https:\/\/www.hispanorama-tours.com\/es\/\",\"name\":\"DMC Spanien - Destination Management Company (DMC) in Spanien\",\"description\":\"Destination Management Company (DMC) in Spanien\",\"publisher\":{\"@id\":\"https:\/\/www.hispanorama-tours.com\/es\/#organization\"},\"potentialAction\":[{\"@type\":\"SearchAction\",\"target\":{\"@type\":\"EntryPoint\",\"urlTemplate\":\"https:\/\/www.hispanorama-tours.com\/es\/?s={search_term_string}\"},\"query-input\":{\"@type\":\"PropertyValueSpecification\",\"valueRequired\":true,\"valueName\":\"search_term_string\"}}],\"inLanguage\":\"es\"},{\"@type\":\"Organization\",\"@id\":\"https:\/\/www.hispanorama-tours.com\/es\/#organization\",\"name\":\"DMC for Spain Hispanorama tours & incentives\",\"url\":\"https:\/\/www.hispanorama-tours.com\/es\/\",\"logo\":{\"@type\":\"ImageObject\",\"inLanguage\":\"es\",\"@id\":\"https:\/\/www.hispanorama-tours.com\/es\/#\/schema\/logo\/image\/\",\"url\":\"https:\/\/www.hispanorama-tours.com\/wp-content\/uploads\/2018\/06\/logo_hispanorama_tours_and_incentives3-1.png\",\"contentUrl\":\"https:\/\/www.hispanorama-tours.com\/wp-content\/uploads\/2018\/06\/logo_hispanorama_tours_and_incentives3-1.png\",\"width\":185,\"height\":120,\"caption\":\"DMC for Spain Hispanorama tours & incentives\"},\"image\":{\"@id\":\"https:\/\/www.hispanorama-tours.com\/es\/#\/schema\/logo\/image\/\"},\"sameAs\":[\"https:\/\/www.facebook.com\/HispanoramaTours\/\",\"https:\/\/x.com\/HispanoramaMAD\",\"https:\/\/www.linkedin.com\/company\/hispanorama-tours-&amp;-incentives\/\"]}]}<\/script>\n<!-- \/ Yoast SEO plugin. -->","yoast_head_json":{"title":"Viajes de incentivo en Espa\u00f1a - DMC en Espa\u00f1a -","description":"\u00bfEst\u00e1n planificando un evento en Espa\u00f1a que sea inolvidable para todos los participantes?\u00a1En este caso Hispanorama tours & incentives ser\u00e1 su aliado perfecto!","robots":{"index":"index","follow":"follow","max-snippet":"max-snippet:-1","max-image-preview":"max-image-preview:large","max-video-preview":"max-video-preview:-1"},"canonical":"https:\/\/www.hispanorama-tours.com\/es\/viajes-de-incentivo-en-espana\/eventos-de-empresa\/","og_locale":"es_ES","og_type":"article","og_title":"Viajes de incentivo en Espa\u00f1a - DMC en Espa\u00f1a -","og_description":"\u00bfEst\u00e1n planificando un evento en Espa\u00f1a que sea inolvidable para todos los participantes?\u00a1En este caso Hispanorama tours & incentives ser\u00e1 su aliado perfecto!","og_url":"https:\/\/www.hispanorama-tours.com\/es\/viajes-de-incentivo-en-espana\/eventos-de-empresa\/","og_site_name":"DMC Spanien - Destination Management Company (DMC) in Spanien","article_publisher":"https:\/\/www.facebook.com\/HispanoramaTours\/","article_modified_time":"2024-02-08T18:02:46+00:00","twitter_card":"summary_large_image","twitter_site":"@HispanoramaMAD","twitter_misc":{"Tiempo de lectura":"3 minutos"},"schema":{"@context":"https:\/\/schema.org","@graph":[{"@type":"WebPage","@id":"https:\/\/www.hispanorama-tours.com\/es\/viajes-de-incentivo-en-espana\/eventos-de-empresa\/","url":"https:\/\/www.hispanorama-tours.com\/es\/viajes-de-incentivo-en-espana\/eventos-de-empresa\/","name":"Viajes de incentivo en Espa\u00f1a - DMC en Espa\u00f1a -","isPartOf":{"@id":"https:\/\/www.hispanorama-tours.com\/es\/#website"},"datePublished":"2023-07-06T05:44:08+00:00","dateModified":"2024-02-08T18:02:46+00:00","description":"\u00bfEst\u00e1n planificando un evento en Espa\u00f1a que sea inolvidable para todos los participantes?\u00a1En este caso Hispanorama tours & incentives ser\u00e1 su aliado perfecto!","breadcrumb":{"@id":"https:\/\/www.hispanorama-tours.com\/es\/viajes-de-incentivo-en-espana\/eventos-de-empresa\/#breadcrumb"},"inLanguage":"es","potentialAction":[{"@type":"ReadAction","target":["https:\/\/www.hispanorama-tours.com\/es\/viajes-de-incentivo-en-espana\/eventos-de-empresa\/"]}]},{"@type":"BreadcrumbList","@id":"https:\/\/www.hispanorama-tours.com\/es\/viajes-de-incentivo-en-espana\/eventos-de-empresa\/#breadcrumb","itemListElement":[{"@type":"ListItem","position":1,"name":"Home","item":"https:\/\/www.hispanorama-tours.com\/es\/"},{"@type":"ListItem","position":2,"name":"Viajes de incentivo en Espa\u00f1a","item":"https:\/\/www.hispanorama-tours.com\/es\/viajes-de-incentivo-en-espana\/"},{"@type":"ListItem","position":3,"name":"Eventos de empresas en Espa\u00f1a"}]},{"@type":"WebSite","@id":"https:\/\/www.hispanorama-tours.com\/es\/#website","url":"https:\/\/www.hispanorama-tours.com\/es\/","name":"DMC Spanien - Destination Management Company (DMC) in Spanien","description":"Destination Management Company (DMC) in Spanien","publisher":{"@id":"https:\/\/www.hispanorama-tours.com\/es\/#organization"},"potentialAction":[{"@type":"SearchAction","target":{"@type":"EntryPoint","urlTemplate":"https:\/\/www.hispanorama-tours.com\/es\/?s={search_term_string}"},"query-input":{"@type":"PropertyValueSpecification","valueRequired":true,"valueName":"search_term_string"}}],"inLanguage":"es"},{"@type":"Organization","@id":"https:\/\/www.hispanorama-tours.com\/es\/#organization","name":"DMC for Spain Hispanorama tours & incentives","url":"https:\/\/www.hispanorama-tours.com\/es\/","logo":{"@type":"ImageObject","inLanguage":"es","@id":"https:\/\/www.hispanorama-tours.com\/es\/#\/schema\/logo\/image\/","url":"https:\/\/www.hispanorama-tours.com\/wp-content\/uploads\/2018\/06\/logo_hispanorama_tours_and_incentives3-1.png","contentUrl":"https:\/\/www.hispanorama-tours.com\/wp-content\/uploads\/2018\/06\/logo_hispanorama_tours_and_incentives3-1.png","width":185,"height":120,"caption":"DMC for Spain Hispanorama tours & incentives"},"image":{"@id":"https:\/\/www.hispanorama-tours.com\/es\/#\/schema\/logo\/image\/"},"sameAs":["https:\/\/www.facebook.com\/HispanoramaTours\/","https:\/\/x.com\/HispanoramaMAD","https:\/\/www.linkedin.com\/company\/hispanorama-tours-&amp;-incentives\/"]}]}},"_links":{"self":[{"href":"https:\/\/www.hispanorama-tours.com\/es\/wp-json\/wp\/v2\/pages\/250262","targetHints":{"allow":["GET"]}}],"collection":[{"href":"https:\/\/www.hispanorama-tours.com\/es\/wp-json\/wp\/v2\/pages"}],"about":[{"href":"https:\/\/www.hispanorama-tours.com\/es\/wp-json\/wp\/v2\/types\/page"}],"author":[{"embeddable":true,"href":"https:\/\/www.hispanorama-tours.com\/es\/wp-json\/wp\/v2\/users\/5"}],"replies":[{"embeddable":true,"href":"https:\/\/www.hispanorama-tours.com\/es\/wp-json\/wp\/v2\/comments?post=250262"}],"version-history":[{"count":7,"href":"https:\/\/www.hispanorama-tours.com\/es\/wp-json\/wp\/v2\/pages\/250262\/revisions"}],"predecessor-version":[{"id":252083,"href":"https:\/\/www.hispanorama-tours.com\/es\/wp-json\/wp\/v2\/pages\/250262\/revisions\/252083"}],"up":[{"embeddable":true,"href":"https:\/\/www.hispanorama-tours.com\/es\/wp-json\/wp\/v2\/pages\/249905"}],"wp:attachment":[{"href":"https:\/\/www.hispanorama-tours.com\/es\/wp-json\/wp\/v2\/media?parent=250262"}],"curies":[{"name":"wp","href":"https:\/\/api.w.org\/{rel}","templated":true}]}}