
{"id":249551,"date":"2023-07-05T12:27:57","date_gmt":"2023-07-05T10:27:57","guid":{"rendered":"https:\/\/www.hispanorama-tours.com\/gruppenreise-spanien\/"},"modified":"2024-02-08T15:21:00","modified_gmt":"2024-02-08T14:21:00","slug":"viajes-en-grupo-en-espana","status":"publish","type":"page","link":"https:\/\/www.hispanorama-tours.com\/es\/viajes-en-grupo-en-espana\/","title":{"rendered":"Viajes en grupo en Espa\u00f1a"},"content":{"rendered":"<p>[et_pb_section fb_built=\u00bb1&#8243; _builder_version=\u00bb4.21.0&#8243; _module_preset=\u00bbdefault\u00bb custom_padding=\u00bb4rem||||false|false\u00bb global_colors_info=\u00bb{}\u00bb][et_pb_row _builder_version=\u00bb4.21.0&#8243; _module_preset=\u00bbdefault\u00bb background_size=\u00bbinitial\u00bb background_position=\u00bbtop_left\u00bb background_repeat=\u00bbrepeat\u00bb custom_padding=\u00bb0px||0px||false|false\u00bb global_colors_info=\u00bb{}\u00bb][et_pb_column type=\u00bb4_4&#8243; _builder_version=\u00bb4.21.0&#8243; _module_preset=\u00bbdefault\u00bb custom_padding=\u00bb|||\u00bb global_colors_info=\u00bb{}\u00bb custom_padding__hover=\u00bb|||\u00bb][et_pb_post_title meta=\u00bboff\u00bb featured_image=\u00bboff\u00bb _builder_version=\u00bb4.21.0&#8243; _module_preset=\u00bbdefault\u00bb title_level=\u00bbh2&#8243; title_font=\u00bb|700|||||||\u00bb title_font_size=\u00bb36px\u00bb title_line_height=\u00bb2.2rem\u00bb title_font_size_tablet=\u00bb34px\u00bb title_font_size_phone=\u00bb30px\u00bb title_font_size_last_edited=\u00bbon|phone\u00bb global_colors_info=\u00bb{}\u00bb][\/et_pb_post_title][et_pb_text _builder_version=\u00bb4.21.0&#8243; _module_preset=\u00bbdefault\u00bb header_3_text_color=\u00bb#d20a11&#8243; custom_margin=\u00bb||0px||false|false\u00bb custom_margin_tablet=\u00bb||0.5rem||false|false\u00bb custom_margin_phone=\u00bb||0.2rem||false|false\u00bb custom_margin_last_edited=\u00bbon|phone\u00bb header_3_font_size_tablet=\u00bb20px\u00bb header_3_font_size_phone=\u00bb18px\u00bb header_3_font_size_last_edited=\u00bbon|phone\u00bb global_colors_info=\u00bb{}\u00bb]<\/p>\n<h3>Hispanorama tours &#038; incentives es una agencia DMC especialista en viajes en grupo a Espa\u00f1a.<\/h3>\n<p>[\/et_pb_text][\/et_pb_column][\/et_pb_row][et_pb_row column_structure=\u00bb1_2,1_2&#8243; _builder_version=\u00bb4.21.0&#8243; _module_preset=\u00bbdefault\u00bb background_size=\u00bbinitial\u00bb background_position=\u00bbtop_left\u00bb background_repeat=\u00bbrepeat\u00bb custom_margin=\u00bb||||false|false\u00bb custom_padding=\u00bb||0px||false|false\u00bb global_colors_info=\u00bb{}\u00bb][et_pb_column type=\u00bb1_2&#8243; _builder_version=\u00bb4.21.0&#8243; _module_preset=\u00bbdefault\u00bb custom_padding=\u00bb|||\u00bb global_colors_info=\u00bb{}\u00bb custom_padding__hover=\u00bb|||\u00bb][et_pb_text _builder_version=\u00bb4.21.0&#8243; _module_preset=\u00bbdefault\u00bb background_size=\u00bbinitial\u00bb background_position=\u00bbtop_left\u00bb background_repeat=\u00bbrepeat\u00bb global_colors_info=\u00bb{}\u00bb]<\/p>\n<p>Tanto si los intereses de su grupo se centran en la historia, la gastronom\u00eda, el arte o la cultura, le ayudaremos a crear el itinerario perfecto que mejor se adapte a los intereses y necesidades de su viaje en grupo por la Pen\u00ednsula Ib\u00e9rica. Nuestra mayor preocupaci\u00f3n es crear programas a medida, porque cada grupo es \u00fanico para nosotros.<\/p>\n<p>[\/et_pb_text][\/et_pb_column][et_pb_column type=\u00bb1_2&#8243; _builder_version=\u00bb4.21.0&#8243; _module_preset=\u00bbdefault\u00bb custom_padding=\u00bb|||\u00bb global_colors_info=\u00bb{}\u00bb custom_padding__hover=\u00bb|||\u00bb][et_pb_text _builder_version=\u00bb4.21.0&#8243; _module_preset=\u00bbdefault\u00bb background_size=\u00bbinitial\u00bb background_position=\u00bbtop_left\u00bb background_repeat=\u00bbrepeat\u00bb global_colors_info=\u00bb{}\u00bb]Nos avala la experiencia de muchos a\u00f1os en el sector para trabajar con grupos de todos los tama\u00f1os. Desde grupos VIP peque\u00f1os y exclusivos hasta grupos grandes de un m\u00e1ximo de 300 personas. \u00a1No nos importa el tama\u00f1o! La calidad es lo primero, por lo que solo trabajamos con proveedores que ofrecen un servicio de primera calidad. Garantizamos las mejores prestaciones a un precio justo.[\/et_pb_text][\/et_pb_column][\/et_pb_row][\/et_pb_section][et_pb_section fb_built=\u00bb1&#8243; _builder_version=\u00bb4.21.0&#8243; _module_preset=\u00bbdefault\u00bb custom_margin=\u00bb||||false|false\u00bb custom_padding=\u00bb||0px||false|false\u00bb global_colors_info=\u00bb{}\u00bb][et_pb_row _builder_version=\u00bb4.21.0&#8243; _module_preset=\u00bbdefault\u00bb background_color=\u00bb#000000&#8243; custom_padding=\u00bb0px||0px||true|false\u00bb global_colors_info=\u00bb{}\u00bb][et_pb_column type=\u00bb4_4&#8243; _builder_version=\u00bb4.21.0&#8243; _module_preset=\u00bbdefault\u00bb global_colors_info=\u00bb{}\u00bb][revslider_divi revslider_divi=\u00bb%91rev_slider alias=%22gruppenreisen%22 slidertitle=%22Gruppenreisen%22 layout=%22auto%22%93%91\/rev_slider%93&#8243; _builder_version=\u00bb4.21.0&#8243; _module_preset=\u00bbdefault\u00bb global_colors_info=\u00bb{}\u00bb][\/revslider_divi][\/et_pb_column][\/et_pb_row][\/et_pb_section][et_pb_section fb_built=\u00bb1&#8243; _builder_version=\u00bb4.21.0&#8243; _module_preset=\u00bbdefault\u00bb custom_padding=\u00bb||||false|false\u00bb global_colors_info=\u00bb{}\u00bb][et_pb_row column_structure=\u00bb1_2,1_2&#8243; _builder_version=\u00bb4.21.0&#8243; _module_preset=\u00bbdefault\u00bb background_size=\u00bbinitial\u00bb background_position=\u00bbtop_left\u00bb background_repeat=\u00bbrepeat\u00bb custom_padding=\u00bb0px||||false|false\u00bb global_colors_info=\u00bb{}\u00bb][et_pb_column type=\u00bb1_2&#8243; _builder_version=\u00bb4.21.0&#8243; _module_preset=\u00bbdefault\u00bb custom_padding=\u00bb|||\u00bb global_colors_info=\u00bb{}\u00bb custom_padding__hover=\u00bb|||\u00bb][et_pb_text _builder_version=\u00bb4.21.0&#8243; _module_preset=\u00bbdefault\u00bb background_size=\u00bbinitial\u00bb background_position=\u00bbtop_left\u00bb background_repeat=\u00bbrepeat\u00bb global_colors_info=\u00bb{}\u00bb]<\/p>\n<div>Deje que su grupo descubra lo mejor de Espa\u00f1a, como p.ej. la famosa Alhambra en Granada, la magn\u00edfica catedral de Sevilla, la mezquita musulmana y cristiana de C\u00f3rdoba, la tierra de los castillos en Castilla, la capital moderna y real de Espa\u00f1a, Madrid, la maravillosa costa mediterr\u00e1nea en el este de Espa\u00f1a, la Barcelona de Gaud\u00ed y la bella Espa\u00f1a verde del norte con la mejor comida del pa\u00eds. \u00a1Un <strong>viaje en grupo<\/strong> a esta <strong>Espa\u00f1a<\/strong> tan llena de vida ser\u00e1 una de las mejores experiencias para sus clientes!<\/div>\n<p>[\/et_pb_text][\/et_pb_column][et_pb_column type=\u00bb1_2&#8243; _builder_version=\u00bb4.21.0&#8243; _module_preset=\u00bbdefault\u00bb custom_padding=\u00bb|||\u00bb global_colors_info=\u00bb{}\u00bb custom_padding__hover=\u00bb|||\u00bb][et_pb_text _builder_version=\u00bb4.21.0&#8243; _module_preset=\u00bbdefault\u00bb background_size=\u00bbinitial\u00bb background_position=\u00bbtop_left\u00bb background_repeat=\u00bbrepeat\u00bb global_colors_info=\u00bb{}\u00bb]<\/p>\n<p>Pocos pa\u00edses ofrecen una variedad tan grande como Espa\u00f1a. Espa\u00f1a es una mezcla de historia, cultura, diversi\u00f3n, paisajes impresionantes con monta\u00f1as y playas, ciudades hist\u00f3ricas, una gastronom\u00eda exquisita y sana, el sol y un ambiente \u00fanico en las calles.<\/p>\n<p>[\/et_pb_text][\/et_pb_column][\/et_pb_row][\/et_pb_section][et_pb_section fb_built=\u00bb1&#8243; disabled_on=\u00bboff|off|off\u00bb admin_label=\u00bbFollow Along\u00bb _builder_version=\u00bb4.21.0&#8243; _module_preset=\u00bbdefault\u00bb use_background_color_gradient=\u00bbon\u00bb background_color_gradient_stops=\u00bb#ffffff 30%|rgba(255,255,255,0) 80%\u00bb background_color_gradient_overlays_image=\u00bbon\u00bb background_color_gradient_start=\u00bb#ffffff\u00bb background_color_gradient_end=\u00bbrgba(255,255,255,0)\u00bb background_color_gradient_end_position=\u00bb52%\u00bb background_image=\u00bbhttps:\/\/www.hispanorama-tours.com\/wp-content\/uploads\/2023\/06\/surf-2.jpg\u00bb background_position=\u00bbbottom_center\u00bb custom_margin=\u00bb||||false|false\u00bb custom_padding=\u00bb5rem||4rem||false|false\u00bb background_last_edited=\u00bbon|phone\u00bb background_position_phone=\u00bbbottom_right\u00bb background_horizontal_offset_phone=\u00bb16%\u00bb saved_tabs=\u00bball\u00bb global_colors_info=\u00bb{}\u00bb][et_pb_row _builder_version=\u00bb4.21.0&#8243; _module_preset=\u00bbdefault\u00bb custom_margin=\u00bb|||||false\u00bb custom_padding=\u00bb||10rem||false|true\u00bb global_colors_info=\u00bb{}\u00bb][et_pb_column type=\u00bb4_4&#8243; _builder_version=\u00bb4.21.0&#8243; _module_preset=\u00bbdefault\u00bb global_colors_info=\u00bb{}\u00bb][et_pb_text _builder_version=\u00bb4.21.0&#8243; _module_preset=\u00bbdefault\u00bb text_font=\u00bb||||||||\u00bb link_font=\u00bb||||||||\u00bb ul_font=\u00bb||||||||\u00bb ol_font=\u00bb||||||||\u00bb quote_font=\u00bb||||||||\u00bb header_font=\u00bb||||||||\u00bb header_text_align=\u00bbcenter\u00bb header_2_font=\u00bb|700|||||||\u00bb header_2_text_align=\u00bbcenter\u00bb header_2_font_size=\u00bb36px\u00bb header_2_line_height=\u00bb1.5em\u00bb header_3_font=\u00bb||||||||\u00bb text_orientation=\u00bbcenter\u00bb module_alignment=\u00bbcenter\u00bb header_2_font_size_tablet=\u00bb34px\u00bb header_2_font_size_phone=\u00bb30px\u00bb header_2_font_size_last_edited=\u00bbon|phone\u00bb global_colors_info=\u00bb{}\u00bb]<\/p>\n<h2>\u00bfQuiere saber m\u00e1s sobre Espa\u00f1a?<\/h2>\n<p>Entonces suscr\u00edbete a nuestro bolet\u00edn; \u00a1te mantendremos al d\u00eda con la informaci\u00f3n m\u00e1s reciente de Espa\u00f1a![\/et_pb_text][et_pb_button button_url=\u00bb@ET-DC@eyJkeW5hbWljIjp0cnVlLCJjb250ZW50IjoicG9zdF9saW5rX3VybF9wYWdlIiwic2V0dGluZ3MiOnsicG9zdF9pZCI6IjIyMzU5In19@\u00bb button_text=\u00bbSaber m\u00e1s\u00bb button_alignment=\u00bbcenter\u00bb _builder_version=\u00bb4.24.0&#8243; _dynamic_attributes=\u00bbbutton_url\u00bb _module_preset=\u00bbdefault\u00bb custom_margin=\u00bb2rem||2rem||true|false\u00bb hover_enabled=\u00bb0&#8243; global_colors_info=\u00bb{}\u00bb sticky_enabled=\u00bb0&#8243; global_module=\u00bb252078&#8243; saved_tabs=\u00bball\u00bb][\/et_pb_button][\/et_pb_column][\/et_pb_row][et_pb_row column_structure=\u00bb1_4,1_2,1_4&#8243; module_class=\u00bb et_pb_row_fullwidth\u00bb _builder_version=\u00bb4.16&#8243; width=\u00bb94%\u00bb width_tablet=\u00bb80%\u00bb width_phone=\u00bb80%\u00bb width_last_edited=\u00bbon|desktop\u00bb max_width=\u00bb94%\u00bb max_width_tablet=\u00bb80%\u00bb max_width_phone=\u00bb80%\u00bb max_width_last_edited=\u00bbon|desktop\u00bb custom_margin=\u00bb0px|||\u00bb custom_padding=\u00bb|||\u00bb make_fullwidth=\u00bbon\u00bb global_colors_info=\u00bb{}\u00bb][et_pb_column type=\u00bb1_4&#8243; _builder_version=\u00bb4.16&#8243; custom_padding=\u00bb|||\u00bb global_colors_info=\u00bb{}\u00bb custom_padding__hover=\u00bb|||\u00bb][\/et_pb_column][et_pb_column type=\u00bb1_2&#8243; _builder_version=\u00bb4.16&#8243; custom_padding=\u00bb|||\u00bb global_colors_info=\u00bb{}\u00bb custom_padding__hover=\u00bb|||\u00bb][et_pb_social_media_follow _builder_version=\u00bb4.21.0&#8243; text_orientation=\u00bbcenter\u00bb background_layout=\u00bbdark\u00bb module_alignment=\u00bbright\u00bb custom_margin=\u00bb|||\u00bb animation_style=\u00bbslide\u00bb animation_direction=\u00bbtop\u00bb border_radii=\u00bbon|100%|100%|100%|100%\u00bb global_colors_info=\u00bb{}\u00bb][et_pb_social_media_follow_network social_network=\u00bbfacebook\u00bb url=\u00bbhttps:\/\/www.facebook.com\/HispanoramaTours\/?ref=hl\u00bb _builder_version=\u00bb4.21.0&#8243; background_color=\u00bbrgba(0,0,0,0.1)\u00bb custom_margin=\u00bb|10px||10px||true\u00bb custom_padding=\u00bb10px|10px|10px|10px|true|true\u00bb global_colors_info=\u00bb{}\u00bb follow_button=\u00bboff\u00bb url_new_window=\u00bbon\u00bb]facebook[\/et_pb_social_media_follow_network][et_pb_social_media_follow_network social_network=\u00bbtwitter\u00bb url=\u00bbhttps:\/\/twitter.com\/HispanoramaMAD\u00bb _builder_version=\u00bb4.21.0&#8243; background_color=\u00bbrgba(0,0,0,0.1)\u00bb custom_margin=\u00bb|10px||10px||true\u00bb custom_padding=\u00bb10px|10px|10px|10px|true|true\u00bb global_colors_info=\u00bb{}\u00bb follow_button=\u00bboff\u00bb url_new_window=\u00bbon\u00bb]twitter[\/et_pb_social_media_follow_network][et_pb_social_media_follow_network social_network=\u00bbinstagram\u00bb url=\u00bbhttps:\/\/www.linkedin.com\/company\/hispanorama-tours-&#038;-incentives\/\u00bb _builder_version=\u00bb4.21.0&#8243; background_color=\u00bbrgba(0,0,0,0.1)\u00bb custom_margin=\u00bb|10px||10px||true\u00bb custom_padding=\u00bb10px|10px|10px|10px|true|true\u00bb global_colors_info=\u00bb{}\u00bb follow_button=\u00bboff\u00bb url_new_window=\u00bbon\u00bb]instagram[\/et_pb_social_media_follow_network][\/et_pb_social_media_follow][\/et_pb_column][et_pb_column type=\u00bb1_4&#8243; _builder_version=\u00bb4.16&#8243; custom_padding=\u00bb|||\u00bb global_colors_info=\u00bb{}\u00bb custom_padding__hover=\u00bb|||\u00bb][\/et_pb_column][\/et_pb_row][\/et_pb_section]<\/p>\n","protected":false},"excerpt":{"rendered":"<p>Hispanorama tours &#038; incentives es una agencia DMC especialista en viajes en grupo a Espa\u00f1a.Tanto si los intereses de su grupo se centran en la historia, la gastronom\u00eda, el arte o la cultura, le ayudaremos a crear el itinerario perfecto que mejor se adapte a los intereses y necesidades de su viaje en grupo por [&hellip;]<\/p>\n","protected":false},"author":5,"featured_media":0,"parent":0,"menu_order":0,"comment_status":"closed","ping_status":"closed","template":"","meta":{"_et_pb_use_builder":"on","_et_pb_old_content":"","_et_gb_content_width":"","inline_featured_image":false,"footnotes":""},"class_list":["post-249551","page","type-page","status-publish","hentry"],"yoast_head":"<!-- This site is optimized with the Yoast SEO plugin v26.9 - https:\/\/yoast.com\/product\/yoast-seo-wordpress\/ -->\n<title>Viajes en grupo en Espa\u00f1a<\/title>\n<meta name=\"description\" content=\"Deje que su grupo descubra lo mejor de Espa\u00f1a, como p.ej. la famosa Alhambra en Granada, la magn\u00edfica catedral de Sevilla, la mezquita musulmana y cristiana de C\u00f3rdoba, la tierra de los castillos en Castilla, la capital moderna y real de Espa\u00f1a, Madrid, la maravillosa costa mediterr\u00e1nea en el este de Espa\u00f1a, la Barcelona de Gaud\u00ed y la bella Espa\u00f1a verde del norte con la mejor comida del pa\u00eds.\" \/>\n<meta name=\"robots\" content=\"index, follow, max-snippet:-1, max-image-preview:large, max-video-preview:-1\" \/>\n<link rel=\"canonical\" href=\"https:\/\/www.hispanorama-tours.com\/es\/viajes-en-grupo-en-espana\/\" \/>\n<meta property=\"og:locale\" content=\"es_ES\" \/>\n<meta property=\"og:type\" content=\"article\" \/>\n<meta property=\"og:title\" content=\"Viajes en grupo en Espa\u00f1a\" \/>\n<meta property=\"og:description\" content=\"Deje que su grupo descubra lo mejor de Espa\u00f1a, como p.ej. la famosa Alhambra en Granada, la magn\u00edfica catedral de Sevilla, la mezquita musulmana y cristiana de C\u00f3rdoba, la tierra de los castillos en Castilla, la capital moderna y real de Espa\u00f1a, Madrid, la maravillosa costa mediterr\u00e1nea en el este de Espa\u00f1a, la Barcelona de Gaud\u00ed y la bella Espa\u00f1a verde del norte con la mejor comida del pa\u00eds.\" \/>\n<meta property=\"og:url\" content=\"https:\/\/www.hispanorama-tours.com\/es\/viajes-en-grupo-en-espana\/\" \/>\n<meta property=\"og:site_name\" content=\"DMC Spanien - Destination Management Company (DMC) in Spanien\" \/>\n<meta property=\"article:publisher\" content=\"https:\/\/www.facebook.com\/HispanoramaTours\/\" \/>\n<meta property=\"article:modified_time\" content=\"2024-02-08T14:21:00+00:00\" \/>\n<meta name=\"twitter:card\" content=\"summary_large_image\" \/>\n<meta name=\"twitter:site\" content=\"@HispanoramaMAD\" \/>\n<meta name=\"twitter:label1\" content=\"Tiempo de lectura\" \/>\n\t<meta name=\"twitter:data1\" content=\"3 minutos\" \/>\n<script type=\"application\/ld+json\" class=\"yoast-schema-graph\">{\"@context\":\"https:\/\/schema.org\",\"@graph\":[{\"@type\":\"WebPage\",\"@id\":\"https:\/\/www.hispanorama-tours.com\/es\/viajes-en-grupo-en-espana\/\",\"url\":\"https:\/\/www.hispanorama-tours.com\/es\/viajes-en-grupo-en-espana\/\",\"name\":\"Viajes en grupo en Espa\u00f1a\",\"isPartOf\":{\"@id\":\"https:\/\/www.hispanorama-tours.com\/es\/#website\"},\"datePublished\":\"2023-07-05T10:27:57+00:00\",\"dateModified\":\"2024-02-08T14:21:00+00:00\",\"description\":\"Deje que su grupo descubra lo mejor de Espa\u00f1a, como p.ej. la famosa Alhambra en Granada, la magn\u00edfica catedral de Sevilla, la mezquita musulmana y cristiana de C\u00f3rdoba, la tierra de los castillos en Castilla, la capital moderna y real de Espa\u00f1a, Madrid, la maravillosa costa mediterr\u00e1nea en el este de Espa\u00f1a, la Barcelona de Gaud\u00ed y la bella Espa\u00f1a verde del norte con la mejor comida del pa\u00eds.\",\"breadcrumb\":{\"@id\":\"https:\/\/www.hispanorama-tours.com\/es\/viajes-en-grupo-en-espana\/#breadcrumb\"},\"inLanguage\":\"es\",\"potentialAction\":[{\"@type\":\"ReadAction\",\"target\":[\"https:\/\/www.hispanorama-tours.com\/es\/viajes-en-grupo-en-espana\/\"]}]},{\"@type\":\"BreadcrumbList\",\"@id\":\"https:\/\/www.hispanorama-tours.com\/es\/viajes-en-grupo-en-espana\/#breadcrumb\",\"itemListElement\":[{\"@type\":\"ListItem\",\"position\":1,\"name\":\"Home\",\"item\":\"https:\/\/www.hispanorama-tours.com\/es\/\"},{\"@type\":\"ListItem\",\"position\":2,\"name\":\"Viajes en grupo en Espa\u00f1a\"}]},{\"@type\":\"WebSite\",\"@id\":\"https:\/\/www.hispanorama-tours.com\/es\/#website\",\"url\":\"https:\/\/www.hispanorama-tours.com\/es\/\",\"name\":\"DMC Spanien - Destination Management Company (DMC) in Spanien\",\"description\":\"Destination Management Company (DMC) in Spanien\",\"publisher\":{\"@id\":\"https:\/\/www.hispanorama-tours.com\/es\/#organization\"},\"potentialAction\":[{\"@type\":\"SearchAction\",\"target\":{\"@type\":\"EntryPoint\",\"urlTemplate\":\"https:\/\/www.hispanorama-tours.com\/es\/?s={search_term_string}\"},\"query-input\":{\"@type\":\"PropertyValueSpecification\",\"valueRequired\":true,\"valueName\":\"search_term_string\"}}],\"inLanguage\":\"es\"},{\"@type\":\"Organization\",\"@id\":\"https:\/\/www.hispanorama-tours.com\/es\/#organization\",\"name\":\"DMC for Spain Hispanorama tours & incentives\",\"url\":\"https:\/\/www.hispanorama-tours.com\/es\/\",\"logo\":{\"@type\":\"ImageObject\",\"inLanguage\":\"es\",\"@id\":\"https:\/\/www.hispanorama-tours.com\/es\/#\/schema\/logo\/image\/\",\"url\":\"https:\/\/www.hispanorama-tours.com\/wp-content\/uploads\/2018\/06\/logo_hispanorama_tours_and_incentives3-1.png\",\"contentUrl\":\"https:\/\/www.hispanorama-tours.com\/wp-content\/uploads\/2018\/06\/logo_hispanorama_tours_and_incentives3-1.png\",\"width\":185,\"height\":120,\"caption\":\"DMC for Spain Hispanorama tours & incentives\"},\"image\":{\"@id\":\"https:\/\/www.hispanorama-tours.com\/es\/#\/schema\/logo\/image\/\"},\"sameAs\":[\"https:\/\/www.facebook.com\/HispanoramaTours\/\",\"https:\/\/x.com\/HispanoramaMAD\",\"https:\/\/www.linkedin.com\/company\/hispanorama-tours-&amp;-incentives\/\"]}]}<\/script>\n<!-- \/ Yoast SEO plugin. -->","yoast_head_json":{"title":"Viajes en grupo en Espa\u00f1a","description":"Deje que su grupo descubra lo mejor de Espa\u00f1a, como p.ej. la famosa Alhambra en Granada, la magn\u00edfica catedral de Sevilla, la mezquita musulmana y cristiana de C\u00f3rdoba, la tierra de los castillos en Castilla, la capital moderna y real de Espa\u00f1a, Madrid, la maravillosa costa mediterr\u00e1nea en el este de Espa\u00f1a, la Barcelona de Gaud\u00ed y la bella Espa\u00f1a verde del norte con la mejor comida del pa\u00eds.","robots":{"index":"index","follow":"follow","max-snippet":"max-snippet:-1","max-image-preview":"max-image-preview:large","max-video-preview":"max-video-preview:-1"},"canonical":"https:\/\/www.hispanorama-tours.com\/es\/viajes-en-grupo-en-espana\/","og_locale":"es_ES","og_type":"article","og_title":"Viajes en grupo en Espa\u00f1a","og_description":"Deje que su grupo descubra lo mejor de Espa\u00f1a, como p.ej. la famosa Alhambra en Granada, la magn\u00edfica catedral de Sevilla, la mezquita musulmana y cristiana de C\u00f3rdoba, la tierra de los castillos en Castilla, la capital moderna y real de Espa\u00f1a, Madrid, la maravillosa costa mediterr\u00e1nea en el este de Espa\u00f1a, la Barcelona de Gaud\u00ed y la bella Espa\u00f1a verde del norte con la mejor comida del pa\u00eds.","og_url":"https:\/\/www.hispanorama-tours.com\/es\/viajes-en-grupo-en-espana\/","og_site_name":"DMC Spanien - Destination Management Company (DMC) in Spanien","article_publisher":"https:\/\/www.facebook.com\/HispanoramaTours\/","article_modified_time":"2024-02-08T14:21:00+00:00","twitter_card":"summary_large_image","twitter_site":"@HispanoramaMAD","twitter_misc":{"Tiempo de lectura":"3 minutos"},"schema":{"@context":"https:\/\/schema.org","@graph":[{"@type":"WebPage","@id":"https:\/\/www.hispanorama-tours.com\/es\/viajes-en-grupo-en-espana\/","url":"https:\/\/www.hispanorama-tours.com\/es\/viajes-en-grupo-en-espana\/","name":"Viajes en grupo en Espa\u00f1a","isPartOf":{"@id":"https:\/\/www.hispanorama-tours.com\/es\/#website"},"datePublished":"2023-07-05T10:27:57+00:00","dateModified":"2024-02-08T14:21:00+00:00","description":"Deje que su grupo descubra lo mejor de Espa\u00f1a, como p.ej. la famosa Alhambra en Granada, la magn\u00edfica catedral de Sevilla, la mezquita musulmana y cristiana de C\u00f3rdoba, la tierra de los castillos en Castilla, la capital moderna y real de Espa\u00f1a, Madrid, la maravillosa costa mediterr\u00e1nea en el este de Espa\u00f1a, la Barcelona de Gaud\u00ed y la bella Espa\u00f1a verde del norte con la mejor comida del pa\u00eds.","breadcrumb":{"@id":"https:\/\/www.hispanorama-tours.com\/es\/viajes-en-grupo-en-espana\/#breadcrumb"},"inLanguage":"es","potentialAction":[{"@type":"ReadAction","target":["https:\/\/www.hispanorama-tours.com\/es\/viajes-en-grupo-en-espana\/"]}]},{"@type":"BreadcrumbList","@id":"https:\/\/www.hispanorama-tours.com\/es\/viajes-en-grupo-en-espana\/#breadcrumb","itemListElement":[{"@type":"ListItem","position":1,"name":"Home","item":"https:\/\/www.hispanorama-tours.com\/es\/"},{"@type":"ListItem","position":2,"name":"Viajes en grupo en Espa\u00f1a"}]},{"@type":"WebSite","@id":"https:\/\/www.hispanorama-tours.com\/es\/#website","url":"https:\/\/www.hispanorama-tours.com\/es\/","name":"DMC Spanien - Destination Management Company (DMC) in Spanien","description":"Destination Management Company (DMC) in Spanien","publisher":{"@id":"https:\/\/www.hispanorama-tours.com\/es\/#organization"},"potentialAction":[{"@type":"SearchAction","target":{"@type":"EntryPoint","urlTemplate":"https:\/\/www.hispanorama-tours.com\/es\/?s={search_term_string}"},"query-input":{"@type":"PropertyValueSpecification","valueRequired":true,"valueName":"search_term_string"}}],"inLanguage":"es"},{"@type":"Organization","@id":"https:\/\/www.hispanorama-tours.com\/es\/#organization","name":"DMC for Spain Hispanorama tours & incentives","url":"https:\/\/www.hispanorama-tours.com\/es\/","logo":{"@type":"ImageObject","inLanguage":"es","@id":"https:\/\/www.hispanorama-tours.com\/es\/#\/schema\/logo\/image\/","url":"https:\/\/www.hispanorama-tours.com\/wp-content\/uploads\/2018\/06\/logo_hispanorama_tours_and_incentives3-1.png","contentUrl":"https:\/\/www.hispanorama-tours.com\/wp-content\/uploads\/2018\/06\/logo_hispanorama_tours_and_incentives3-1.png","width":185,"height":120,"caption":"DMC for Spain Hispanorama tours & incentives"},"image":{"@id":"https:\/\/www.hispanorama-tours.com\/es\/#\/schema\/logo\/image\/"},"sameAs":["https:\/\/www.facebook.com\/HispanoramaTours\/","https:\/\/x.com\/HispanoramaMAD","https:\/\/www.linkedin.com\/company\/hispanorama-tours-&amp;-incentives\/"]}]}},"_links":{"self":[{"href":"https:\/\/www.hispanorama-tours.com\/es\/wp-json\/wp\/v2\/pages\/249551","targetHints":{"allow":["GET"]}}],"collection":[{"href":"https:\/\/www.hispanorama-tours.com\/es\/wp-json\/wp\/v2\/pages"}],"about":[{"href":"https:\/\/www.hispanorama-tours.com\/es\/wp-json\/wp\/v2\/types\/page"}],"author":[{"embeddable":true,"href":"https:\/\/www.hispanorama-tours.com\/es\/wp-json\/wp\/v2\/users\/5"}],"replies":[{"embeddable":true,"href":"https:\/\/www.hispanorama-tours.com\/es\/wp-json\/wp\/v2\/comments?post=249551"}],"version-history":[{"count":5,"href":"https:\/\/www.hispanorama-tours.com\/es\/wp-json\/wp\/v2\/pages\/249551\/revisions"}],"predecessor-version":[{"id":252079,"href":"https:\/\/www.hispanorama-tours.com\/es\/wp-json\/wp\/v2\/pages\/249551\/revisions\/252079"}],"wp:attachment":[{"href":"https:\/\/www.hispanorama-tours.com\/es\/wp-json\/wp\/v2\/media?parent=249551"}],"curies":[{"name":"wp","href":"https:\/\/api.w.org\/{rel}","templated":true}]}}