
{"id":22359,"date":"2015-01-16T12:26:56","date_gmt":"2015-01-16T12:26:56","guid":{"rendered":"https:\/\/www.hispanorama-tours.com\/dmc-spanien-kontakt\/"},"modified":"2025-11-05T09:44:49","modified_gmt":"2025-11-05T08:44:49","slug":"dmc-spanien-contacto","status":"publish","type":"page","link":"https:\/\/www.hispanorama-tours.com\/es\/dmc-spanien-contacto\/","title":{"rendered":"Contacto"},"content":{"rendered":"<p>[et_pb_section fb_built=\u00bb1&#8243; admin_label=\u00bbsection\u00bb _builder_version=\u00bb4.21.0&#8243; _module_preset=\u00bbdefault\u00bb custom_margin=\u00bb||10rem||false|false\u00bb custom_padding=\u00bb0px||||false|false\u00bb global_colors_info=\u00bb{}\u00bb][et_pb_row column_structure=\u00bb2_5,3_5&#8243; _builder_version=\u00bb4.21.0&#8243; _module_preset=\u00bbdefault\u00bb custom_margin=\u00bb|||||false\u00bb custom_padding=\u00bb||||false|true\u00bb global_colors_info=\u00bb{}\u00bb][et_pb_column type=\u00bb2_5&#8243; _builder_version=\u00bb4.21.0&#8243; _module_preset=\u00bbdefault\u00bb global_colors_info=\u00bb{}\u00bb][et_pb_text _builder_version=\u00bb4.21.0&#8243; _module_preset=\u00bbdefault\u00bb text_font=\u00bb||||||||\u00bb link_font=\u00bb||||||||\u00bb ul_font=\u00bb||||||||\u00bb ol_font=\u00bb||||||||\u00bb quote_font=\u00bb||||||||\u00bb header_font=\u00bb||||||||\u00bb header_text_align=\u00bbcenter\u00bb header_2_font=\u00bb|700|||||||\u00bb header_2_font_size=\u00bb36px\u00bb header_2_line_height=\u00bb1.5em\u00bb header_3_font=\u00bb||||||||\u00bb max_width=\u00bb800px\u00bb module_alignment=\u00bbcenter\u00bb header_2_font_size_tablet=\u00bb34px\u00bb header_2_font_size_phone=\u00bb30px\u00bb header_2_font_size_last_edited=\u00bbon|phone\u00bb global_colors_info=\u00bb{}\u00bb]<\/p>\n<h2>Contacto Hispanorama<\/h2>\n<p>[\/et_pb_text][\/et_pb_column][et_pb_column type=\u00bb3_5&#8243; _builder_version=\u00bb4.21.0&#8243; _module_preset=\u00bbdefault\u00bb global_colors_info=\u00bb{}\u00bb][\/et_pb_column][\/et_pb_row][et_pb_row admin_label=\u00bbrow\u00bb _builder_version=\u00bb4.21.0&#8243; _module_preset=\u00bbdefault\u00bb background_size=\u00bbinitial\u00bb background_position=\u00bbtop_left\u00bb background_repeat=\u00bbrepeat\u00bb custom_padding=\u00bb0px||4rem||false|false\u00bb global_colors_info=\u00bb{}\u00bb][et_pb_column type=\u00bb4_4&#8243; _builder_version=\u00bb4.16&#8243; _module_preset=\u00bbdefault\u00bb custom_padding=\u00bb|||\u00bb global_colors_info=\u00bb{}\u00bb custom_padding__hover=\u00bb|||\u00bb][et_pb_text admin_label=\u00bbText\u00bb _builder_version=\u00bb4.27.4&#8243; _module_preset=\u00bbdefault\u00bb background_size=\u00bbinitial\u00bb background_position=\u00bbtop_left\u00bb background_repeat=\u00bbrepeat\u00bb hover_enabled=\u00bb0&#8243; global_colors_info=\u00bb{}\u00bb sticky_enabled=\u00bb0&#8243;]<iframe src=\"https:\/\/www.google.com\/maps\/embed?pb=!1m18!1m12!1m3!1d3037.0032483511163!2d-3.712491387218421!3d40.4309269713181!2m3!1f0!2f0!3f0!3m2!1i1024!2i768!4f13.1!3m3!1m2!1s0xd42286704d0c67b%3A0xe4a599c62036ae57!2sC%2F%20de%20Emilio%20Carrere%2C%207%2C%20bajo%20A%2C%20Chamber%C3%AD%2C%2028015%20Madrid!5e0!3m2!1ses!2ses!4v1762331910107!5m2!1ses!2ses\" width=\"100%\" height=\"350\" style=\"border:0;\" allowfullscreen=\"\" loading=\"lazy\" referrerpolicy=\"no-referrer-when-downgrade\"><\/iframe>[\/et_pb_text][\/et_pb_column][\/et_pb_row][et_pb_row column_structure=\u00bb1_2,1_2&#8243; admin_label=\u00bbrow\u00bb module_id=\u00bbcont-kontakt\u00bb _builder_version=\u00bb4.21.0&#8243; _module_preset=\u00bbdefault\u00bb background_image=\u00bbhttps:\/\/www.hispanorama-tours.com\/wp-content\/uploads\/2023\/06\/logo_hispanorama_tours_and_incentives_marca.jpg\u00bb background_size=\u00bbinitial\u00bb background_position=\u00bbbottom_right\u00bb custom_padding=\u00bb0px||||false|false\u00bb background_last_edited=\u00bbon|desktop\u00bb background_size_tablet=\u00bbcontain\u00bb global_colors_info=\u00bb{}\u00bb][et_pb_column type=\u00bb1_2&#8243; _builder_version=\u00bb4.16&#8243; _module_preset=\u00bbdefault\u00bb custom_padding=\u00bb|||\u00bb global_colors_info=\u00bb{}\u00bb custom_padding__hover=\u00bb|||\u00bb][et_pb_text _builder_version=\u00bb4.21.0&#8243; _module_preset=\u00bbdefault\u00bb header_4_text_color=\u00bb#d20a11&#8243; background_size=\u00bbinitial\u00bb background_position=\u00bbtop_left\u00bb background_repeat=\u00bbrepeat\u00bb global_colors_info=\u00bb{}\u00bb]<\/p>\n<h4>Hispanorama tours &#038; incentives S.L.,<br \/>DMC Touroperador receptivo en Espa\u00f1a<\/h4>\n<p>Rogamos que rellene el formulario adjunto, si desean enviarnos sus propuestas, ideas y comentarios.<\/p>\n<p>Si tienen consultas, rogamos nos den en lo posible datos detallados. \u00a1Nos pondremos inmediatamente en contacto con usted!<\/p>\n<p>[\/et_pb_text][et_pb_text _builder_version=\u00bb4.27.4&#8243; _module_preset=\u00bbdefault\u00bb text_font=\u00bb||||||||\u00bb link_font=\u00bb||||||||\u00bb ul_font=\u00bb||||||||\u00bb ol_font=\u00bb||||||||\u00bb quote_font=\u00bb||||||||\u00bb header_font=\u00bb||||||||\u00bb header_text_align=\u00bbcenter\u00bb header_2_font=\u00bb|700|||||||\u00bb header_2_font_size=\u00bb36px\u00bb header_2_line_height=\u00bb1.5em\u00bb header_3_font=\u00bb|600|||||||\u00bb header_3_font_size=\u00bb25px\u00bb header_3_line_height=\u00bb1.2em\u00bb max_width=\u00bb800px\u00bb module_alignment=\u00bbcenter\u00bb custom_margin=\u00bb2rem||||false|false\u00bb header_2_font_size_tablet=\u00bb34px\u00bb header_2_font_size_phone=\u00bb30px\u00bb header_2_font_size_last_edited=\u00bbon|phone\u00bb header_3_font_size_tablet=\u00bb23px\u00bb header_3_font_size_phone=\u00bb22px\u00bb header_3_font_size_last_edited=\u00bbon|phone\u00bb global_colors_info=\u00bb{}\u00bb]<\/p>\n<table border=\"0\" cellpadding=\"0\" cellspacing=\"0\" style=\"border: none;\">\n<tbody>\n<tr>\n<td style=\"width: 50px; text-align: center; padding: 10px 0; vertical-align: top; border: none;\" valign=\"top\"><img loading=\"lazy\" decoding=\"async\" width=\"32\" height=\"43\" src=\"\/wp-content\/uploads\/2023\/06\/icon_geo.png\" style=\"height: 25px; max-width: none; width: auto;\" alt=\"ico direcci\u00f3n\" class=\"wp-image-242576 alignnone size-full\" \/><\/td>\n<td style=\"text-align: left; padding: 10px 0; vertical-align: top; border: none;\" valign=\"top\"><strong>C\/ Emilio Carrere 7, bajo A.<\/strong><br \/>\n28015 Madrid<br \/>\nSpain<\/td>\n<\/tr>\n<tr>\n<td style=\"text-align: center; padding: 10px 0; border: none;\"><img loading=\"lazy\" decoding=\"async\" width=\"28\" height=\"44\" src=\"\/wp-content\/uploads\/2023\/06\/icon_phone.png\" style=\"height: 25px; max-width: none; width: auto;\" alt=\"ico phone\" class=\"wp-image-242586 alignnone size-full\" \/><\/td>\n<td style=\"text-align: left; padding: 10px 0; border: none;\"><strong>Telefon<\/strong>: <a href=\"tel:+34915215966\">+34 91 521 59 66<\/a><\/td>\n<\/tr>\n<tr>\n<td style=\"text-align: center; padding: 10px 0; border: none;\"><img loading=\"lazy\" decoding=\"async\" width=\"33\" height=\"25\" src=\"\/wp-content\/uploads\/2023\/06\/icon_envelope.png\" style=\"height: 16px; max-width: none; width: auto;\" alt=\"ico mail\" class=\"wp-image-242566 alignnone size-full\" \/><\/td>\n<td style=\"text-align: left; padding: 10px 0; border: none;\"><strong>Email<\/strong>: <a href=\"mailto:info@hispanorama-tours.com\">info@hispanorama-tours.com<\/a><\/td>\n<\/tr>\n<\/tbody>\n<\/table>\n<p>[\/et_pb_text][\/et_pb_column][et_pb_column type=\u00bb1_2&#8243; _builder_version=\u00bb4.16&#8243; _module_preset=\u00bbdefault\u00bb custom_padding=\u00bb|||\u00bb global_colors_info=\u00bb{}\u00bb custom_padding__hover=\u00bb|||\u00bb][et_pb_code module_class=\u00bbkontakt\u00bb _builder_version=\u00bb4.21.0&#8243; _module_preset=\u00bbdefault\u00bb global_colors_info=\u00bb{}\u00bb]\n<div class=\"wpcf7 no-js\" id=\"wpcf7-f250955-o1\" lang=\"es-ES\" dir=\"ltr\" data-wpcf7-id=\"250955\">\n<div class=\"screen-reader-response\"><p role=\"status\" aria-live=\"polite\" aria-atomic=\"true\"><\/p> <ul><\/ul><\/div>\n<form action=\"\/es\/wp-json\/wp\/v2\/pages\/22359#wpcf7-f250955-o1\" method=\"post\" class=\"wpcf7-form init\" aria-label=\"Formulario de contacto\" novalidate=\"novalidate\" data-status=\"init\">\n<fieldset class=\"hidden-fields-container\"><input type=\"hidden\" name=\"_wpcf7\" value=\"250955\" \/><input type=\"hidden\" name=\"_wpcf7_version\" value=\"6.1.5\" \/><input type=\"hidden\" name=\"_wpcf7_locale\" value=\"es_ES\" \/><input type=\"hidden\" name=\"_wpcf7_unit_tag\" value=\"wpcf7-f250955-o1\" \/><input type=\"hidden\" name=\"_wpcf7_container_post\" value=\"0\" \/><input type=\"hidden\" name=\"_wpcf7_posted_data_hash\" value=\"\" \/><input type=\"hidden\" name=\"_wpcf7_recaptcha_response\" value=\"\" \/>\n<\/fieldset>\n<div>\n\t<p><label for=\"empresa\">Empresa (*):<\/label><span class=\"wpcf7-form-control-wrap\" data-name=\"emp\"><input size=\"40\" maxlength=\"400\" class=\"wpcf7-form-control wpcf7-text wpcf7-validates-as-required\" id=\"empresa\" aria-required=\"true\" aria-invalid=\"false\" value=\"\" type=\"text\" name=\"emp\" \/><\/span>\n\t<\/p>\n<\/div>\n<div>\n\t<p><label for=\"persona_contacto\">Persona de contacto:<\/label><span class=\"wpcf7-form-control-wrap\" data-name=\"contact\"><input size=\"40\" maxlength=\"400\" class=\"wpcf7-form-control wpcf7-text\" id=\"persona_contacto\" aria-invalid=\"false\" value=\"\" type=\"text\" name=\"contact\" \/><\/span>\n\t<\/p>\n<\/div>\n<div>\n\t<p><label for=\"direccion\">Direcci\u00f3n y n\u00famero (*):<\/label><span class=\"wpcf7-form-control-wrap\" data-name=\"addr\"><input size=\"40\" maxlength=\"400\" class=\"wpcf7-form-control wpcf7-text wpcf7-validates-as-required\" id=\"direccion\" aria-required=\"true\" aria-invalid=\"false\" value=\"\" type=\"text\" name=\"addr\" \/><\/span>\n\t<\/p>\n<\/div>\n<div>\n\t<p><label for=\"ciudad\">Ciudad (*):<\/label><span class=\"wpcf7-form-control-wrap\" data-name=\"city\"><input size=\"40\" maxlength=\"400\" class=\"wpcf7-form-control wpcf7-text wpcf7-validates-as-required\" id=\"ciudad\" aria-required=\"true\" aria-invalid=\"false\" value=\"\" type=\"text\" name=\"city\" \/><\/span>\n\t<\/p>\n<\/div>\n<div>\n\t<p><label class=\"codigo_postal\" for=\"codigo_postal\">C\u00f3digo postal(*):<\/label><span class=\"wpcf7-form-control-wrap\" data-name=\"zc\"><input size=\"40\" maxlength=\"400\" class=\"wpcf7-form-control wpcf7-text wpcf7-validates-as-required\" id=\"codigo_postal\" aria-required=\"true\" aria-invalid=\"false\" value=\"\" type=\"text\" name=\"zc\" \/><\/span>\n\t<\/p>\n<\/div>\n<div>\n\t<p><label for=\"pais\">Pa\u00eds (*):<\/label><span class=\"wpcf7-form-control-wrap\" data-name=\"country\"><input size=\"40\" maxlength=\"400\" class=\"wpcf7-form-control wpcf7-text wpcf7-validates-as-required\" id=\"pais\" aria-required=\"true\" aria-invalid=\"false\" value=\"\" type=\"text\" name=\"country\" \/><\/span>\n\t<\/p>\n<\/div>\n<div>\n\t<p><label for=\"telefono\">Tel\u00e9fono (*):<\/label><span class=\"wpcf7-form-control-wrap\" data-name=\"tel\"><input size=\"40\" maxlength=\"400\" class=\"wpcf7-form-control wpcf7-tel wpcf7-validates-as-required wpcf7-text wpcf7-validates-as-tel\" id=\"telefono\" aria-required=\"true\" aria-invalid=\"false\" value=\"\" type=\"tel\" name=\"tel\" \/><\/span>\n\t<\/p>\n<\/div>\n<div>\n\t<p><label for=\"email\">e-mail (*):<\/label><span class=\"wpcf7-form-control-wrap\" data-name=\"e-mail\"><input size=\"40\" maxlength=\"400\" class=\"wpcf7-form-control wpcf7-email wpcf7-validates-as-required wpcf7-text wpcf7-validates-as-email\" id=\"email\" aria-required=\"true\" aria-invalid=\"false\" value=\"\" type=\"email\" name=\"e-mail\" \/><\/span>\n\t<\/p>\n<\/div>\n<div class=\"comentarios\">\n\t<p><label for=\"comentario\">Comentarios:<\/label><span class=\"wpcf7-form-control-wrap\" data-name=\"message\"><textarea cols=\"40\" rows=\"10\" maxlength=\"2000\" class=\"wpcf7-form-control wpcf7-textarea\" id=\"comentario\" aria-invalid=\"false\" name=\"message\"><\/textarea><\/span>\n\t<\/p>\n<\/div>\n<div class=\"capa-legal\">\n\t<p><strong>PROTECCI\u00d3N DE DATOS:<\/strong> De conformidad con las normativas de protecci\u00f3n de datos, le facilitamos la siguiente informaci\u00f3n del tratamiento:<br \/>\n<strong>Responsable:<\/strong> Hispanorama Tours & Incentives SL<br \/>\n<strong>Fines del tratamiento:<\/strong> dar respuesta a las consultas o cualquier tipo de petici\u00f3n que sea realizada por el usuario a trav\u00e9s de cualquiera de las formas de contacto que se ponen a su disposici\u00f3n en la p\u00e1gina web. Env\u00edo de comunicaciones de productos o servicios (con su consentimiento).<br \/>\n<strong>Derechos que le asisten:<\/strong> acceso, rectificaci\u00f3n, portabilidad, supresi\u00f3n, limitaci\u00f3n y oposici\u00f3n. M\u00e1s informaci\u00f3n del tratamiento en la <a href=\"\/pol\u00edtica-de-privacidad\/\" target=\"_blank\">Pol\u00edtica de Privacidad<\/a>\n\t<\/p>\n<\/div>\n<div class=\"capa-politicas\">\n\t<p><span class=\"wpcf7-form-control-wrap\" data-name=\"aceptolegales\"><span class=\"wpcf7-form-control wpcf7-acceptance\"><span class=\"wpcf7-list-item\"><input type=\"checkbox\" name=\"aceptolegales\" value=\"1\" id=\"legal\" aria-invalid=\"false\" \/><\/span><\/span><\/span><label for=\"legal\">Acepto el tratamiento de mis datos para las finalidades descritas<\/label>\n\t<\/p>\n<\/div>\n<div class=\"btn-send\">\n\t<p><button class=\"wpcf7-form-control wpcf7-submit has-spinner et_pb_button et_pb_bg_layout_light\" type=\"submit\" value=\"Enviar\">Enviar<\/button>\n\t<\/p>\n<\/div><div class=\"wpcf7-response-output\" aria-hidden=\"true\"><\/div>\n<\/form>\n<\/div>\n[\/et_pb_code][\/et_pb_column][\/et_pb_row][\/et_pb_section]<\/p>\n","protected":false},"excerpt":{"rendered":"<p>Contacto HispanoramaHispanorama tours &#038; incentives S.L.,DMC Touroperador receptivo en Espa\u00f1a Rogamos que rellene el formulario adjunto, si desean enviarnos sus propuestas, ideas y comentarios. Si tienen consultas, rogamos nos den en lo posible datos detallados. \u00a1Nos pondremos inmediatamente en contacto con usted! C\/ Emilio Carrere 7, bajo A. 28015 Madrid Spain Telefon: +34 91 521 [&hellip;]<\/p>\n","protected":false},"author":1,"featured_media":0,"parent":0,"menu_order":0,"comment_status":"closed","ping_status":"closed","template":"","meta":{"_et_pb_use_builder":"on","_et_pb_old_content":"<h1><strong>Contact<\/strong><\/h1>\r\n<iframe src=\"https:\/\/www.google.com\/maps\/embed?pb=!1m18!1m12!1m3!1d3037.4040989925757!2d-3.711242384219935!3d40.42205007936465!2m3!1f0!2f0!3f0!3m2!1i1024!2i768!4f13.1!3m3!1m2!1s0xd42287b46e5ceb9%3A0xa161cf9bcc817552!2sCalle+Gran+V%C3%ADa%2C+59%2C+28013+Madrid!5e0!3m2!1ses!2ses!4v1531224424974\" width=\"100%\" height=\"350\" frameborder=\"0\"><\/iframe>\r\n<div id=\"pagecompuesta\">\r\n<div id=\"col-1\" class=\"texto\">\r\n<h2><strong>Hispanorama tours & incentives S.L.,\r\nDestination Management Company (DMC) for Spain <\/strong><\/h2>\r\nWe welcome your comments and suggestions very much, therefore we ask you to complete our contact form.\r\n\r\nIf you would like to send an enquiry, please give us as much detailed information as possible. We will communicate with you immediately!\r\n\r\nGran Via 59, 8\u00ba Dcha\r\n28013 Madrid\r\nSpain\r\n<div style=\"clear: both;\"><\/div>\r\n<div class=\"cajaphone\"><span class=\"phone\">Phone: +34 91 521 59 66<\/span>\r\n<span class=\"email\">Email: <a style=\"color: blue;\" href=\"mailto:info@hispanorama-tours.com\">info@hispanorama-tours.com<\/a><\/span><\/div>\r\n<\/div>\r\n<div id=\"col-2\" class=\"texto\">\r\n<h3><\/h3>\r\n[contact-form-7 id=\"623\" title=\"Contanto-en\"]\r\n\r\n<\/div>\r\n<\/div>","_et_gb_content_width":"","inline_featured_image":false,"footnotes":""},"class_list":["post-22359","page","type-page","status-publish","hentry"],"yoast_head":"<!-- This site is optimized with the Yoast SEO plugin v26.9 - https:\/\/yoast.com\/product\/yoast-seo-wordpress\/ -->\n<title>DMC touroperador receptivo en Espa\u00f1a Hispanorama - Contacto<\/title>\n<meta name=\"description\" content=\"Contacto con Hispanorama Tours &amp; Incentives, Destination Management Company (DMC) para Espa\u00f1a especializados en viajes de grupo e incentivos\" \/>\n<meta name=\"robots\" content=\"index, nofollow, max-snippet:-1, max-image-preview:large, max-video-preview:-1\" \/>\n<link rel=\"canonical\" href=\"https:\/\/www.hispanorama-tours.com\/es\/dmc-spanien-contacto\/\" \/>\n<meta property=\"og:locale\" content=\"es_ES\" \/>\n<meta property=\"og:type\" content=\"article\" \/>\n<meta property=\"og:title\" content=\"DMC touroperador receptivo en Espa\u00f1a Hispanorama - Contacto\" \/>\n<meta property=\"og:description\" content=\"Contacto con Hispanorama Tours &amp; Incentives, Destination Management Company (DMC) para Espa\u00f1a especializados en viajes de grupo e incentivos\" \/>\n<meta property=\"og:url\" content=\"https:\/\/www.hispanorama-tours.com\/es\/dmc-spanien-contacto\/\" \/>\n<meta property=\"og:site_name\" content=\"DMC Spanien - Destination Management Company (DMC) in Spanien\" \/>\n<meta property=\"article:publisher\" content=\"https:\/\/www.facebook.com\/HispanoramaTours\/\" \/>\n<meta property=\"article:modified_time\" content=\"2025-11-05T08:44:49+00:00\" \/>\n<meta name=\"twitter:card\" content=\"summary_large_image\" \/>\n<meta name=\"twitter:site\" content=\"@HispanoramaMAD\" \/>\n<meta name=\"twitter:label1\" content=\"Tiempo de lectura\" \/>\n\t<meta name=\"twitter:data1\" content=\"2 minutos\" \/>\n<script type=\"application\/ld+json\" class=\"yoast-schema-graph\">{\"@context\":\"https:\/\/schema.org\",\"@graph\":[{\"@type\":\"WebPage\",\"@id\":\"https:\/\/www.hispanorama-tours.com\/es\/dmc-spanien-contacto\/\",\"url\":\"https:\/\/www.hispanorama-tours.com\/es\/dmc-spanien-contacto\/\",\"name\":\"DMC touroperador receptivo en Espa\u00f1a Hispanorama - Contacto\",\"isPartOf\":{\"@id\":\"https:\/\/www.hispanorama-tours.com\/es\/#website\"},\"datePublished\":\"2015-01-16T12:26:56+00:00\",\"dateModified\":\"2025-11-05T08:44:49+00:00\",\"description\":\"Contacto con Hispanorama Tours & Incentives, Destination Management Company (DMC) para Espa\u00f1a especializados en viajes de grupo e incentivos\",\"breadcrumb\":{\"@id\":\"https:\/\/www.hispanorama-tours.com\/es\/dmc-spanien-contacto\/#breadcrumb\"},\"inLanguage\":\"es\",\"potentialAction\":[{\"@type\":\"ReadAction\",\"target\":[\"https:\/\/www.hispanorama-tours.com\/es\/dmc-spanien-contacto\/\"]}]},{\"@type\":\"BreadcrumbList\",\"@id\":\"https:\/\/www.hispanorama-tours.com\/es\/dmc-spanien-contacto\/#breadcrumb\",\"itemListElement\":[{\"@type\":\"ListItem\",\"position\":1,\"name\":\"Home\",\"item\":\"https:\/\/www.hispanorama-tours.com\/es\/\"},{\"@type\":\"ListItem\",\"position\":2,\"name\":\"Contacto\"}]},{\"@type\":\"WebSite\",\"@id\":\"https:\/\/www.hispanorama-tours.com\/es\/#website\",\"url\":\"https:\/\/www.hispanorama-tours.com\/es\/\",\"name\":\"DMC Spanien - Destination Management Company (DMC) in Spanien\",\"description\":\"Destination Management Company (DMC) in Spanien\",\"publisher\":{\"@id\":\"https:\/\/www.hispanorama-tours.com\/es\/#organization\"},\"potentialAction\":[{\"@type\":\"SearchAction\",\"target\":{\"@type\":\"EntryPoint\",\"urlTemplate\":\"https:\/\/www.hispanorama-tours.com\/es\/?s={search_term_string}\"},\"query-input\":{\"@type\":\"PropertyValueSpecification\",\"valueRequired\":true,\"valueName\":\"search_term_string\"}}],\"inLanguage\":\"es\"},{\"@type\":\"Organization\",\"@id\":\"https:\/\/www.hispanorama-tours.com\/es\/#organization\",\"name\":\"DMC for Spain Hispanorama tours & incentives\",\"url\":\"https:\/\/www.hispanorama-tours.com\/es\/\",\"logo\":{\"@type\":\"ImageObject\",\"inLanguage\":\"es\",\"@id\":\"https:\/\/www.hispanorama-tours.com\/es\/#\/schema\/logo\/image\/\",\"url\":\"https:\/\/www.hispanorama-tours.com\/wp-content\/uploads\/2018\/06\/logo_hispanorama_tours_and_incentives3-1.png\",\"contentUrl\":\"https:\/\/www.hispanorama-tours.com\/wp-content\/uploads\/2018\/06\/logo_hispanorama_tours_and_incentives3-1.png\",\"width\":185,\"height\":120,\"caption\":\"DMC for Spain Hispanorama tours & incentives\"},\"image\":{\"@id\":\"https:\/\/www.hispanorama-tours.com\/es\/#\/schema\/logo\/image\/\"},\"sameAs\":[\"https:\/\/www.facebook.com\/HispanoramaTours\/\",\"https:\/\/x.com\/HispanoramaMAD\",\"https:\/\/www.linkedin.com\/company\/hispanorama-tours-&amp;-incentives\/\"]}]}<\/script>\n<!-- \/ Yoast SEO plugin. -->","yoast_head_json":{"title":"DMC touroperador receptivo en Espa\u00f1a Hispanorama - Contacto","description":"Contacto con Hispanorama Tours & Incentives, Destination Management Company (DMC) para Espa\u00f1a especializados en viajes de grupo e incentivos","robots":{"index":"index","follow":"nofollow","max-snippet":"max-snippet:-1","max-image-preview":"max-image-preview:large","max-video-preview":"max-video-preview:-1"},"canonical":"https:\/\/www.hispanorama-tours.com\/es\/dmc-spanien-contacto\/","og_locale":"es_ES","og_type":"article","og_title":"DMC touroperador receptivo en Espa\u00f1a Hispanorama - Contacto","og_description":"Contacto con Hispanorama Tours & Incentives, Destination Management Company (DMC) para Espa\u00f1a especializados en viajes de grupo e incentivos","og_url":"https:\/\/www.hispanorama-tours.com\/es\/dmc-spanien-contacto\/","og_site_name":"DMC Spanien - Destination Management Company (DMC) in Spanien","article_publisher":"https:\/\/www.facebook.com\/HispanoramaTours\/","article_modified_time":"2025-11-05T08:44:49+00:00","twitter_card":"summary_large_image","twitter_site":"@HispanoramaMAD","twitter_misc":{"Tiempo de lectura":"2 minutos"},"schema":{"@context":"https:\/\/schema.org","@graph":[{"@type":"WebPage","@id":"https:\/\/www.hispanorama-tours.com\/es\/dmc-spanien-contacto\/","url":"https:\/\/www.hispanorama-tours.com\/es\/dmc-spanien-contacto\/","name":"DMC touroperador receptivo en Espa\u00f1a Hispanorama - Contacto","isPartOf":{"@id":"https:\/\/www.hispanorama-tours.com\/es\/#website"},"datePublished":"2015-01-16T12:26:56+00:00","dateModified":"2025-11-05T08:44:49+00:00","description":"Contacto con Hispanorama Tours & Incentives, Destination Management Company (DMC) para Espa\u00f1a especializados en viajes de grupo e incentivos","breadcrumb":{"@id":"https:\/\/www.hispanorama-tours.com\/es\/dmc-spanien-contacto\/#breadcrumb"},"inLanguage":"es","potentialAction":[{"@type":"ReadAction","target":["https:\/\/www.hispanorama-tours.com\/es\/dmc-spanien-contacto\/"]}]},{"@type":"BreadcrumbList","@id":"https:\/\/www.hispanorama-tours.com\/es\/dmc-spanien-contacto\/#breadcrumb","itemListElement":[{"@type":"ListItem","position":1,"name":"Home","item":"https:\/\/www.hispanorama-tours.com\/es\/"},{"@type":"ListItem","position":2,"name":"Contacto"}]},{"@type":"WebSite","@id":"https:\/\/www.hispanorama-tours.com\/es\/#website","url":"https:\/\/www.hispanorama-tours.com\/es\/","name":"DMC Spanien - Destination Management Company (DMC) in Spanien","description":"Destination Management Company (DMC) in Spanien","publisher":{"@id":"https:\/\/www.hispanorama-tours.com\/es\/#organization"},"potentialAction":[{"@type":"SearchAction","target":{"@type":"EntryPoint","urlTemplate":"https:\/\/www.hispanorama-tours.com\/es\/?s={search_term_string}"},"query-input":{"@type":"PropertyValueSpecification","valueRequired":true,"valueName":"search_term_string"}}],"inLanguage":"es"},{"@type":"Organization","@id":"https:\/\/www.hispanorama-tours.com\/es\/#organization","name":"DMC for Spain Hispanorama tours & incentives","url":"https:\/\/www.hispanorama-tours.com\/es\/","logo":{"@type":"ImageObject","inLanguage":"es","@id":"https:\/\/www.hispanorama-tours.com\/es\/#\/schema\/logo\/image\/","url":"https:\/\/www.hispanorama-tours.com\/wp-content\/uploads\/2018\/06\/logo_hispanorama_tours_and_incentives3-1.png","contentUrl":"https:\/\/www.hispanorama-tours.com\/wp-content\/uploads\/2018\/06\/logo_hispanorama_tours_and_incentives3-1.png","width":185,"height":120,"caption":"DMC for Spain Hispanorama tours & incentives"},"image":{"@id":"https:\/\/www.hispanorama-tours.com\/es\/#\/schema\/logo\/image\/"},"sameAs":["https:\/\/www.facebook.com\/HispanoramaTours\/","https:\/\/x.com\/HispanoramaMAD","https:\/\/www.linkedin.com\/company\/hispanorama-tours-&amp;-incentives\/"]}]}},"_links":{"self":[{"href":"https:\/\/www.hispanorama-tours.com\/es\/wp-json\/wp\/v2\/pages\/22359","targetHints":{"allow":["GET"]}}],"collection":[{"href":"https:\/\/www.hispanorama-tours.com\/es\/wp-json\/wp\/v2\/pages"}],"about":[{"href":"https:\/\/www.hispanorama-tours.com\/es\/wp-json\/wp\/v2\/types\/page"}],"author":[{"embeddable":true,"href":"https:\/\/www.hispanorama-tours.com\/es\/wp-json\/wp\/v2\/users\/1"}],"replies":[{"embeddable":true,"href":"https:\/\/www.hispanorama-tours.com\/es\/wp-json\/wp\/v2\/comments?post=22359"}],"version-history":[{"count":8,"href":"https:\/\/www.hispanorama-tours.com\/es\/wp-json\/wp\/v2\/pages\/22359\/revisions"}],"predecessor-version":[{"id":252195,"href":"https:\/\/www.hispanorama-tours.com\/es\/wp-json\/wp\/v2\/pages\/22359\/revisions\/252195"}],"wp:attachment":[{"href":"https:\/\/www.hispanorama-tours.com\/es\/wp-json\/wp\/v2\/media?parent=22359"}],"curies":[{"name":"wp","href":"https:\/\/api.w.org\/{rel}","templated":true}]}}