
{"id":22328,"date":"2018-03-05T11:44:17","date_gmt":"2018-03-05T11:44:17","guid":{"rendered":"https:\/\/www.hispanorama-tours.com\/privacy-policy\/"},"modified":"2026-02-09T12:52:10","modified_gmt":"2026-02-09T11:52:10","slug":"dmc-spain-politica-de-privacidad","status":"publish","type":"page","link":"https:\/\/www.hispanorama-tours.com\/es\/dmc-spain-politica-de-privacidad\/","title":{"rendered":"Pol\u00edtica de Privacidad"},"content":{"rendered":"<p>[et_pb_section fb_built=\u00bb1&#8243; admin_label=\u00bbsection\u00bb _builder_version=\u00bb4.16&#8243; global_colors_info=\u00bb{}\u00bb][et_pb_row admin_label=\u00bbrow\u00bb _builder_version=\u00bb4.16&#8243; background_size=\u00bbinitial\u00bb background_position=\u00bbtop_left\u00bb background_repeat=\u00bbrepeat\u00bb global_colors_info=\u00bb{}\u00bb][et_pb_column type=\u00bb4_4&#8243; _builder_version=\u00bb4.16&#8243; custom_padding=\u00bb|||\u00bb global_colors_info=\u00bb{}\u00bb custom_padding__hover=\u00bb|||\u00bb][et_pb_text admin_label=\u00bbText\u00bb _builder_version=\u00bb4.24.0&#8243; background_size=\u00bbinitial\u00bb background_position=\u00bbtop_left\u00bb background_repeat=\u00bbrepeat\u00bb global_colors_info=\u00bb{}\u00bb]<\/p>\n<h2>POL\u00cdTICA DE PRIVACIDAD<\/h2>\n<p><strong>1.- INFORMACI\u00d3N AL USUARIO<\/strong><br \/>Hispanorama Tours &amp; Incentives SL informa a los Usuarios del presente sitio web sobre su pol\u00edtica respecto del tratamiento y protecci\u00f3n de los datos de car\u00e1cter personal que puedan ser recabados a trav\u00e9s de su sitio web, por la navegaci\u00f3n en el mismo, el env\u00edo de formularios de contacto, de consulta o suscripci\u00f3n, contrataci\u00f3n de servicios o adquisici\u00f3n de productos, o los que nos facilite por cualquier otro medio como el correo electr\u00f3nico, formularios para solicitud de presupuesto en formato papel y cualquier otro documento.<\/p>\n<p><strong>\u00bfQui\u00e9n es el Responsable del tratamiento de sus datos personales?<\/strong><br \/>Hispanorama Tours &amp; Incentives SL es el Responsable del tratamiento de los datos personales del Usuario y le informa que estos datos ser\u00e1n tratados de conformidad con lo dispuesto en las normativas europea y espa\u00f1ola vigentes en materia de protecci\u00f3n de datos personales, el Reglamento (UE) 2016\/679, de 27 de abril de 2016 (RGPD) relativo a la protecci\u00f3n de las personas f\u00edsicas en lo que respecta al tratamiento de datos personales y a la libre circulaci\u00f3n de estos datos, y la Ley Org\u00e1nica (ES) 3\/2018, de 5 de diciembre, de Protecci\u00f3n de Datos y Garant\u00eda de Derechos Digitales (LOPDGDD).<\/p>\n<p><strong>\u00bfPara qu\u00e9 tratamos sus datos personales y por qu\u00e9 lo hacemos?<\/strong><br \/>Seg\u00fan el formulario web en donde hayamos obtenido sus datos personales, los trataremos de manera confidencial para alcanzar los siguientes fines:<\/p>\n<p><strong>En el formulario Contacto<\/strong><br \/>Dar respuesta a las consultas o cualquier tipo de petici\u00f3n que sea realizada por el usuario a trav\u00e9s de cualquiera de las formas de contacto que se ponen a su disposici\u00f3n en la p\u00e1gina web del responsable: por el inter\u00e9s leg\u00edtimo del responsable, art. 6.1.f RGPD.<br \/>Realizar an\u00e1lisis estad\u00edsticos y estudios de mercado: por el inter\u00e9s leg\u00edtimo del responsable, art. 6.1.f RGPD.<\/p>\n<p><strong>En el formulario Newsletter<\/strong><br \/>Remitir boletines informativos, novedades, ofertas y promociones online: por el consentimiento del interesado, 6.1.a RGPD.<\/p>\n<p><strong>Uso de cookies anal\u00edticas:<\/strong><br \/>Analizar los h\u00e1bitos de navegaci\u00f3n de los usuarios que visitan la p\u00e1gina web para mejorar los servicios que se ofrecen (cookies anal\u00edticas): por consentimiento del interesado, 6.1.a RGPD.<\/p>\n<p><strong>\u00bfDurante cu\u00e1nto tiempo guardaremos sus datos personales?<\/strong><br \/>Se conservar\u00e1n durante no m\u00e1s tiempo del necesario para mantener el fin del tratamiento o mientras existan prescripciones legales que dictaminen su custodia y, en los casos en los que el tratamiento dependa del consentimiento del usuario, hasta que \u00e9ste lo revoque.<\/p>\n<p>Cuando los datos ya no sean necesarios para las finalidades descritas, se suprimir\u00e1n con medidas de seguridad adecuadas para garantizar la anonimizaci\u00f3n de los datos o la destrucci\u00f3n total de los mismos.<\/p>\n<p><strong>\u00bfA qui\u00e9n facilitamos sus datos personales?<\/strong><br \/>No est\u00e1 prevista ninguna comunicaci\u00f3n de datos personales a terceros salvo por obligaci\u00f3n legal o en el caso de que fuese necesario para el desarrollo y ejecuci\u00f3n de las finalidades del tratamiento. En este \u00faltimo caso, los datos podr\u00e1n ser comunicados a proveedores de servicios tecnol\u00f3gicos, proveedores de servicios relacionados con atenci\u00f3n al cliente, proveedores y colaboradores de servicios relacionados con marketing y publicidad, con los cuales el Responsable tiene suscritos los contratos de confidencialidad y de encargo del tratamiento exigidos por las normativas vigentes de privacidad.<\/p>\n<p><strong>Transferencia internacional de datos<\/strong><br \/>No est\u00e1 previsto realizar transferencia de datos internacional.<\/p>\n<p><strong>\u00bfCu\u00e1les son sus derechos?<\/strong><br \/>Derecho a retirar el consentimiento en cualquier momento.<br \/>Derecho de acceso, rectificaci\u00f3n, portabilidad y supresi\u00f3n de sus datos y de limitaci\u00f3n u oposici\u00f3n a su tratamiento.<br \/>Derecho a presentar una reclamaci\u00f3n ante la Autoridad de control (www.aepd.es) si considera que el tratamiento no se ajusta a la normativa vigente.<\/p>\n<p><strong>Datos de contacto para ejercer sus derechos:<\/strong><br \/>Direcci\u00f3n postal: Hispanorama Tours &amp; Incentives SL. <span>C\/ Emilio Carrere 7, bajo A. <\/span><span>28015 Madrid, Spain<\/span><br \/>Direcci\u00f3n electr\u00f3nica: <a href=\"mailto:info@hispanorama-tours.com\">info@hispanorama-tours.com<\/a><\/p>\n<p><strong>2.- CAR\u00c1CTER OBLIGATORIO O FACULTATIVO DE LA INFORMACI\u00d3N FACILITADA POR EL USUARIO<\/strong><br \/>Mediante la marcaci\u00f3n de las casillas correspondientes y la introducci\u00f3n de los datos en los campos marcados con un asterisco (*) en formularios de contacto, de registro, suscripci\u00f3n, etc., o presentados en formularios de descarga, el Usuario acepta expresamente y de forma libre e inequ\u00edvoca, que sus datos son necesarios para atender su petici\u00f3n por parte del Responsable, siendo voluntaria la inclusi\u00f3n de datos en los campos restantes.<\/p>\n<p>Todos los datos solicitados a trav\u00e9s del sitio web y marcados con (*) son obligatorios ya que son necesarios para la prestaci\u00f3n de un servicio \u00f3ptimo al Usuario. El resto de campos, aunque introducirlos resulte facultativo, puede ser conveniente su cumplimentaci\u00f3n para disponer de toda la informaci\u00f3n necesaria para contestar adecuadamente a su consulta. En caso de que no sean facilitados todos los datos, no se garantiza que la informaci\u00f3n y servicios que el Prestador le facilite, sean completamente ajustados a sus necesidades.<\/p>\n<p>El Usuario garantiza que los datos personales facilitados al Prestador son veraces y se hace responsable de comunicar cualquier modificaci\u00f3n de los mismos.<\/p>\n<p><strong>3.- MEDIDAS DE SEGURIDAD<\/strong><br \/>Que de conformidad con lo dispuesto en las normativas vigentes en materia de protecci\u00f3n de datos personales, el Responsable est\u00e1 cumpliendo con todas las disposiciones exigibles para el tratamiento de los datos personales de su responsabilidad, y manifiestamente con los principios descritos en el art\u00edculo 5 del RGPD y el T\u00edtulo II de la LOPDGDD, por el cual son tratados de manera l\u00edcita, leal y transparente en relaci\u00f3n con el interesado y que son adecuados, pertinentes y limitados a lo necesario en relaci\u00f3n con los fines para los que son tratados.<\/p>\n<p>El Prestador garantiza que ha implementado pol\u00edticas t\u00e9cnicas y organizativas apropiadas para aplicar las medidas de seguridad que establecen el RGPD y la LOPDGDD con el fin de proteger los derechos y libertades de los Usuarios y les ha comunicado la informaci\u00f3n adecuada para que puedan ejercerlos.<\/p>\n<p>Para m\u00e1s informaci\u00f3n sobre las garant\u00edas de privacidad, pueden dirigirse al Responsable en <span>C\/ Emilio Carrere 7, bajo A. <\/span><span>28015 Madrid, Spain<\/span>. Email: <a href=\"mailto:info@hispanorama-tours.com\">info@hispanorama-tours.com<\/a><\/p>\n<p>Fecha actualizaci\u00f3n: Enero 2024<\/p>\n<p>[\/et_pb_text][\/et_pb_column][\/et_pb_row][\/et_pb_section]<\/p>\n","protected":false},"excerpt":{"rendered":"<p>POL\u00cdTICA DE PRIVACIDAD 1.- INFORMACI\u00d3N AL USUARIOHispanorama Tours &amp; Incentives SL informa a los Usuarios del presente sitio web sobre su pol\u00edtica respecto del tratamiento y protecci\u00f3n de los datos de car\u00e1cter personal que puedan ser recabados a trav\u00e9s de su sitio web, por la navegaci\u00f3n en el mismo, el env\u00edo de formularios de contacto, [&hellip;]<\/p>\n","protected":false},"author":2,"featured_media":0,"parent":0,"menu_order":0,"comment_status":"closed","ping_status":"closed","template":"","meta":{"_et_pb_use_builder":"on","_et_pb_old_content":"<strong>1.- Informaci\u00f3n al Usuario<\/strong>\r\n\r\nHISPANORAMA TOURS & INCENTIVES SL informa a los usuarios del sitio web sobre su pol\u00edtica respecto del tratamiento y protecci\u00f3n de los datos de car\u00e1cter personal de los usuarios y clientes que puedan ser recabados por la navegaci\u00f3n o contrataci\u00f3n de servicios o adquisici\u00f3n de productos, a trav\u00e9s de su sitio web.\r\n\r\nHISPANORAMA TOURS & INCENTIVES SL es el Responsable del tratamiento de los datos personales del Usuario y le informa que estos datos ser\u00e1n tratados de conformidad con lo dispuesto en las normativas vigentes en materia de protecci\u00f3n de datos personales, el Reglamento (UE) 2016\/679 de 27 de abril de 2016 (GDPR) relativo a la protecci\u00f3n de las personas f\u00edsicas en lo que respecta al tratamiento de datos personales y a la libre circulaci\u00f3n de estos datos y la Ley Org\u00e1nica (ES) 3\/2018 de 5 de diciembre (LOPDGDD) relativa a la protecci\u00f3n de datos de car\u00e1cter personal y garant\u00eda de derechos digitales, por lo que se le facilita la siguiente informaci\u00f3n del tratamiento:\r\n\r\n<strong>Fin del tratamiento:<\/strong> mantener una relaci\u00f3n comercial con el Usuario. Las operaciones previstas para realizar el tratamiento son:\r\nRemisi\u00f3n de comunicaciones comerciales publicitarias por email, fax, SMS, MMS, redes sociales o cualquier otro medio electr\u00f3nico o f\u00edsico, presente o futuro, que posibilite realizar comunicaciones comerciales. Estas comunicaciones ser\u00e1n realizadas por HISPANORAMA TOURS & INCENTIVES SL y relacionadas con sus productos y servicios, o con los de sus colaboradores o proveedores con los que \u00e9ste haya alcanzado alg\u00fan acuerdo de promoci\u00f3n. En este caso, los terceros nunca tendr\u00e1n acceso a los datos personales. \r\nRealizar estudios estad\u00edsticos. \r\nTramitar encargos, solicitudes o cualquier tipo de petici\u00f3n que sea realizada por el usuario a trav\u00e9s de cualquiera de las formas de contacto que se ponen a su disposici\u00f3n. \r\nRemitir el bolet\u00edn de noticias de la p\u00e1gina web. \r\n\r\n<strong>Criterios de conservaci\u00f3n de los datos:<\/strong> se conservar\u00e1n mientras exista un inter\u00e9s mutuo para mantener el fin del tratamiento y cuando ya no sea necesario para tal fin, se suprimir\u00e1n con medidas de seguridad adecuadas para garantizar la seudonimizaci\u00f3n de los datos o la destrucci\u00f3n total de los mismos.\r\n\r\n<strong>Comunicaci\u00f3n de los datos:<\/strong> No se comunicar\u00e1n los datos a ning\u00fan destinatario.\r\n\r\n<strong>Derechos que asisten al Usuario:<\/strong>\r\nDerecho a retirar el consentimiento en cualquier momento.\r\nDerecho de acceso, rectificaci\u00f3n y supresi\u00f3n de sus datos y a la limitaci\u00f3n u oposici\u00f3n a su tratamiento.\r\nDerecho a presentar una reclamaci\u00f3n ante la Autoridad de control (agpd.es) si considera que el tratamiento no se ajusta a la normativa vigente.\r\n\r\n<strong>Datos de contacto para ejercer sus derechos:<\/strong>\r\nDirecci\u00f3n postal: HISPANORAMA TOURS & INCENTIVES SL Plaza Callao, 1-6\u00aa Planta, Of.10. 28013 Madrid.\r\nDirecci\u00f3n electr\u00f3nica:  info@hispanorama-tours.com.\r\n\r\n\r\n<strong>2.- Car\u00e1cter obligatorio o facultativo de la informaci\u00f3n facilitada por el usuario<\/strong>\r\n\r\nLos Usuarios, mediante la marcaci\u00f3n de las casillas correspondientes y entrada de datos en los campos, marcados con un asterisco (*) en el formulario de contacto o presentados en formularios de descarga, aceptan expresamente y de forma libre e inequ\u00edvoca, que sus datos son necesarias para atender su petici\u00f3n, por parte del prestador, siendo voluntaria la inclusi\u00f3n de datos en los campos restantes. \r\n\r\nEl Usuario garantiza que los datos personales facilitados al prestador son veraces y se hace responsable de comunicar cualquier modificaci\u00f3n de los mismos. \r\n \r\nEl prestador informa y garantiza expresamente a los usuarios que sus datos personales no ser\u00e1n cedidos en ning\u00fan caso a terceros, y que siempre que realizara alg\u00fan tipo de cesi\u00f3n de datos personales, se pedir\u00e1 previamente el consentimiento expreso, informado e inequ\u00edvoco por parte de los Usuarios.\r\n\r\nTodos los datos solicitados a trav\u00e9s del sitio web y marcados con (*) son obligatorios ya que son necesarios para la prestaci\u00f3n de un servicio \u00f3ptimo al Usuario. El resto de campos, aunque introducirlos resulte facultativo, pueden ser necesarios para disponer de toda la informaci\u00f3n necesaria para contestar adecuadamente a su consulta. En caso de que no sean facilitados todos los datos, no se garantiza que la informaci\u00f3n y servicios que el prestador facilite, sean completamente ajustados a sus necesidades.\r\n  \r\n<strong>3. Medidas de seguridad<\/strong>\r\n \r\nQue de conformidad con lo dispuesto en las normativas vigentes en materia de protecci\u00f3n de datos personales, el prestador est\u00e1 cumpliendo con todas las disposiciones de las normativas GDPR y LOPDGDD para el tratamiento de los datos personales de su responsabilidad, y manifiestamente con los principios descritos en el art\u00edculo 5 del GDPR y en el T\u00edtulo II de la LOPDGDD, por los cuales son tratados de manera l\u00edcita, leal y transparente en relaci\u00f3n con el interesado y adecuados, pertinentes y limitados a lo necesario en relaci\u00f3n con los fines para los que son tratados.\r\n\r\nEl prestador garantiza que ha implementado pol\u00edticas t\u00e9cnicas y organizativas apropiadas para aplicar las medidas de seguridad que establecen el GDPR y la LOPDGDD con el fin de proteger los derechos y libertades de los Usuarios y les ha comunicado la informaci\u00f3n adecuada para que puedan ejercerlos.","_et_gb_content_width":"","inline_featured_image":false,"footnotes":""},"class_list":["post-22328","page","type-page","status-publish","hentry"],"yoast_head":"<!-- This site is optimized with the Yoast SEO plugin v26.9 - https:\/\/yoast.com\/product\/yoast-seo-wordpress\/ -->\n<title>Pol\u00edtica de Privacidad - DMC Spanien - Destination Management Company (DMC) in Spanien<\/title>\n<meta name=\"description\" content=\"Pol\u00edtica de Privacidad de Hispanorama Tours &amp; Incentives, S.L.\" \/>\n<meta name=\"robots\" content=\"index, follow, max-snippet:-1, max-image-preview:large, max-video-preview:-1\" \/>\n<link rel=\"canonical\" href=\"https:\/\/www.hispanorama-tours.com\/es\/dmc-spain-politica-de-privacidad\/\" \/>\n<meta property=\"og:locale\" content=\"es_ES\" \/>\n<meta property=\"og:type\" content=\"article\" \/>\n<meta property=\"og:title\" content=\"Pol\u00edtica de Privacidad - DMC Spanien - Destination Management Company (DMC) in Spanien\" \/>\n<meta property=\"og:description\" content=\"Pol\u00edtica de Privacidad de Hispanorama Tours &amp; Incentives, S.L.\" \/>\n<meta property=\"og:url\" content=\"https:\/\/www.hispanorama-tours.com\/es\/dmc-spain-politica-de-privacidad\/\" \/>\n<meta property=\"og:site_name\" content=\"DMC Spanien - Destination Management Company (DMC) in Spanien\" \/>\n<meta property=\"article:publisher\" content=\"https:\/\/www.facebook.com\/HispanoramaTours\/\" \/>\n<meta property=\"article:modified_time\" content=\"2026-02-09T11:52:10+00:00\" \/>\n<meta name=\"twitter:card\" content=\"summary_large_image\" \/>\n<meta name=\"twitter:site\" content=\"@HispanoramaMAD\" \/>\n<meta name=\"twitter:label1\" content=\"Tiempo de lectura\" \/>\n\t<meta name=\"twitter:data1\" content=\"5 minutos\" \/>\n<script type=\"application\/ld+json\" class=\"yoast-schema-graph\">{\"@context\":\"https:\/\/schema.org\",\"@graph\":[{\"@type\":\"WebPage\",\"@id\":\"https:\/\/www.hispanorama-tours.com\/es\/dmc-spain-politica-de-privacidad\/\",\"url\":\"https:\/\/www.hispanorama-tours.com\/es\/dmc-spain-politica-de-privacidad\/\",\"name\":\"Pol\u00edtica de Privacidad - DMC Spanien - Destination Management Company (DMC) in Spanien\",\"isPartOf\":{\"@id\":\"https:\/\/www.hispanorama-tours.com\/es\/#website\"},\"datePublished\":\"2018-03-05T11:44:17+00:00\",\"dateModified\":\"2026-02-09T11:52:10+00:00\",\"description\":\"Pol\u00edtica de Privacidad de Hispanorama Tours & Incentives, S.L.\",\"breadcrumb\":{\"@id\":\"https:\/\/www.hispanorama-tours.com\/es\/dmc-spain-politica-de-privacidad\/#breadcrumb\"},\"inLanguage\":\"es\",\"potentialAction\":[{\"@type\":\"ReadAction\",\"target\":[\"https:\/\/www.hispanorama-tours.com\/es\/dmc-spain-politica-de-privacidad\/\"]}]},{\"@type\":\"BreadcrumbList\",\"@id\":\"https:\/\/www.hispanorama-tours.com\/es\/dmc-spain-politica-de-privacidad\/#breadcrumb\",\"itemListElement\":[{\"@type\":\"ListItem\",\"position\":1,\"name\":\"Home\",\"item\":\"https:\/\/www.hispanorama-tours.com\/es\/\"},{\"@type\":\"ListItem\",\"position\":2,\"name\":\"Pol\u00edtica de Privacidad\"}]},{\"@type\":\"WebSite\",\"@id\":\"https:\/\/www.hispanorama-tours.com\/es\/#website\",\"url\":\"https:\/\/www.hispanorama-tours.com\/es\/\",\"name\":\"DMC Spanien - Destination Management Company (DMC) in Spanien\",\"description\":\"Destination Management Company (DMC) in Spanien\",\"publisher\":{\"@id\":\"https:\/\/www.hispanorama-tours.com\/es\/#organization\"},\"potentialAction\":[{\"@type\":\"SearchAction\",\"target\":{\"@type\":\"EntryPoint\",\"urlTemplate\":\"https:\/\/www.hispanorama-tours.com\/es\/?s={search_term_string}\"},\"query-input\":{\"@type\":\"PropertyValueSpecification\",\"valueRequired\":true,\"valueName\":\"search_term_string\"}}],\"inLanguage\":\"es\"},{\"@type\":\"Organization\",\"@id\":\"https:\/\/www.hispanorama-tours.com\/es\/#organization\",\"name\":\"DMC for Spain Hispanorama tours & incentives\",\"url\":\"https:\/\/www.hispanorama-tours.com\/es\/\",\"logo\":{\"@type\":\"ImageObject\",\"inLanguage\":\"es\",\"@id\":\"https:\/\/www.hispanorama-tours.com\/es\/#\/schema\/logo\/image\/\",\"url\":\"https:\/\/www.hispanorama-tours.com\/wp-content\/uploads\/2018\/06\/logo_hispanorama_tours_and_incentives3-1.png\",\"contentUrl\":\"https:\/\/www.hispanorama-tours.com\/wp-content\/uploads\/2018\/06\/logo_hispanorama_tours_and_incentives3-1.png\",\"width\":185,\"height\":120,\"caption\":\"DMC for Spain Hispanorama tours & incentives\"},\"image\":{\"@id\":\"https:\/\/www.hispanorama-tours.com\/es\/#\/schema\/logo\/image\/\"},\"sameAs\":[\"https:\/\/www.facebook.com\/HispanoramaTours\/\",\"https:\/\/x.com\/HispanoramaMAD\",\"https:\/\/www.linkedin.com\/company\/hispanorama-tours-&amp;-incentives\/\"]}]}<\/script>\n<!-- \/ Yoast SEO plugin. -->","yoast_head_json":{"title":"Pol\u00edtica de Privacidad - DMC Spanien - Destination Management Company (DMC) in Spanien","description":"Pol\u00edtica de Privacidad de Hispanorama Tours & Incentives, S.L.","robots":{"index":"index","follow":"follow","max-snippet":"max-snippet:-1","max-image-preview":"max-image-preview:large","max-video-preview":"max-video-preview:-1"},"canonical":"https:\/\/www.hispanorama-tours.com\/es\/dmc-spain-politica-de-privacidad\/","og_locale":"es_ES","og_type":"article","og_title":"Pol\u00edtica de Privacidad - DMC Spanien - Destination Management Company (DMC) in Spanien","og_description":"Pol\u00edtica de Privacidad de Hispanorama Tours & Incentives, S.L.","og_url":"https:\/\/www.hispanorama-tours.com\/es\/dmc-spain-politica-de-privacidad\/","og_site_name":"DMC Spanien - Destination Management Company (DMC) in Spanien","article_publisher":"https:\/\/www.facebook.com\/HispanoramaTours\/","article_modified_time":"2026-02-09T11:52:10+00:00","twitter_card":"summary_large_image","twitter_site":"@HispanoramaMAD","twitter_misc":{"Tiempo de lectura":"5 minutos"},"schema":{"@context":"https:\/\/schema.org","@graph":[{"@type":"WebPage","@id":"https:\/\/www.hispanorama-tours.com\/es\/dmc-spain-politica-de-privacidad\/","url":"https:\/\/www.hispanorama-tours.com\/es\/dmc-spain-politica-de-privacidad\/","name":"Pol\u00edtica de Privacidad - DMC Spanien - Destination Management Company (DMC) in Spanien","isPartOf":{"@id":"https:\/\/www.hispanorama-tours.com\/es\/#website"},"datePublished":"2018-03-05T11:44:17+00:00","dateModified":"2026-02-09T11:52:10+00:00","description":"Pol\u00edtica de Privacidad de Hispanorama Tours & Incentives, S.L.","breadcrumb":{"@id":"https:\/\/www.hispanorama-tours.com\/es\/dmc-spain-politica-de-privacidad\/#breadcrumb"},"inLanguage":"es","potentialAction":[{"@type":"ReadAction","target":["https:\/\/www.hispanorama-tours.com\/es\/dmc-spain-politica-de-privacidad\/"]}]},{"@type":"BreadcrumbList","@id":"https:\/\/www.hispanorama-tours.com\/es\/dmc-spain-politica-de-privacidad\/#breadcrumb","itemListElement":[{"@type":"ListItem","position":1,"name":"Home","item":"https:\/\/www.hispanorama-tours.com\/es\/"},{"@type":"ListItem","position":2,"name":"Pol\u00edtica de Privacidad"}]},{"@type":"WebSite","@id":"https:\/\/www.hispanorama-tours.com\/es\/#website","url":"https:\/\/www.hispanorama-tours.com\/es\/","name":"DMC Spanien - Destination Management Company (DMC) in Spanien","description":"Destination Management Company (DMC) in Spanien","publisher":{"@id":"https:\/\/www.hispanorama-tours.com\/es\/#organization"},"potentialAction":[{"@type":"SearchAction","target":{"@type":"EntryPoint","urlTemplate":"https:\/\/www.hispanorama-tours.com\/es\/?s={search_term_string}"},"query-input":{"@type":"PropertyValueSpecification","valueRequired":true,"valueName":"search_term_string"}}],"inLanguage":"es"},{"@type":"Organization","@id":"https:\/\/www.hispanorama-tours.com\/es\/#organization","name":"DMC for Spain Hispanorama tours & incentives","url":"https:\/\/www.hispanorama-tours.com\/es\/","logo":{"@type":"ImageObject","inLanguage":"es","@id":"https:\/\/www.hispanorama-tours.com\/es\/#\/schema\/logo\/image\/","url":"https:\/\/www.hispanorama-tours.com\/wp-content\/uploads\/2018\/06\/logo_hispanorama_tours_and_incentives3-1.png","contentUrl":"https:\/\/www.hispanorama-tours.com\/wp-content\/uploads\/2018\/06\/logo_hispanorama_tours_and_incentives3-1.png","width":185,"height":120,"caption":"DMC for Spain Hispanorama tours & incentives"},"image":{"@id":"https:\/\/www.hispanorama-tours.com\/es\/#\/schema\/logo\/image\/"},"sameAs":["https:\/\/www.facebook.com\/HispanoramaTours\/","https:\/\/x.com\/HispanoramaMAD","https:\/\/www.linkedin.com\/company\/hispanorama-tours-&amp;-incentives\/"]}]}},"_links":{"self":[{"href":"https:\/\/www.hispanorama-tours.com\/es\/wp-json\/wp\/v2\/pages\/22328","targetHints":{"allow":["GET"]}}],"collection":[{"href":"https:\/\/www.hispanorama-tours.com\/es\/wp-json\/wp\/v2\/pages"}],"about":[{"href":"https:\/\/www.hispanorama-tours.com\/es\/wp-json\/wp\/v2\/types\/page"}],"author":[{"embeddable":true,"href":"https:\/\/www.hispanorama-tours.com\/es\/wp-json\/wp\/v2\/users\/2"}],"replies":[{"embeddable":true,"href":"https:\/\/www.hispanorama-tours.com\/es\/wp-json\/wp\/v2\/comments?post=22328"}],"version-history":[{"count":4,"href":"https:\/\/www.hispanorama-tours.com\/es\/wp-json\/wp\/v2\/pages\/22328\/revisions"}],"predecessor-version":[{"id":252244,"href":"https:\/\/www.hispanorama-tours.com\/es\/wp-json\/wp\/v2\/pages\/22328\/revisions\/252244"}],"wp:attachment":[{"href":"https:\/\/www.hispanorama-tours.com\/es\/wp-json\/wp\/v2\/media?parent=22328"}],"curies":[{"name":"wp","href":"https:\/\/api.w.org\/{rel}","templated":true}]}}