
{"id":22313,"date":"2019-02-18T09:42:41","date_gmt":"2019-02-18T08:42:41","guid":{"rendered":"https:\/\/www.hispanorama-tours.com\/dmc-spain-blog-privacy-policy\/"},"modified":"2019-02-18T10:16:08","modified_gmt":"2019-02-18T09:16:08","slug":"dmc-spain-blog-privacy-policy","status":"publish","type":"page","link":"https:\/\/www.hispanorama-tours.com\/es\/dmc-spain-blog-privacy-policy\/","title":{"rendered":"Pol\u00edtica de Privacidad del Blog"},"content":{"rendered":"<p><strong>1.- Informaci\u00f3n al Usuario<\/strong><\/p>\n<p>HISPANORAMA TOURS &#038; INCENTIVES SL informa a los usuarios del sitio web sobre su pol\u00edtica respecto del tratamiento y protecci\u00f3n de los datos de car\u00e1cter personal de los usuarios y clientes que puedan ser recabados por la navegaci\u00f3n o contrataci\u00f3n de servicios o adquisici\u00f3n de productos, a trav\u00e9s de su sitio web.<\/p>\n<p>HISPANORAMA TOURS &#038; INCENTIVES SL es el Responsable del tratamiento de los datos personales del Usuario y le informa que estos datos ser\u00e1n tratados de conformidad con lo dispuesto en las normativas vigentes en materia de protecci\u00f3n de datos personales, el Reglamento (UE) 2016\/679 de 27 de abril de 2016 (GDPR) relativo a la protecci\u00f3n de las personas f\u00edsicas en lo que respecta al tratamiento de datos personales y a la libre circulaci\u00f3n de estos datos y la Ley Org\u00e1nica (ES) 3\/2018 de 5 de diciembre (LOPDGDD) relativa a la protecci\u00f3n de datos de car\u00e1cter personal y garant\u00eda de derechos digitales, por lo que se le facilita la siguiente informaci\u00f3n del tratamiento:<\/p>\n<p><strong>Fin del tratamiento:<\/strong> mantener una relaci\u00f3n comercial con el Usuario. Las operaciones previstas para realizar el tratamiento son:<br \/>\nRemisi\u00f3n de comunicaciones comerciales publicitarias por email, fax, SMS, MMS, redes sociales o cualquier otro medio electr\u00f3nico o f\u00edsico, presente o futuro, que posibilite realizar comunicaciones comerciales. Estas comunicaciones ser\u00e1n realizadas por HISPANORAMA TOURS &#038; INCENTIVES SL y relacionadas con sus productos y servicios, o con los de sus colaboradores o proveedores con los que \u00e9ste haya alcanzado alg\u00fan acuerdo de promoci\u00f3n. En este caso, los terceros nunca tendr\u00e1n acceso a los datos personales.<br \/>\nRealizar estudios estad\u00edsticos.<br \/>\nTramitar encargos, solicitudes o cualquier tipo de petici\u00f3n que sea realizada por el usuario a trav\u00e9s de cualquiera de las formas de contacto que se ponen a su disposici\u00f3n.<br \/>\nRemitir el bolet\u00edn de noticias de la p\u00e1gina web. <\/p>\n<p><strong>Criterios de conservaci\u00f3n de los datos:<\/strong> se conservar\u00e1n mientras exista un inter\u00e9s mutuo para mantener el fin del tratamiento y cuando ya no sea necesario para tal fin, se suprimir\u00e1n con medidas de seguridad adecuadas para garantizar la seudonimizaci\u00f3n de los datos o la destrucci\u00f3n total de los mismos.<\/p>\n<p><strong>Comunicaci\u00f3n de los datos:<\/strong> No se comunicar\u00e1n los datos a ning\u00fan destinatario.<\/p>\n<p><strong>Derechos que asisten al Usuario:<\/strong><br \/>\nDerecho a retirar el consentimiento en cualquier momento.<br \/>\nDerecho de acceso, rectificaci\u00f3n y supresi\u00f3n de sus datos y a la limitaci\u00f3n u oposici\u00f3n a su tratamiento.<br \/>\nDerecho a presentar una reclamaci\u00f3n ante la Autoridad de control (agpd.es) si considera que el tratamiento no se ajusta a la normativa vigente.<\/p>\n<p><strong>Datos de contacto para ejercer sus derechos:<\/strong><br \/>\nDirecci\u00f3n postal: HISPANORAMA TOURS &#038; INCENTIVES SL Plaza Callao, 1-6\u00aa Planta, Of.10. 28013 Madrid.<br \/>\nDirecci\u00f3n electr\u00f3nica:  <a href=\"mailto:info@hispanorama-tours.com\">info@hispanorama-tours.com<\/a>.<\/p>\n<p><strong>Transferencia internacional de datos personales:<\/strong><br \/>\nEn el caso de utilizar el bot\u00f3n \u201cEnviar e-mail\u201d disponible en el Blog cuando el usuario quiere dejar un mensaje, debe saber que los datos que introduzca en el formulario que aparecer\u00e1 a continuaci\u00f3n ser\u00e1n enviados a los servidores de AddThis en EE UU, estando esta transferencia internacional de datos amparada bajo los acuerdos del Privacy Shield entre los Estados Unidos y la Uni\u00f3n Europea.<\/p>\n<p><strong>2.- Car\u00e1cter obligatorio o facultativo de la informaci\u00f3n facilitada por el usuario<\/strong><\/p>\n<p>Los Usuarios, mediante la marcaci\u00f3n de las casillas correspondientes y entrada de datos en los campos, marcados con un asterisco (*) en el formulario de contacto o presentados en formularios de descarga, aceptan expresamente y de forma libre e inequ\u00edvoca, que sus datos son necesarias para atender su petici\u00f3n, por parte del prestador, siendo voluntaria la inclusi\u00f3n de datos en los campos restantes. <\/p>\n<p>El Usuario garantiza que los datos personales facilitados al prestador son veraces y se hace responsable de comunicar cualquier modificaci\u00f3n de los mismos. <\/p>\n<p>El prestador informa y garantiza expresamente a los usuarios que sus datos personales no ser\u00e1n cedidos en ning\u00fan caso a terceros, y que siempre que realizara alg\u00fan tipo de cesi\u00f3n de datos personales, se pedir\u00e1 previamente el consentimiento expreso, informado e inequ\u00edvoco por parte de los Usuarios.<\/p>\n<p>Todos los datos solicitados a trav\u00e9s del sitio web y marcados con (*) son obligatorios ya que son necesarios para la prestaci\u00f3n de un servicio \u00f3ptimo al Usuario. El resto de campos, aunque introducirlos resulte facultativo, pueden ser necesarios para disponer de toda la informaci\u00f3n necesaria para contestar adecuadamente a su consulta. En caso de que no sean facilitados todos los datos, no se garantiza que la informaci\u00f3n y servicios que el prestador le facilite, sean completamente ajustados a sus necesidades.<\/p>\n<p> <strong>3. Medidas de seguridad<\/strong><\/p>\n<p>Que de conformidad con lo dispuesto en las normativas vigentes en materia de protecci\u00f3n de datos personales, el prestador est\u00e1 cumpliendo con todas las disposiciones de las normativas GDPR y LOPDGDD para el tratamiento de los datos personales de su responsabilidad, y manifiestamente con los principios descritos en el art\u00edculo 5 del GDPR y el Titulo II de la LOPDGDD, por los cuales son tratados de manera l\u00edcita, leal y transparente en relaci\u00f3n con el interesado y adecuados, pertinentes y limitados a lo necesario en relaci\u00f3n con los fines para los que son tratados.<\/p>\n<p>El prestador garantiza que ha implementado pol\u00edticas t\u00e9cnicas y organizativas apropiadas para aplicar las medidas de seguridad que establecen el GDPR y la LOPDGDD con el fin de proteger los derechos y libertades de los Usuarios y les ha comunicado la informaci\u00f3n adecuada para que puedan ejercerlos.<\/p>\n","protected":false},"excerpt":{"rendered":"<p>1.- Informaci\u00f3n al Usuario HISPANORAMA TOURS &#038; INCENTIVES SL informa a los usuarios del sitio web sobre su pol\u00edtica respecto del tratamiento y protecci\u00f3n de los datos de car\u00e1cter personal de los usuarios y clientes que puedan ser recabados por la navegaci\u00f3n o contrataci\u00f3n de servicios o adquisici\u00f3n de productos, a trav\u00e9s de su sitio [&hellip;]<\/p>\n","protected":false},"author":2,"featured_media":0,"parent":0,"menu_order":0,"comment_status":"closed","ping_status":"closed","template":"","meta":{"_et_pb_use_builder":"","_et_pb_old_content":"","_et_gb_content_width":"","inline_featured_image":false,"footnotes":""},"class_list":["post-22313","page","type-page","status-publish","hentry"],"yoast_head":"<!-- This site is optimized with the Yoast SEO plugin v26.9 - https:\/\/yoast.com\/product\/yoast-seo-wordpress\/ -->\n<title>Pol\u00edtica de Privacidad del Blog - DMC Spanien - Destination Management Company (DMC) in Spanien<\/title>\n<meta name=\"robots\" content=\"index, follow, max-snippet:-1, max-image-preview:large, max-video-preview:-1\" \/>\n<link rel=\"canonical\" href=\"https:\/\/www.hispanorama-tours.com\/es\/dmc-spain-blog-privacy-policy\/\" \/>\n<meta property=\"og:locale\" content=\"es_ES\" \/>\n<meta property=\"og:type\" content=\"article\" \/>\n<meta property=\"og:title\" content=\"Pol\u00edtica de Privacidad del Blog - DMC Spanien - Destination Management Company (DMC) in Spanien\" \/>\n<meta property=\"og:description\" content=\"1.- Informaci\u00f3n al Usuario HISPANORAMA TOURS &#038; INCENTIVES SL informa a los usuarios del sitio web sobre su pol\u00edtica respecto del tratamiento y protecci\u00f3n de los datos de car\u00e1cter personal de los usuarios y clientes que puedan ser recabados por la navegaci\u00f3n o contrataci\u00f3n de servicios o adquisici\u00f3n de productos, a trav\u00e9s de su sitio [&hellip;]\" \/>\n<meta property=\"og:url\" content=\"https:\/\/www.hispanorama-tours.com\/es\/dmc-spain-blog-privacy-policy\/\" \/>\n<meta property=\"og:site_name\" content=\"DMC Spanien - Destination Management Company (DMC) in Spanien\" \/>\n<meta property=\"article:publisher\" content=\"https:\/\/www.facebook.com\/HispanoramaTours\/\" \/>\n<meta property=\"article:modified_time\" content=\"2019-02-18T09:16:08+00:00\" \/>\n<meta name=\"twitter:card\" content=\"summary_large_image\" \/>\n<meta name=\"twitter:site\" content=\"@HispanoramaMAD\" \/>\n<meta name=\"twitter:label1\" content=\"Tiempo de lectura\" \/>\n\t<meta name=\"twitter:data1\" content=\"5 minutos\" \/>\n<script type=\"application\/ld+json\" class=\"yoast-schema-graph\">{\"@context\":\"https:\/\/schema.org\",\"@graph\":[{\"@type\":\"WebPage\",\"@id\":\"https:\/\/www.hispanorama-tours.com\/es\/dmc-spain-blog-privacy-policy\/\",\"url\":\"https:\/\/www.hispanorama-tours.com\/es\/dmc-spain-blog-privacy-policy\/\",\"name\":\"Pol\u00edtica de Privacidad del Blog - DMC Spanien - Destination Management Company (DMC) in Spanien\",\"isPartOf\":{\"@id\":\"https:\/\/www.hispanorama-tours.com\/es\/#website\"},\"datePublished\":\"2019-02-18T08:42:41+00:00\",\"dateModified\":\"2019-02-18T09:16:08+00:00\",\"breadcrumb\":{\"@id\":\"https:\/\/www.hispanorama-tours.com\/es\/dmc-spain-blog-privacy-policy\/#breadcrumb\"},\"inLanguage\":\"es\",\"potentialAction\":[{\"@type\":\"ReadAction\",\"target\":[\"https:\/\/www.hispanorama-tours.com\/es\/dmc-spain-blog-privacy-policy\/\"]}]},{\"@type\":\"BreadcrumbList\",\"@id\":\"https:\/\/www.hispanorama-tours.com\/es\/dmc-spain-blog-privacy-policy\/#breadcrumb\",\"itemListElement\":[{\"@type\":\"ListItem\",\"position\":1,\"name\":\"Home\",\"item\":\"https:\/\/www.hispanorama-tours.com\/es\/\"},{\"@type\":\"ListItem\",\"position\":2,\"name\":\"Pol\u00edtica de Privacidad del Blog\"}]},{\"@type\":\"WebSite\",\"@id\":\"https:\/\/www.hispanorama-tours.com\/es\/#website\",\"url\":\"https:\/\/www.hispanorama-tours.com\/es\/\",\"name\":\"DMC Spanien - Destination Management Company (DMC) in Spanien\",\"description\":\"Destination Management Company (DMC) in Spanien\",\"publisher\":{\"@id\":\"https:\/\/www.hispanorama-tours.com\/es\/#organization\"},\"potentialAction\":[{\"@type\":\"SearchAction\",\"target\":{\"@type\":\"EntryPoint\",\"urlTemplate\":\"https:\/\/www.hispanorama-tours.com\/es\/?s={search_term_string}\"},\"query-input\":{\"@type\":\"PropertyValueSpecification\",\"valueRequired\":true,\"valueName\":\"search_term_string\"}}],\"inLanguage\":\"es\"},{\"@type\":\"Organization\",\"@id\":\"https:\/\/www.hispanorama-tours.com\/es\/#organization\",\"name\":\"DMC for Spain Hispanorama tours & incentives\",\"url\":\"https:\/\/www.hispanorama-tours.com\/es\/\",\"logo\":{\"@type\":\"ImageObject\",\"inLanguage\":\"es\",\"@id\":\"https:\/\/www.hispanorama-tours.com\/es\/#\/schema\/logo\/image\/\",\"url\":\"https:\/\/www.hispanorama-tours.com\/wp-content\/uploads\/2018\/06\/logo_hispanorama_tours_and_incentives3-1.png\",\"contentUrl\":\"https:\/\/www.hispanorama-tours.com\/wp-content\/uploads\/2018\/06\/logo_hispanorama_tours_and_incentives3-1.png\",\"width\":185,\"height\":120,\"caption\":\"DMC for Spain Hispanorama tours & incentives\"},\"image\":{\"@id\":\"https:\/\/www.hispanorama-tours.com\/es\/#\/schema\/logo\/image\/\"},\"sameAs\":[\"https:\/\/www.facebook.com\/HispanoramaTours\/\",\"https:\/\/x.com\/HispanoramaMAD\",\"https:\/\/www.linkedin.com\/company\/hispanorama-tours-&amp;-incentives\/\"]}]}<\/script>\n<!-- \/ Yoast SEO plugin. -->","yoast_head_json":{"title":"Pol\u00edtica de Privacidad del Blog - DMC Spanien - Destination Management Company (DMC) in Spanien","robots":{"index":"index","follow":"follow","max-snippet":"max-snippet:-1","max-image-preview":"max-image-preview:large","max-video-preview":"max-video-preview:-1"},"canonical":"https:\/\/www.hispanorama-tours.com\/es\/dmc-spain-blog-privacy-policy\/","og_locale":"es_ES","og_type":"article","og_title":"Pol\u00edtica de Privacidad del Blog - DMC Spanien - Destination Management Company (DMC) in Spanien","og_description":"1.- Informaci\u00f3n al Usuario HISPANORAMA TOURS &#038; INCENTIVES SL informa a los usuarios del sitio web sobre su pol\u00edtica respecto del tratamiento y protecci\u00f3n de los datos de car\u00e1cter personal de los usuarios y clientes que puedan ser recabados por la navegaci\u00f3n o contrataci\u00f3n de servicios o adquisici\u00f3n de productos, a trav\u00e9s de su sitio [&hellip;]","og_url":"https:\/\/www.hispanorama-tours.com\/es\/dmc-spain-blog-privacy-policy\/","og_site_name":"DMC Spanien - Destination Management Company (DMC) in Spanien","article_publisher":"https:\/\/www.facebook.com\/HispanoramaTours\/","article_modified_time":"2019-02-18T09:16:08+00:00","twitter_card":"summary_large_image","twitter_site":"@HispanoramaMAD","twitter_misc":{"Tiempo de lectura":"5 minutos"},"schema":{"@context":"https:\/\/schema.org","@graph":[{"@type":"WebPage","@id":"https:\/\/www.hispanorama-tours.com\/es\/dmc-spain-blog-privacy-policy\/","url":"https:\/\/www.hispanorama-tours.com\/es\/dmc-spain-blog-privacy-policy\/","name":"Pol\u00edtica de Privacidad del Blog - DMC Spanien - Destination Management Company (DMC) in Spanien","isPartOf":{"@id":"https:\/\/www.hispanorama-tours.com\/es\/#website"},"datePublished":"2019-02-18T08:42:41+00:00","dateModified":"2019-02-18T09:16:08+00:00","breadcrumb":{"@id":"https:\/\/www.hispanorama-tours.com\/es\/dmc-spain-blog-privacy-policy\/#breadcrumb"},"inLanguage":"es","potentialAction":[{"@type":"ReadAction","target":["https:\/\/www.hispanorama-tours.com\/es\/dmc-spain-blog-privacy-policy\/"]}]},{"@type":"BreadcrumbList","@id":"https:\/\/www.hispanorama-tours.com\/es\/dmc-spain-blog-privacy-policy\/#breadcrumb","itemListElement":[{"@type":"ListItem","position":1,"name":"Home","item":"https:\/\/www.hispanorama-tours.com\/es\/"},{"@type":"ListItem","position":2,"name":"Pol\u00edtica de Privacidad del Blog"}]},{"@type":"WebSite","@id":"https:\/\/www.hispanorama-tours.com\/es\/#website","url":"https:\/\/www.hispanorama-tours.com\/es\/","name":"DMC Spanien - Destination Management Company (DMC) in Spanien","description":"Destination Management Company (DMC) in Spanien","publisher":{"@id":"https:\/\/www.hispanorama-tours.com\/es\/#organization"},"potentialAction":[{"@type":"SearchAction","target":{"@type":"EntryPoint","urlTemplate":"https:\/\/www.hispanorama-tours.com\/es\/?s={search_term_string}"},"query-input":{"@type":"PropertyValueSpecification","valueRequired":true,"valueName":"search_term_string"}}],"inLanguage":"es"},{"@type":"Organization","@id":"https:\/\/www.hispanorama-tours.com\/es\/#organization","name":"DMC for Spain Hispanorama tours & incentives","url":"https:\/\/www.hispanorama-tours.com\/es\/","logo":{"@type":"ImageObject","inLanguage":"es","@id":"https:\/\/www.hispanorama-tours.com\/es\/#\/schema\/logo\/image\/","url":"https:\/\/www.hispanorama-tours.com\/wp-content\/uploads\/2018\/06\/logo_hispanorama_tours_and_incentives3-1.png","contentUrl":"https:\/\/www.hispanorama-tours.com\/wp-content\/uploads\/2018\/06\/logo_hispanorama_tours_and_incentives3-1.png","width":185,"height":120,"caption":"DMC for Spain Hispanorama tours & incentives"},"image":{"@id":"https:\/\/www.hispanorama-tours.com\/es\/#\/schema\/logo\/image\/"},"sameAs":["https:\/\/www.facebook.com\/HispanoramaTours\/","https:\/\/x.com\/HispanoramaMAD","https:\/\/www.linkedin.com\/company\/hispanorama-tours-&amp;-incentives\/"]}]}},"_links":{"self":[{"href":"https:\/\/www.hispanorama-tours.com\/es\/wp-json\/wp\/v2\/pages\/22313","targetHints":{"allow":["GET"]}}],"collection":[{"href":"https:\/\/www.hispanorama-tours.com\/es\/wp-json\/wp\/v2\/pages"}],"about":[{"href":"https:\/\/www.hispanorama-tours.com\/es\/wp-json\/wp\/v2\/types\/page"}],"author":[{"embeddable":true,"href":"https:\/\/www.hispanorama-tours.com\/es\/wp-json\/wp\/v2\/users\/2"}],"replies":[{"embeddable":true,"href":"https:\/\/www.hispanorama-tours.com\/es\/wp-json\/wp\/v2\/comments?post=22313"}],"version-history":[{"count":0,"href":"https:\/\/www.hispanorama-tours.com\/es\/wp-json\/wp\/v2\/pages\/22313\/revisions"}],"wp:attachment":[{"href":"https:\/\/www.hispanorama-tours.com\/es\/wp-json\/wp\/v2\/media?parent=22313"}],"curies":[{"name":"wp","href":"https:\/\/api.w.org\/{rel}","templated":true}]}}