
{"id":9370,"date":"2015-01-16T12:26:56","date_gmt":"2015-01-16T12:26:56","guid":{"rendered":"http:\/\/www.hispanorama-tours.com\/dmc-spanien-kontakt\/"},"modified":"2025-11-05T09:43:01","modified_gmt":"2025-11-05T08:43:01","slug":"dmc-spanien-kontakt","status":"publish","type":"page","link":"https:\/\/www.hispanorama-tours.com\/de_ch\/dmc-spanien-kontakt\/","title":{"rendered":"Kontakt Hispanorama"},"content":{"rendered":"<p>[et_pb_section fb_built=&#187;1&#8243; admin_label=&#187;section&#187; _builder_version=&#187;4.21.0&#8243; _module_preset=&#187;default&#187; custom_margin=&#187;||10rem||false|false&#187; custom_padding=&#187;0px||||false|false&#187; global_colors_info=&#187;{}&#187;][et_pb_row column_structure=&#187;2_5,3_5&#8243; _builder_version=&#187;4.21.0&#8243; _module_preset=&#187;default&#187; custom_margin=&#187;|||||false&#187; custom_padding=&#187;||||false|true&#187; global_colors_info=&#187;{}&#187;][et_pb_column type=&#187;2_5&#8243; _builder_version=&#187;4.21.0&#8243; _module_preset=&#187;default&#187; global_colors_info=&#187;{}&#187;][et_pb_text _builder_version=&#187;4.21.0&#8243; _module_preset=&#187;default&#187; text_font=&#187;||||||||&#187; link_font=&#187;||||||||&#187; ul_font=&#187;||||||||&#187; ol_font=&#187;||||||||&#187; quote_font=&#187;||||||||&#187; header_font=&#187;||||||||&#187; header_text_align=&#187;center&#187; header_2_font=&#187;|700|||||||&#187; header_2_font_size=&#187;36px&#187; header_2_line_height=&#187;1.5em&#187; header_3_font=&#187;||||||||&#187; max_width=&#187;800px&#187; module_alignment=&#187;center&#187; header_2_font_size_tablet=&#187;34px&#187; header_2_font_size_phone=&#187;30px&#187; header_2_font_size_last_edited=&#187;on|phone&#187; global_colors_info=&#187;{}&#187;]<\/p>\n<h2>Kontakt Hispanorama<\/h2>\n<p>[\/et_pb_text][\/et_pb_column][et_pb_column type=&#187;3_5&#8243; _builder_version=&#187;4.21.0&#8243; _module_preset=&#187;default&#187; global_colors_info=&#187;{}&#187;][\/et_pb_column][\/et_pb_row][et_pb_row admin_label=&#187;row&#187; _builder_version=&#187;4.21.0&#8243; _module_preset=&#187;default&#187; background_size=&#187;initial&#187; background_position=&#187;top_left&#187; background_repeat=&#187;repeat&#187; custom_padding=&#187;0px||4rem||false|false&#187; global_colors_info=&#187;{}&#187;][et_pb_column type=&#187;4_4&#8243; _builder_version=&#187;4.16&#8243; _module_preset=&#187;default&#187; custom_padding=&#187;|||&#187; global_colors_info=&#187;{}&#187; custom_padding__hover=&#187;|||&#187;][et_pb_text admin_label=&#187;Text&#187; _builder_version=&#187;4.27.4&#8243; _module_preset=&#187;default&#187; background_size=&#187;initial&#187; background_position=&#187;top_left&#187; background_repeat=&#187;repeat&#187; hover_enabled=&#187;0&#8243; global_colors_info=&#187;{}&#187; sticky_enabled=&#187;0&#8243;]<iframe src=\"https:\/\/www.google.com\/maps\/embed?pb=!1m18!1m12!1m3!1d3037.0032483511163!2d-3.712491387218421!3d40.4309269713181!2m3!1f0!2f0!3f0!3m2!1i1024!2i768!4f13.1!3m3!1m2!1s0xd42286704d0c67b%3A0xe4a599c62036ae57!2sC%2F%20de%20Emilio%20Carrere%2C%207%2C%20bajo%20A%2C%20Chamber%C3%AD%2C%2028015%20Madrid!5e0!3m2!1ses!2ses!4v1762331910107!5m2!1ses!2ses\" width=\"100%\" height=\"350\" style=\"border:0;\" allowfullscreen=\"\" loading=\"lazy\" referrerpolicy=\"no-referrer-when-downgrade\"><\/iframe>[\/et_pb_text][\/et_pb_column][\/et_pb_row][et_pb_row column_structure=&#187;1_2,1_2&#8243; admin_label=&#187;row&#187; module_id=&#187;cont-kontakt&#187; _builder_version=&#187;4.21.0&#8243; _module_preset=&#187;default&#187; background_image=&#187;https:\/\/www.hispanorama-tours.com\/wp-content\/uploads\/2023\/06\/logo_hispanorama_tours_and_incentives_marca.jpg&#187; background_size=&#187;initial&#187; background_position=&#187;bottom_right&#187; custom_padding=&#187;0px||||false|false&#187; background_last_edited=&#187;on|desktop&#187; background_size_tablet=&#187;contain&#187; global_colors_info=&#187;{}&#187;][et_pb_column type=&#187;1_2&#8243; _builder_version=&#187;4.16&#8243; _module_preset=&#187;default&#187; custom_padding=&#187;|||&#187; global_colors_info=&#187;{}&#187; custom_padding__hover=&#187;|||&#187;][et_pb_text _builder_version=&#187;4.21.0&#8243; _module_preset=&#187;default&#187; header_4_text_color=&#187;#d20a11&#8243; background_size=&#187;initial&#187; background_position=&#187;top_left&#187; background_repeat=&#187;repeat&#187; global_colors_info=&#187;{}&#187;]<\/p>\n<h4>Hispanorama tours &amp; incentives S.L.,<br \/>\nDMC Incoming Agentur f\u00fcr Spanien<\/h4>\n<p>Falls Sie uns Ihre Vorschl\u00e4ge, Anregungen und Kommentare mitteilen m\u00f6chten, f\u00fcllen Sie bitte das Formular aus.<\/p>\n<p>Bei Anfragen bitten wir Sie um m\u00f6glichst detaillierte Angaben. Wir setzen uns umgehend mit Ihnen in Verbindung![\/et_pb_text][et_pb_text _builder_version=&#187;4.27.4&#8243; _module_preset=&#187;default&#187; text_font=&#187;||||||||&#187; link_font=&#187;||||||||&#187; ul_font=&#187;||||||||&#187; ol_font=&#187;||||||||&#187; quote_font=&#187;||||||||&#187; header_font=&#187;||||||||&#187; header_text_align=&#187;center&#187; header_2_font=&#187;|700|||||||&#187; header_2_font_size=&#187;36px&#187; header_2_line_height=&#187;1.5em&#187; header_3_font=&#187;|600|||||||&#187; header_3_font_size=&#187;25px&#187; header_3_line_height=&#187;1.2em&#187; max_width=&#187;800px&#187; module_alignment=&#187;center&#187; custom_margin=&#187;2rem||||false|false&#187; header_2_font_size_tablet=&#187;34px&#187; header_2_font_size_phone=&#187;30px&#187; header_2_font_size_last_edited=&#187;on|phone&#187; header_3_font_size_tablet=&#187;23px&#187; header_3_font_size_phone=&#187;22px&#187; header_3_font_size_last_edited=&#187;on|phone&#187; global_colors_info=&#187;{}&#187;]<\/p>\n<table border=\"0\" cellpadding=\"0\" cellspacing=\"0\" style=\"border: none;\">\n<tbody>\n<tr>\n<td style=\"width: 50px; text-align: center; padding: 10px 0; vertical-align: top; border: none;\" valign=\"top\"><img loading=\"lazy\" decoding=\"async\" width=\"32\" height=\"43\" src=\"\/wp-content\/uploads\/2023\/06\/icon_geo.png\" style=\"height: 25px; max-width: none; width: auto;\" alt=\"ico direcci\u00f3n\" class=\"wp-image-242576 alignnone size-full\" \/><\/td>\n<td style=\"text-align: left; padding: 10px 0; vertical-align: top; border: none;\" valign=\"top\"><strong>C\/ Emilio Carrere 7, bajo A.<\/strong><br \/>\n28015 Madrid<br \/>\nSpain<\/td>\n<\/tr>\n<tr>\n<td style=\"text-align: center; padding: 10px 0; border: none;\"><img loading=\"lazy\" decoding=\"async\" width=\"28\" height=\"44\" src=\"\/wp-content\/uploads\/2023\/06\/icon_phone.png\" style=\"height: 25px; max-width: none; width: auto;\" alt=\"ico phone\" class=\"wp-image-242586 alignnone size-full\" \/><\/td>\n<td style=\"text-align: left; padding: 10px 0; border: none;\"><strong>Telefon<\/strong>: <a href=\"tel:+34915215966\">+34 91 521 59 66<\/a><\/td>\n<\/tr>\n<tr>\n<td style=\"text-align: center; padding: 10px 0; border: none;\"><img loading=\"lazy\" decoding=\"async\" width=\"33\" height=\"25\" src=\"\/wp-content\/uploads\/2023\/06\/icon_envelope.png\" style=\"height: 16px; max-width: none; width: auto;\" alt=\"ico mail\" class=\"wp-image-242566 alignnone size-full\" \/><\/td>\n<td style=\"text-align: left; padding: 10px 0; border: none;\"><strong>Email<\/strong>: <a href=\"mailto:info@hispanorama-tours.com\">info@hispanorama-tours.com<\/a><\/td>\n<\/tr>\n<\/tbody>\n<\/table>\n<p>[\/et_pb_text][\/et_pb_column][et_pb_column type=&#187;1_2&#8243; _builder_version=&#187;4.16&#8243; _module_preset=&#187;default&#187; custom_padding=&#187;|||&#187; global_colors_info=&#187;{}&#187; custom_padding__hover=&#187;|||&#187;][et_pb_code module_class=&#187;kontakt&#187; _builder_version=&#187;4.21.0&#8243; _module_preset=&#187;default&#187; global_colors_info=&#187;{}&#187;]\n<div class=\"wpcf7 no-js\" id=\"wpcf7-f250952-o1\" lang=\"de-CH\" dir=\"ltr\" data-wpcf7-id=\"250952\">\n<div class=\"screen-reader-response\"><p role=\"status\" aria-live=\"polite\" aria-atomic=\"true\"><\/p> <ul><\/ul><\/div>\n<form action=\"\/de_ch\/wp-json\/wp\/v2\/pages\/9370#wpcf7-f250952-o1\" method=\"post\" class=\"wpcf7-form init\" aria-label=\"Contact form\" novalidate=\"novalidate\" data-status=\"init\">\n<fieldset class=\"hidden-fields-container\"><input type=\"hidden\" name=\"_wpcf7\" value=\"250952\" \/><input type=\"hidden\" name=\"_wpcf7_version\" value=\"6.1.5\" \/><input type=\"hidden\" name=\"_wpcf7_locale\" value=\"de_CH\" \/><input type=\"hidden\" name=\"_wpcf7_unit_tag\" value=\"wpcf7-f250952-o1\" \/><input type=\"hidden\" name=\"_wpcf7_container_post\" value=\"0\" \/><input type=\"hidden\" name=\"_wpcf7_posted_data_hash\" value=\"\" \/><input type=\"hidden\" name=\"_wpcf7_recaptcha_response\" value=\"\" \/>\n<\/fieldset>\n<div>\n\t<p><label for=\"firma\">Firma (*):<\/label><span class=\"wpcf7-form-control-wrap\" data-name=\"emp\"><input size=\"40\" maxlength=\"400\" class=\"wpcf7-form-control wpcf7-text wpcf7-validates-as-required\" id=\"firma\" aria-required=\"true\" aria-invalid=\"false\" value=\"\" type=\"text\" name=\"emp\" \/><\/span>\n\t<\/p>\n<\/div>\n<div>\n\t<p><label for=\"contact\">Kontakt-Person:<\/label><span class=\"wpcf7-form-control-wrap\" data-name=\"contact\"><input size=\"40\" maxlength=\"400\" class=\"wpcf7-form-control wpcf7-text\" id=\"contact\" aria-invalid=\"false\" value=\"\" type=\"text\" name=\"contact\" \/><\/span>\n\t<\/p>\n<\/div>\n<div>\n\t<p><label for=\"addr\">Strasse und Nummer (*):<\/label><span class=\"wpcf7-form-control-wrap\" data-name=\"addr\"><input size=\"40\" maxlength=\"400\" class=\"wpcf7-form-control wpcf7-text wpcf7-validates-as-required\" id=\"addr\" aria-required=\"true\" aria-invalid=\"false\" value=\"\" type=\"text\" name=\"addr\" \/><\/span>\n\t<\/p>\n<\/div>\n<div>\n\t<p><label for=\"city\">Ort (*):<\/label><span class=\"wpcf7-form-control-wrap\" data-name=\"city\"><input size=\"40\" maxlength=\"400\" class=\"wpcf7-form-control wpcf7-text wpcf7-validates-as-required\" id=\"city\" aria-required=\"true\" aria-invalid=\"false\" value=\"\" type=\"text\" name=\"city\" \/><\/span>\n\t<\/p>\n<\/div>\n<div>\n\t<p><label class=\"cityzc\" for=\"cityzc\">PLZ (*):<\/label><span class=\"wpcf7-form-control-wrap\" data-name=\"zc\"><input size=\"40\" maxlength=\"400\" class=\"wpcf7-form-control wpcf7-text wpcf7-validates-as-required\" id=\"cityzc\" aria-required=\"true\" aria-invalid=\"false\" value=\"\" type=\"text\" name=\"zc\" \/><\/span>\n\t<\/p>\n<\/div>\n<div>\n\t<p><label for=\"country\">Land (*):<\/label><span class=\"wpcf7-form-control-wrap\" data-name=\"country\"><input size=\"40\" maxlength=\"400\" class=\"wpcf7-form-control wpcf7-text wpcf7-validates-as-required\" id=\"country\" aria-required=\"true\" aria-invalid=\"false\" value=\"\" type=\"text\" name=\"country\" \/><\/span>\n\t<\/p>\n<\/div>\n<div>\n\t<p><label for=\"tel\">Telefon (*):<\/label><span class=\"wpcf7-form-control-wrap\" data-name=\"tel\"><input size=\"40\" maxlength=\"400\" class=\"wpcf7-form-control wpcf7-tel wpcf7-validates-as-required wpcf7-text wpcf7-validates-as-tel\" id=\"tel\" aria-required=\"true\" aria-invalid=\"false\" value=\"\" type=\"tel\" name=\"tel\" \/><\/span>\n\t<\/p>\n<\/div>\n<div>\n\t<p><label for=\"email\">e-mail (*):<\/label><span class=\"wpcf7-form-control-wrap\" data-name=\"e-mail\"><input size=\"40\" maxlength=\"400\" class=\"wpcf7-form-control wpcf7-email wpcf7-validates-as-required wpcf7-text wpcf7-validates-as-email\" id=\"email\" aria-required=\"true\" aria-invalid=\"false\" value=\"\" type=\"email\" name=\"e-mail\" \/><\/span>\n\t<\/p>\n<\/div>\n<div class=\"comentarios\">\n\t<p><label for=\"message\">Nachricht:<\/label><span class=\"wpcf7-form-control-wrap\" data-name=\"message\"><textarea cols=\"40\" rows=\"10\" maxlength=\"2000\" class=\"wpcf7-form-control wpcf7-textarea\" id=\"message\" aria-invalid=\"false\" name=\"message\"><\/textarea><\/span>\n\t<\/p>\n<\/div>\n<div class=\"capa-legal\">\n\t<p><strong>DATA PROTECTION:<\/strong> In accordance with data protection regulations, we provide you with the following processing information:<br \/>\n<strong>Responsible:<\/strong> Hispanorama Tours & Incentives SL<br \/>\n<strong>Purposes of the processing:<\/strong> to respond to queries or any type of request made by the user through any of the contact forms made available on the website. Sending product or service communications (with your consent).<br \/>\n<strong>Your rights:<\/strong> access, rectification, portability, erasure, limitation and opposition. More information on processing can be found in the <a href=\"\/en\/dmc-spain-privacy-policy\/\" target=\"_blank\">Privacy Policy<\/a>\n\t<\/p>\n<\/div>\n<div class=\"capa-politicas\">\n\t<p><span class=\"wpcf7-form-control-wrap\" data-name=\"aceptolegales\"><span class=\"wpcf7-form-control wpcf7-acceptance\"><span class=\"wpcf7-list-item\"><input type=\"checkbox\" name=\"aceptolegales\" value=\"1\" id=\"legal\" aria-invalid=\"false\" \/><\/span><\/span><\/span><label for=\"legal\">I agree to the processing of my data for the purposes described<\/label>\n\t<\/p>\n<\/div>\n<div class=\"btn-send\">\n\t<p><button class=\"wpcf7-form-control wpcf7-submit has-spinner et_pb_button et_pb_bg_layout_light\" type=\"submit\" value=\"Absenden\">Absenden<\/button>\n\t<\/p>\n<\/div><div class=\"wpcf7-response-output\" aria-hidden=\"true\"><\/div>\n<\/form>\n<\/div>\n[\/et_pb_code][\/et_pb_column][\/et_pb_row][\/et_pb_section]<\/p>\n","protected":false},"excerpt":{"rendered":"<p>Kontakt HispanoramaHispanorama tours &amp; incentives S.L., DMC Incoming Agentur f\u00fcr Spanien Falls Sie uns Ihre Vorschl\u00e4ge, Anregungen und Kommentare mitteilen m\u00f6chten, f\u00fcllen Sie bitte das Formular aus. Bei Anfragen bitten wir Sie um m\u00f6glichst detaillierte Angaben. Wir setzen uns umgehend mit Ihnen in Verbindung! C\/ Emilio Carrere 7, bajo A. 28015 Madrid Spain Telefon: +34 [&hellip;]<\/p>\n","protected":false},"author":1,"featured_media":0,"parent":0,"menu_order":0,"comment_status":"closed","ping_status":"closed","template":"","meta":{"_et_pb_use_builder":"on","_et_pb_old_content":"<h1><strong>Contact<\/strong><\/h1>\r\n<iframe src=\"https:\/\/www.google.com\/maps\/embed?pb=!1m18!1m12!1m3!1d3037.4040989925757!2d-3.711242384219935!3d40.42205007936465!2m3!1f0!2f0!3f0!3m2!1i1024!2i768!4f13.1!3m3!1m2!1s0xd42287b46e5ceb9%3A0xa161cf9bcc817552!2sCalle+Gran+V%C3%ADa%2C+59%2C+28013+Madrid!5e0!3m2!1ses!2ses!4v1531224424974\" width=\"100%\" height=\"350\" frameborder=\"0\"><\/iframe>\r\n<div id=\"pagecompuesta\">\r\n<div id=\"col-1\" class=\"texto\">\r\n<h2><strong>Hispanorama tours & incentives S.L.,\r\nDestination Management Company (DMC) for Spain <\/strong><\/h2>\r\nWe welcome your comments and suggestions very much, therefore we ask you to complete our contact form.\r\n\r\nIf you would like to send an enquiry, please give us as much detailed information as possible. We will communicate with you immediately!\r\n\r\nGran Via 59, 8\u00ba Dcha\r\n28013 Madrid\r\nSpain\r\n<div style=\"clear: both;\"><\/div>\r\n<div class=\"cajaphone\"><span class=\"phone\">Phone: +34 91 521 59 66<\/span>\r\n<span class=\"email\">Email: <a style=\"color: blue;\" href=\"mailto:info@hispanorama-tours.com\">info@hispanorama-tours.com<\/a><\/span><\/div>\r\n<\/div>\r\n<div id=\"col-2\" class=\"texto\">\r\n<h3><\/h3>\r\n[contact-form-7 id=\"623\" title=\"Contanto-en\"]\r\n\r\n<\/div>\r\n<\/div>","_et_gb_content_width":"","inline_featured_image":false,"footnotes":""},"class_list":["post-9370","page","type-page","status-publish","hentry"],"yoast_head":"<!-- This site is optimized with the Yoast SEO plugin v26.9 - https:\/\/yoast.com\/product\/yoast-seo-wordpress\/ -->\n<title>DMC Spain - Hispanorama Tours &amp; Incentives in Spain - Contact<\/title>\n<meta name=\"description\" content=\"Contact of Hispanorama Tours &amp; Incentives, Destination Management Company (DMC) for Spain specialized in organization of Group Tours and Incentive Travel in Spain for Tour operators, Travel Agencies and Incentive Agencies from all over the world.\" \/>\n<meta name=\"robots\" content=\"index, nofollow, max-snippet:-1, max-image-preview:large, max-video-preview:-1\" \/>\n<link rel=\"canonical\" href=\"https:\/\/www.hispanorama-tours.com\/de_ch\/dmc-spanien-kontakt\/\" \/>\n<meta property=\"og:locale\" content=\"de_DE\" \/>\n<meta property=\"og:type\" content=\"article\" \/>\n<meta property=\"og:title\" content=\"DMC Spain - Hispanorama Tours &amp; Incentives in Spain - Contact\" \/>\n<meta property=\"og:description\" content=\"Contact of Hispanorama Tours &amp; Incentives, Destination Management Company (DMC) for Spain specialized in organization of Group Tours and Incentive Travel in Spain for Tour operators, Travel Agencies and Incentive Agencies from all over the world.\" \/>\n<meta property=\"og:url\" content=\"https:\/\/www.hispanorama-tours.com\/de_ch\/dmc-spanien-kontakt\/\" \/>\n<meta property=\"og:site_name\" content=\"DMC Spanien\" \/>\n<meta property=\"article:publisher\" content=\"https:\/\/www.facebook.com\/HispanoramaTours\/\" \/>\n<meta property=\"article:modified_time\" content=\"2025-11-05T08:43:01+00:00\" \/>\n<meta name=\"twitter:card\" content=\"summary_large_image\" \/>\n<meta name=\"twitter:site\" content=\"@HispanoramaMAD\" \/>\n<meta name=\"twitter:label1\" content=\"Gesch\u00e4tzte Lesezeit\" \/>\n\t<meta name=\"twitter:data1\" content=\"2\u00a0Minuten\" \/>\n<script type=\"application\/ld+json\" class=\"yoast-schema-graph\">{\"@context\":\"https:\/\/schema.org\",\"@graph\":[{\"@type\":\"WebPage\",\"@id\":\"https:\/\/www.hispanorama-tours.com\/de_ch\/dmc-spanien-kontakt\/\",\"url\":\"https:\/\/www.hispanorama-tours.com\/de_ch\/dmc-spanien-kontakt\/\",\"name\":\"DMC Spain - Hispanorama Tours & Incentives in Spain - Contact\",\"isPartOf\":{\"@id\":\"https:\/\/www.hispanorama-tours.com\/de_ch\/#website\"},\"datePublished\":\"2015-01-16T12:26:56+00:00\",\"dateModified\":\"2025-11-05T08:43:01+00:00\",\"description\":\"Contact of Hispanorama Tours & Incentives, Destination Management Company (DMC) for Spain specialized in organization of Group Tours and Incentive Travel in Spain for Tour operators, Travel Agencies and Incentive Agencies from all over the world.\",\"breadcrumb\":{\"@id\":\"https:\/\/www.hispanorama-tours.com\/de_ch\/dmc-spanien-kontakt\/#breadcrumb\"},\"inLanguage\":\"de-CH\",\"potentialAction\":[{\"@type\":\"ReadAction\",\"target\":[\"https:\/\/www.hispanorama-tours.com\/de_ch\/dmc-spanien-kontakt\/\"]}]},{\"@type\":\"BreadcrumbList\",\"@id\":\"https:\/\/www.hispanorama-tours.com\/de_ch\/dmc-spanien-kontakt\/#breadcrumb\",\"itemListElement\":[{\"@type\":\"ListItem\",\"position\":1,\"name\":\"Home\",\"item\":\"https:\/\/www.hispanorama-tours.com\/de_ch\/\"},{\"@type\":\"ListItem\",\"position\":2,\"name\":\"Kontakt Hispanorama\"}]},{\"@type\":\"WebSite\",\"@id\":\"https:\/\/www.hispanorama-tours.com\/de_ch\/#website\",\"url\":\"https:\/\/www.hispanorama-tours.com\/de_ch\/\",\"name\":\"DMC Spanien\",\"description\":\"Destination Management Company (DMC) in Spanien\",\"publisher\":{\"@id\":\"https:\/\/www.hispanorama-tours.com\/de_ch\/#organization\"},\"potentialAction\":[{\"@type\":\"SearchAction\",\"target\":{\"@type\":\"EntryPoint\",\"urlTemplate\":\"https:\/\/www.hispanorama-tours.com\/de_ch\/?s={search_term_string}\"},\"query-input\":{\"@type\":\"PropertyValueSpecification\",\"valueRequired\":true,\"valueName\":\"search_term_string\"}}],\"inLanguage\":\"de-CH\"},{\"@type\":\"Organization\",\"@id\":\"https:\/\/www.hispanorama-tours.com\/de_ch\/#organization\",\"name\":\"DMC for Spain Hispanorama tours & incentives\",\"url\":\"https:\/\/www.hispanorama-tours.com\/de_ch\/\",\"logo\":{\"@type\":\"ImageObject\",\"inLanguage\":\"de-CH\",\"@id\":\"https:\/\/www.hispanorama-tours.com\/de_ch\/#\/schema\/logo\/image\/\",\"url\":\"https:\/\/www.hispanorama-tours.com\/wp-content\/uploads\/2018\/06\/logo_hispanorama_tours_and_incentives3-1.png\",\"contentUrl\":\"https:\/\/www.hispanorama-tours.com\/wp-content\/uploads\/2018\/06\/logo_hispanorama_tours_and_incentives3-1.png\",\"width\":185,\"height\":120,\"caption\":\"DMC for Spain Hispanorama tours & incentives\"},\"image\":{\"@id\":\"https:\/\/www.hispanorama-tours.com\/de_ch\/#\/schema\/logo\/image\/\"},\"sameAs\":[\"https:\/\/www.facebook.com\/HispanoramaTours\/\",\"https:\/\/x.com\/HispanoramaMAD\",\"https:\/\/www.linkedin.com\/company\/hispanorama-tours-&amp;-incentives\/\"]}]}<\/script>\n<!-- \/ Yoast SEO plugin. -->","yoast_head_json":{"title":"DMC Spain - Hispanorama Tours & Incentives in Spain - Contact","description":"Contact of Hispanorama Tours & Incentives, Destination Management Company (DMC) for Spain specialized in organization of Group Tours and Incentive Travel in Spain for Tour operators, Travel Agencies and Incentive Agencies from all over the world.","robots":{"index":"index","follow":"nofollow","max-snippet":"max-snippet:-1","max-image-preview":"max-image-preview:large","max-video-preview":"max-video-preview:-1"},"canonical":"https:\/\/www.hispanorama-tours.com\/de_ch\/dmc-spanien-kontakt\/","og_locale":"de_DE","og_type":"article","og_title":"DMC Spain - Hispanorama Tours & Incentives in Spain - Contact","og_description":"Contact of Hispanorama Tours & Incentives, Destination Management Company (DMC) for Spain specialized in organization of Group Tours and Incentive Travel in Spain for Tour operators, Travel Agencies and Incentive Agencies from all over the world.","og_url":"https:\/\/www.hispanorama-tours.com\/de_ch\/dmc-spanien-kontakt\/","og_site_name":"DMC Spanien","article_publisher":"https:\/\/www.facebook.com\/HispanoramaTours\/","article_modified_time":"2025-11-05T08:43:01+00:00","twitter_card":"summary_large_image","twitter_site":"@HispanoramaMAD","twitter_misc":{"Gesch\u00e4tzte Lesezeit":"2\u00a0Minuten"},"schema":{"@context":"https:\/\/schema.org","@graph":[{"@type":"WebPage","@id":"https:\/\/www.hispanorama-tours.com\/de_ch\/dmc-spanien-kontakt\/","url":"https:\/\/www.hispanorama-tours.com\/de_ch\/dmc-spanien-kontakt\/","name":"DMC Spain - Hispanorama Tours & Incentives in Spain - Contact","isPartOf":{"@id":"https:\/\/www.hispanorama-tours.com\/de_ch\/#website"},"datePublished":"2015-01-16T12:26:56+00:00","dateModified":"2025-11-05T08:43:01+00:00","description":"Contact of Hispanorama Tours & Incentives, Destination Management Company (DMC) for Spain specialized in organization of Group Tours and Incentive Travel in Spain for Tour operators, Travel Agencies and Incentive Agencies from all over the world.","breadcrumb":{"@id":"https:\/\/www.hispanorama-tours.com\/de_ch\/dmc-spanien-kontakt\/#breadcrumb"},"inLanguage":"de-CH","potentialAction":[{"@type":"ReadAction","target":["https:\/\/www.hispanorama-tours.com\/de_ch\/dmc-spanien-kontakt\/"]}]},{"@type":"BreadcrumbList","@id":"https:\/\/www.hispanorama-tours.com\/de_ch\/dmc-spanien-kontakt\/#breadcrumb","itemListElement":[{"@type":"ListItem","position":1,"name":"Home","item":"https:\/\/www.hispanorama-tours.com\/de_ch\/"},{"@type":"ListItem","position":2,"name":"Kontakt Hispanorama"}]},{"@type":"WebSite","@id":"https:\/\/www.hispanorama-tours.com\/de_ch\/#website","url":"https:\/\/www.hispanorama-tours.com\/de_ch\/","name":"DMC Spanien","description":"Destination Management Company (DMC) in Spanien","publisher":{"@id":"https:\/\/www.hispanorama-tours.com\/de_ch\/#organization"},"potentialAction":[{"@type":"SearchAction","target":{"@type":"EntryPoint","urlTemplate":"https:\/\/www.hispanorama-tours.com\/de_ch\/?s={search_term_string}"},"query-input":{"@type":"PropertyValueSpecification","valueRequired":true,"valueName":"search_term_string"}}],"inLanguage":"de-CH"},{"@type":"Organization","@id":"https:\/\/www.hispanorama-tours.com\/de_ch\/#organization","name":"DMC for Spain Hispanorama tours & incentives","url":"https:\/\/www.hispanorama-tours.com\/de_ch\/","logo":{"@type":"ImageObject","inLanguage":"de-CH","@id":"https:\/\/www.hispanorama-tours.com\/de_ch\/#\/schema\/logo\/image\/","url":"https:\/\/www.hispanorama-tours.com\/wp-content\/uploads\/2018\/06\/logo_hispanorama_tours_and_incentives3-1.png","contentUrl":"https:\/\/www.hispanorama-tours.com\/wp-content\/uploads\/2018\/06\/logo_hispanorama_tours_and_incentives3-1.png","width":185,"height":120,"caption":"DMC for Spain Hispanorama tours & incentives"},"image":{"@id":"https:\/\/www.hispanorama-tours.com\/de_ch\/#\/schema\/logo\/image\/"},"sameAs":["https:\/\/www.facebook.com\/HispanoramaTours\/","https:\/\/x.com\/HispanoramaMAD","https:\/\/www.linkedin.com\/company\/hispanorama-tours-&amp;-incentives\/"]}]}},"_links":{"self":[{"href":"https:\/\/www.hispanorama-tours.com\/de_ch\/wp-json\/wp\/v2\/pages\/9370","targetHints":{"allow":["GET"]}}],"collection":[{"href":"https:\/\/www.hispanorama-tours.com\/de_ch\/wp-json\/wp\/v2\/pages"}],"about":[{"href":"https:\/\/www.hispanorama-tours.com\/de_ch\/wp-json\/wp\/v2\/types\/page"}],"author":[{"embeddable":true,"href":"https:\/\/www.hispanorama-tours.com\/de_ch\/wp-json\/wp\/v2\/users\/1"}],"replies":[{"embeddable":true,"href":"https:\/\/www.hispanorama-tours.com\/de_ch\/wp-json\/wp\/v2\/comments?post=9370"}],"version-history":[{"count":6,"href":"https:\/\/www.hispanorama-tours.com\/de_ch\/wp-json\/wp\/v2\/pages\/9370\/revisions"}],"predecessor-version":[{"id":252202,"href":"https:\/\/www.hispanorama-tours.com\/de_ch\/wp-json\/wp\/v2\/pages\/9370\/revisions\/252202"}],"wp:attachment":[{"href":"https:\/\/www.hispanorama-tours.com\/de_ch\/wp-json\/wp\/v2\/media?parent=9370"}],"curies":[{"name":"wp","href":"https:\/\/api.w.org\/{rel}","templated":true}]}}