
{"id":250259,"date":"2023-07-06T07:44:08","date_gmt":"2023-07-06T05:44:08","guid":{"rendered":"https:\/\/www.hispanorama-tours.com\/incentives-in-spanien\/incentive-reisen-und-firmen-events-in-spanien\/"},"modified":"2023-07-06T07:44:08","modified_gmt":"2023-07-06T05:44:08","slug":"incentive-reisen-und-firmen-events-in-spanien","status":"publish","type":"page","link":"https:\/\/www.hispanorama-tours.com\/de_ch\/incentives-in-spanien\/incentive-reisen-und-firmen-events-in-spanien\/","title":{"rendered":"Firmenevents in Spanien"},"content":{"rendered":"<p>[et_pb_section fb_built=&#187;1&#8243; admin_label=&#187;section&#187; _builder_version=&#187;4.16&#8243; global_colors_info=&#187;{}&#187; _module_preset=&#187;default&#187; theme_builder_area=&#187;post_content&#187;][et_pb_row _builder_version=&#187;4.21.0&#8243; _module_preset=&#187;default&#187; custom_margin=&#187;|||||false&#187; custom_padding=&#187;||0px||false|false&#187; global_colors_info=&#187;{}&#187; theme_builder_area=&#187;post_content&#187;][et_pb_column type=&#187;4_4&#8243; _builder_version=&#187;4.21.0&#8243; _module_preset=&#187;default&#187; global_colors_info=&#187;{}&#187; theme_builder_area=&#187;post_content&#187;][et_pb_text _builder_version=&#187;4.21.0&#8243; _module_preset=&#187;default&#187; text_font=&#187;||||||||&#187; link_font=&#187;||||||||&#187; ul_font=&#187;||||||||&#187; ol_font=&#187;||||||||&#187; quote_font=&#187;||||||||&#187; header_font=&#187;||||||||&#187; header_2_font=&#187;|700|||||||&#187; header_2_font_size=&#187;36px&#187; header_2_line_height=&#187;1.5em&#187; header_3_font=&#187;||||||||&#187; module_alignment=&#187;left&#187; custom_margin=&#187;||0px||false|false&#187; custom_padding=&#187;||||false|false&#187; header_2_font_size_tablet=&#187;34px&#187; header_2_font_size_phone=&#187;30px&#187; header_2_font_size_last_edited=&#187;on|phone&#187; global_colors_info=&#187;{}&#187; theme_builder_area=&#187;post_content&#187;]<\/p>\n<h2>Firmenevents in Spanien<\/h2>\n<p>[\/et_pb_text][et_pb_text _builder_version=&#187;4.21.0&#8243; _module_preset=&#187;default&#187; header_3_text_color=&#187;#d20a11&#8243; header_3_line_height=&#187;1.5em&#187; custom_margin=&#187;||0px||false|false&#187; custom_margin_tablet=&#187;||0.5rem||false|false&#187; custom_margin_phone=&#187;||0.2rem||false|false&#187; custom_margin_last_edited=&#187;on|phone&#187; header_3_font_size_tablet=&#187;20px&#187; header_3_font_size_phone=&#187;18px&#187; header_3_font_size_last_edited=&#187;on|tablet&#187; global_colors_info=&#187;{}&#187; theme_builder_area=&#187;post_content&#187;]<\/p>\n<h3>Sind Sie gerade dabei ein <strong>Event in Spanien<\/strong> zu planen, welches die Teilnehmer in unvergesslicher Erinnerung behalten?<\/h3>\n<p>[\/et_pb_text][\/et_pb_column][\/et_pb_row][et_pb_row admin_label=&#187;row&#187; _builder_version=&#187;4.21.0&#8243; background_size=&#187;initial&#187; background_position=&#187;top_left&#187; background_repeat=&#187;repeat&#187; custom_padding=&#187;0px||0px||false|false&#187; global_colors_info=&#187;{}&#187; _module_preset=&#187;default&#187; theme_builder_area=&#187;post_content&#187;][et_pb_column type=&#187;4_4&#8243; _builder_version=&#187;4.16&#8243; custom_padding=&#187;|||&#187; global_colors_info=&#187;{}&#187; custom_padding__hover=&#187;|||&#187; _module_preset=&#187;default&#187; theme_builder_area=&#187;post_content&#187;][et_pb_text admin_label=&#187;Text&#187; _builder_version=&#187;4.16&#8243; background_size=&#187;initial&#187; background_position=&#187;top_left&#187; background_repeat=&#187;repeat&#187; global_colors_info=&#187;{}&#187; _module_preset=&#187;default&#187; theme_builder_area=&#187;post_content&#187;]<\/p>\n<div id=\"pagecompuesta\">\n<div id=\"coltext\">\n<h1><span style=\"font-size: 16px; color: #666666; font-family: Lato, Helvetica, Arial, Lucida, sans-serif;\">Dann ist Hispanorama tours &amp; incentives der richtige Partner f\u00fcr Sie!<\/span><\/h1>\n<p>Unser Team aus kreativen Event Managern hilft Ihnen dabei das Konzept, das Programm und den Ablauf Ihres Events unter Ber\u00fccksichtigung der Bed\u00fcrfnisse, Ziele und des Budgets Ihres Kunden, zu planen und auszuarbeiten. Unsere pers\u00f6nliche Betreuung und unser lokales Knowhow garantieren Ihnen h\u00f6chste Qualit\u00e4t und einen perfekten Ablauf f\u00fcr Ihr <strong>Event in Spanien<\/strong>.<\/p>\n<\/div>\n<\/div>\n<p>[\/et_pb_text][\/et_pb_column][\/et_pb_row][et_pb_row _builder_version=&#187;4.21.0&#8243; _module_preset=&#187;default&#187; background_color=&#187;#000000&#8243; custom_margin=&#187;2rem||2rem||true|false&#187; custom_padding=&#187;0px||0px||true|false&#187; global_colors_info=&#187;{}&#187; theme_builder_area=&#187;post_content&#187;][et_pb_column type=&#187;4_4&#8243; _builder_version=&#187;4.21.0&#8243; _module_preset=&#187;default&#187; global_colors_info=&#187;{}&#187; theme_builder_area=&#187;post_content&#187;][revslider_divi revslider_divi=&#187;%91rev_slider alias=%22incentivereisen-1%22 slidertitle=%22firmenevents%22%93%91\/rev_slider%93&#8243; _builder_version=&#187;4.21.0&#8243; _module_preset=&#187;default&#187; global_colors_info=&#187;{}&#187; theme_builder_area=&#187;post_content&#187;][\/revslider_divi][\/et_pb_column][\/et_pb_row][et_pb_row column_structure=&#187;1_2,1_2&#8243; admin_label=&#187;row&#187; _builder_version=&#187;4.21.0&#8243; background_size=&#187;initial&#187; background_position=&#187;top_left&#187; background_repeat=&#187;repeat&#187; custom_padding=&#187;0px||||false|false&#187; global_colors_info=&#187;{}&#187; _module_preset=&#187;default&#187; theme_builder_area=&#187;post_content&#187;][et_pb_column type=&#187;1_2&#8243; _builder_version=&#187;4.16&#8243; custom_padding=&#187;|||&#187; global_colors_info=&#187;{}&#187; custom_padding__hover=&#187;|||&#187; _module_preset=&#187;default&#187; theme_builder_area=&#187;post_content&#187;][et_pb_text admin_label=&#187;Text&#187; _builder_version=&#187;4.21.0&#8243; header_4_text_color=&#187;#d20a11&#8243; background_size=&#187;initial&#187; background_position=&#187;top_left&#187; background_repeat=&#187;repeat&#187; global_colors_info=&#187;{}&#187; _module_preset=&#187;default&#187; theme_builder_area=&#187;post_content&#187;]Unsere Mission ist Ihre Erwartungen und die Ihres Kunden zu \u00fcbertreffen wenn wir Folgendes f\u00fcr Sie organisieren:<\/p>\n<ul class=\"localiza\">\n<li>eine Produkteinf\u00fchrung<\/li>\n<li>eine Firmenfeier<\/li>\n<li>eine Preisverleihung<\/li>\n<li>eine Themenparty<\/li>\n<li>eine Ausstellung<\/li>\n<li>ein Gesch\u00e4ftsessen<\/li>\n<li>ein Networking-Event<\/li>\n<li>etc.<\/li>\n<\/ul>\n<p>[\/et_pb_text][\/et_pb_column][et_pb_column type=&#187;1_2&#8243; _builder_version=&#187;4.16&#8243; custom_padding=&#187;|||&#187; global_colors_info=&#187;{}&#187; custom_padding__hover=&#187;|||&#187; _module_preset=&#187;default&#187; theme_builder_area=&#187;post_content&#187;][et_pb_text admin_label=&#187;Text&#187; _builder_version=&#187;4.21.0&#8243; header_4_text_color=&#187;#d20a11&#8243; background_size=&#187;initial&#187; background_position=&#187;top_left&#187; background_repeat=&#187;repeat&#187; global_colors_info=&#187;{}&#187; _module_preset=&#187;default&#187; theme_builder_area=&#187;post_content&#187;]<\/p>\n<h4>Incentive Reisen und Events in Spanien<\/h4>\n<p>Wir kreieren originelle <strong>Events in einzigartigen Locations<\/strong>, egal von welcher Gr\u00f6\u00dfe.<\/p>\n<p>Von einem Gala-Dinner in einem Palast aus dem 15. Jahrhundert, \u00fcber eine Zigeuner-Hochzeit in einem spanischen Dorf, bis hin zu einem riesigen Event im Fu\u00dfballstadion des FC Barcelonas: die perfekte Location kombiniert mit einer exquisiten spanischen K\u00fcche und begleitet von temperamentvoller Unterhaltung erwartet Sie!<\/p>\n<p>Wir bieten kostenwirksame L\u00f6sungen und geben uns gr\u00f6\u00dfte M\u00fche Ihrem Programm einen Mehrwert zu verleihen, damit es einzigartig wird.<\/p>\n<p>[\/et_pb_text][\/et_pb_column][\/et_pb_row][\/et_pb_section][et_pb_section fb_built=&#187;1&#8243; disabled_on=&#187;off|off|off&#187; admin_label=&#187;Follow Along&#187; _builder_version=&#187;4.21.0&#8243; use_background_color_gradient=&#187;on&#187; background_color_gradient_stops=&#187;#ffffff 30%|rgba(255,255,255,0) 80%&#187; background_color_gradient_overlays_image=&#187;on&#187; background_color_gradient_start=&#187;#ffffff&#187; background_color_gradient_end=&#187;rgba(255,255,255,0)&#187; background_color_gradient_end_position=&#187;52%&#187; background_image=&#187;https:\/\/www.hispanorama-tours.com\/wp-content\/uploads\/2023\/06\/surf-2.jpg&#187; background_position=&#187;bottom_center&#187; custom_margin=&#187;||||false|false&#187; custom_padding=&#187;5rem||4rem||false|false&#187; background_last_edited=&#187;on|phone&#187; background_position_phone=&#187;bottom_right&#187; background_horizontal_offset_phone=&#187;16%&#187; saved_tabs=&#187;all&#187; global_colors_info=&#187;{}&#187; _module_preset=&#187;default&#187; theme_builder_area=&#187;post_content&#187;][et_pb_row _builder_version=&#187;4.21.0&#8243; _module_preset=&#187;default&#187; custom_margin=&#187;|||||false&#187; custom_padding=&#187;||10rem||false|true&#187; global_colors_info=&#187;{}&#187; theme_builder_area=&#187;post_content&#187;][et_pb_column type=&#187;4_4&#8243; _builder_version=&#187;4.21.0&#8243; _module_preset=&#187;default&#187; global_colors_info=&#187;{}&#187; theme_builder_area=&#187;post_content&#187;][et_pb_text _builder_version=&#187;4.21.0&#8243; _module_preset=&#187;default&#187; text_font=&#187;||||||||&#187; link_font=&#187;||||||||&#187; ul_font=&#187;||||||||&#187; ol_font=&#187;||||||||&#187; quote_font=&#187;||||||||&#187; header_font=&#187;||||||||&#187; header_text_align=&#187;center&#187; header_2_font=&#187;|700|||||||&#187; header_2_text_align=&#187;center&#187; header_2_font_size=&#187;36px&#187; header_2_line_height=&#187;1.5em&#187; header_3_font=&#187;||||||||&#187; text_orientation=&#187;center&#187; module_alignment=&#187;center&#187; header_2_font_size_tablet=&#187;34px&#187; header_2_font_size_phone=&#187;30px&#187; header_2_font_size_last_edited=&#187;on|phone&#187; global_colors_info=&#187;{}&#187; theme_builder_area=&#187;post_content&#187;]<\/p>\n<h2>M\u00f6chten Sie mehr \u00fcber Spanien erfahren?<\/h2>\n<p>Dann abonnieren Sie unseren Newsletter; wir halten Sie auf dem Laufenden mit aktuellen Informationen aus Spanien!<\/p>\n<p>[\/et_pb_text][et_pb_button button_url=&#187;@ET-DC@eyJkeW5hbWljIjp0cnVlLCJjb250ZW50IjoicG9zdF9saW5rX3VybF9wYWdlIiwic2V0dGluZ3MiOnsicG9zdF9pZCI6IjEyMjEifX0=@&#187; button_text=&#187;Erfahren Sie mehr&#187; button_alignment=&#187;center&#187; _builder_version=&#187;4.21.0&#8243; _dynamic_attributes=&#187;button_url&#187; _module_preset=&#187;default&#187; custom_margin=&#187;2rem||2rem||true|false&#187; global_colors_info=&#187;{}&#187; theme_builder_area=&#187;post_content&#187;][\/et_pb_button][\/et_pb_column][\/et_pb_row][et_pb_row column_structure=&#187;1_4,1_2,1_4&#8243; module_class=&#187; et_pb_row_fullwidth&#187; _builder_version=&#187;4.16&#8243; width=&#187;94%&#187; width_tablet=&#187;80%&#187; width_phone=&#187;80%&#187; width_last_edited=&#187;on|desktop&#187; max_width=&#187;94%&#187; max_width_tablet=&#187;80%&#187; max_width_phone=&#187;80%&#187; max_width_last_edited=&#187;on|desktop&#187; custom_margin=&#187;0px|||&#187; custom_padding=&#187;|||&#187; make_fullwidth=&#187;on&#187; global_colors_info=&#187;{}&#187; _module_preset=&#187;default&#187; theme_builder_area=&#187;post_content&#187;][et_pb_column type=&#187;1_4&#8243; _builder_version=&#187;4.16&#8243; custom_padding=&#187;|||&#187; global_colors_info=&#187;{}&#187; custom_padding__hover=&#187;|||&#187; _module_preset=&#187;default&#187; theme_builder_area=&#187;post_content&#187;][\/et_pb_column][et_pb_column type=&#187;1_2&#8243; _builder_version=&#187;4.16&#8243; custom_padding=&#187;|||&#187; global_colors_info=&#187;{}&#187; custom_padding__hover=&#187;|||&#187; _module_preset=&#187;default&#187; theme_builder_area=&#187;post_content&#187;][et_pb_social_media_follow _builder_version=&#187;4.21.0&#8243; text_orientation=&#187;center&#187; background_layout=&#187;dark&#187; module_alignment=&#187;right&#187; custom_margin=&#187;|||&#187; animation_style=&#187;slide&#187; animation_direction=&#187;top&#187; border_radii=&#187;on|100%|100%|100%|100%&#187; global_colors_info=&#187;{}&#187; _module_preset=&#187;default&#187; theme_builder_area=&#187;post_content&#187;][et_pb_social_media_follow_network social_network=&#187;facebook&#187; url=&#187;https:\/\/www.facebook.com\/HispanoramaTours\/?ref=hl&#187; _builder_version=&#187;4.21.0&#8243; background_color=&#187;rgba(0,0,0,0.1)&#187; custom_margin=&#187;|10px||10px||true&#187; custom_padding=&#187;10px|10px|10px|10px|true|true&#187; global_colors_info=&#187;{}&#187; _module_preset=&#187;default&#187; theme_builder_area=&#187;post_content&#187; follow_button=&#187;off&#187; url_new_window=&#187;on&#187;]facebook[\/et_pb_social_media_follow_network][et_pb_social_media_follow_network social_network=&#187;twitter&#187; url=&#187;https:\/\/twitter.com\/HispanoramaMAD&#187; _builder_version=&#187;4.21.0&#8243; background_color=&#187;rgba(0,0,0,0.1)&#187; custom_margin=&#187;|10px||10px||true&#187; custom_padding=&#187;10px|10px|10px|10px|true|true&#187; global_colors_info=&#187;{}&#187; _module_preset=&#187;default&#187; theme_builder_area=&#187;post_content&#187; follow_button=&#187;off&#187; url_new_window=&#187;on&#187;]twitter[\/et_pb_social_media_follow_network][et_pb_social_media_follow_network social_network=&#187;instagram&#187; url=&#187;https:\/\/www.linkedin.com\/company\/hispanorama-tours-&#038;-incentives\/&#187; _builder_version=&#187;4.21.0&#8243; background_color=&#187;rgba(0,0,0,0.1)&#187; custom_margin=&#187;|10px||10px||true&#187; custom_padding=&#187;10px|10px|10px|10px|true|true&#187; global_colors_info=&#187;{}&#187; _module_preset=&#187;default&#187; theme_builder_area=&#187;post_content&#187; follow_button=&#187;off&#187; url_new_window=&#187;on&#187;]instagram[\/et_pb_social_media_follow_network][\/et_pb_social_media_follow][\/et_pb_column][et_pb_column type=&#187;1_4&#8243; _builder_version=&#187;4.16&#8243; custom_padding=&#187;|||&#187; global_colors_info=&#187;{}&#187; custom_padding__hover=&#187;|||&#187; _module_preset=&#187;default&#187; theme_builder_area=&#187;post_content&#187;][\/et_pb_column][\/et_pb_row][\/et_pb_section]<\/p>\n","protected":false},"excerpt":{"rendered":"<p>Firmenevents in SpanienSind Sie gerade dabei ein Event in Spanien zu planen, welches die Teilnehmer in unvergesslicher Erinnerung behalten? Dann ist Hispanorama tours &amp; incentives der richtige Partner f\u00fcr Sie! Unser Team aus kreativen Event Managern hilft Ihnen dabei das Konzept, das Programm und den Ablauf Ihres Events unter Ber\u00fccksichtigung der Bed\u00fcrfnisse, Ziele und des [&hellip;]<\/p>\n","protected":false},"author":5,"featured_media":0,"parent":249899,"menu_order":0,"comment_status":"closed","ping_status":"closed","template":"","meta":{"_et_pb_use_builder":"on","_et_pb_old_content":"","_et_gb_content_width":"","inline_featured_image":false,"footnotes":""},"class_list":["post-250259","page","type-page","status-publish","hentry"],"yoast_head":"<!-- This site is optimized with the Yoast SEO plugin v26.9 - https:\/\/yoast.com\/product\/yoast-seo-wordpress\/ -->\n<title>Firmenevents in Spanien - DMC Spanien % %<\/title>\n<meta name=\"description\" content=\"Incentive Reisen und Events in Spanien. Firmenevents in Spanien Von einem gala-dinner in einem palast aus dem 15. Jahrhundert oder einer typischen zigeuner-hochzeit, zu einer mega-party im stadion des FC Barcelonas. Wir sind Ihre Eventagentur in Spanien!\" \/>\n<meta name=\"robots\" content=\"index, follow, max-snippet:-1, max-image-preview:large, max-video-preview:-1\" \/>\n<link rel=\"canonical\" href=\"https:\/\/www.hispanorama-tours.com\/de_ch\/incentives-in-spanien\/incentive-reisen-und-firmen-events-in-spanien\/\" \/>\n<meta property=\"og:locale\" content=\"de_DE\" \/>\n<meta property=\"og:type\" content=\"article\" \/>\n<meta property=\"og:title\" content=\"Firmenevents in Spanien - DMC Spanien % %\" \/>\n<meta property=\"og:description\" content=\"Incentive Reisen und Events in Spanien. Firmenevents in Spanien Von einem gala-dinner in einem palast aus dem 15. Jahrhundert oder einer typischen zigeuner-hochzeit, zu einer mega-party im stadion des FC Barcelonas. Wir sind Ihre Eventagentur in Spanien!\" \/>\n<meta property=\"og:url\" content=\"https:\/\/www.hispanorama-tours.com\/de_ch\/incentives-in-spanien\/incentive-reisen-und-firmen-events-in-spanien\/\" \/>\n<meta property=\"og:site_name\" content=\"DMC Spanien\" \/>\n<meta property=\"article:publisher\" content=\"https:\/\/www.facebook.com\/HispanoramaTours\/\" \/>\n<meta name=\"twitter:card\" content=\"summary_large_image\" \/>\n<meta name=\"twitter:site\" content=\"@HispanoramaMAD\" \/>\n<script type=\"application\/ld+json\" class=\"yoast-schema-graph\">{\"@context\":\"https:\/\/schema.org\",\"@graph\":[{\"@type\":\"WebPage\",\"@id\":\"https:\/\/www.hispanorama-tours.com\/de_ch\/incentives-in-spanien\/incentive-reisen-und-firmen-events-in-spanien\/\",\"url\":\"https:\/\/www.hispanorama-tours.com\/de_ch\/incentives-in-spanien\/incentive-reisen-und-firmen-events-in-spanien\/\",\"name\":\"Firmenevents in Spanien - DMC Spanien % %\",\"isPartOf\":{\"@id\":\"https:\/\/www.hispanorama-tours.com\/de_ch\/#website\"},\"datePublished\":\"2023-07-06T05:44:08+00:00\",\"description\":\"Incentive Reisen und Events in Spanien. Firmenevents in Spanien Von einem gala-dinner in einem palast aus dem 15. Jahrhundert oder einer typischen zigeuner-hochzeit, zu einer mega-party im stadion des FC Barcelonas. Wir sind Ihre Eventagentur in Spanien!\",\"breadcrumb\":{\"@id\":\"https:\/\/www.hispanorama-tours.com\/de_ch\/incentives-in-spanien\/incentive-reisen-und-firmen-events-in-spanien\/#breadcrumb\"},\"inLanguage\":\"de-CH\",\"potentialAction\":[{\"@type\":\"ReadAction\",\"target\":[\"https:\/\/www.hispanorama-tours.com\/de_ch\/incentives-in-spanien\/incentive-reisen-und-firmen-events-in-spanien\/\"]}]},{\"@type\":\"BreadcrumbList\",\"@id\":\"https:\/\/www.hispanorama-tours.com\/de_ch\/incentives-in-spanien\/incentive-reisen-und-firmen-events-in-spanien\/#breadcrumb\",\"itemListElement\":[{\"@type\":\"ListItem\",\"position\":1,\"name\":\"Home\",\"item\":\"https:\/\/www.hispanorama-tours.com\/de_ch\/\"},{\"@type\":\"ListItem\",\"position\":2,\"name\":\"Incentives in Spanien\",\"item\":\"https:\/\/www.hispanorama-tours.com\/de_ch\/incentives-in-spanien\/\"},{\"@type\":\"ListItem\",\"position\":3,\"name\":\"Firmenevents in Spanien\"}]},{\"@type\":\"WebSite\",\"@id\":\"https:\/\/www.hispanorama-tours.com\/de_ch\/#website\",\"url\":\"https:\/\/www.hispanorama-tours.com\/de_ch\/\",\"name\":\"DMC Spanien\",\"description\":\"Destination Management Company (DMC) in Spanien\",\"publisher\":{\"@id\":\"https:\/\/www.hispanorama-tours.com\/de_ch\/#organization\"},\"potentialAction\":[{\"@type\":\"SearchAction\",\"target\":{\"@type\":\"EntryPoint\",\"urlTemplate\":\"https:\/\/www.hispanorama-tours.com\/de_ch\/?s={search_term_string}\"},\"query-input\":{\"@type\":\"PropertyValueSpecification\",\"valueRequired\":true,\"valueName\":\"search_term_string\"}}],\"inLanguage\":\"de-CH\"},{\"@type\":\"Organization\",\"@id\":\"https:\/\/www.hispanorama-tours.com\/de_ch\/#organization\",\"name\":\"DMC for Spain Hispanorama tours & incentives\",\"url\":\"https:\/\/www.hispanorama-tours.com\/de_ch\/\",\"logo\":{\"@type\":\"ImageObject\",\"inLanguage\":\"de-CH\",\"@id\":\"https:\/\/www.hispanorama-tours.com\/de_ch\/#\/schema\/logo\/image\/\",\"url\":\"https:\/\/www.hispanorama-tours.com\/wp-content\/uploads\/2018\/06\/logo_hispanorama_tours_and_incentives3-1.png\",\"contentUrl\":\"https:\/\/www.hispanorama-tours.com\/wp-content\/uploads\/2018\/06\/logo_hispanorama_tours_and_incentives3-1.png\",\"width\":185,\"height\":120,\"caption\":\"DMC for Spain Hispanorama tours & incentives\"},\"image\":{\"@id\":\"https:\/\/www.hispanorama-tours.com\/de_ch\/#\/schema\/logo\/image\/\"},\"sameAs\":[\"https:\/\/www.facebook.com\/HispanoramaTours\/\",\"https:\/\/x.com\/HispanoramaMAD\",\"https:\/\/www.linkedin.com\/company\/hispanorama-tours-&amp;-incentives\/\"]}]}<\/script>\n<!-- \/ Yoast SEO plugin. -->","yoast_head_json":{"title":"Firmenevents in Spanien - DMC Spanien % %","description":"Incentive Reisen und Events in Spanien. Firmenevents in Spanien Von einem gala-dinner in einem palast aus dem 15. Jahrhundert oder einer typischen zigeuner-hochzeit, zu einer mega-party im stadion des FC Barcelonas. Wir sind Ihre Eventagentur in Spanien!","robots":{"index":"index","follow":"follow","max-snippet":"max-snippet:-1","max-image-preview":"max-image-preview:large","max-video-preview":"max-video-preview:-1"},"canonical":"https:\/\/www.hispanorama-tours.com\/de_ch\/incentives-in-spanien\/incentive-reisen-und-firmen-events-in-spanien\/","og_locale":"de_DE","og_type":"article","og_title":"Firmenevents in Spanien - DMC Spanien % %","og_description":"Incentive Reisen und Events in Spanien. Firmenevents in Spanien Von einem gala-dinner in einem palast aus dem 15. Jahrhundert oder einer typischen zigeuner-hochzeit, zu einer mega-party im stadion des FC Barcelonas. Wir sind Ihre Eventagentur in Spanien!","og_url":"https:\/\/www.hispanorama-tours.com\/de_ch\/incentives-in-spanien\/incentive-reisen-und-firmen-events-in-spanien\/","og_site_name":"DMC Spanien","article_publisher":"https:\/\/www.facebook.com\/HispanoramaTours\/","twitter_card":"summary_large_image","twitter_site":"@HispanoramaMAD","schema":{"@context":"https:\/\/schema.org","@graph":[{"@type":"WebPage","@id":"https:\/\/www.hispanorama-tours.com\/de_ch\/incentives-in-spanien\/incentive-reisen-und-firmen-events-in-spanien\/","url":"https:\/\/www.hispanorama-tours.com\/de_ch\/incentives-in-spanien\/incentive-reisen-und-firmen-events-in-spanien\/","name":"Firmenevents in Spanien - DMC Spanien % %","isPartOf":{"@id":"https:\/\/www.hispanorama-tours.com\/de_ch\/#website"},"datePublished":"2023-07-06T05:44:08+00:00","description":"Incentive Reisen und Events in Spanien. Firmenevents in Spanien Von einem gala-dinner in einem palast aus dem 15. Jahrhundert oder einer typischen zigeuner-hochzeit, zu einer mega-party im stadion des FC Barcelonas. Wir sind Ihre Eventagentur in Spanien!","breadcrumb":{"@id":"https:\/\/www.hispanorama-tours.com\/de_ch\/incentives-in-spanien\/incentive-reisen-und-firmen-events-in-spanien\/#breadcrumb"},"inLanguage":"de-CH","potentialAction":[{"@type":"ReadAction","target":["https:\/\/www.hispanorama-tours.com\/de_ch\/incentives-in-spanien\/incentive-reisen-und-firmen-events-in-spanien\/"]}]},{"@type":"BreadcrumbList","@id":"https:\/\/www.hispanorama-tours.com\/de_ch\/incentives-in-spanien\/incentive-reisen-und-firmen-events-in-spanien\/#breadcrumb","itemListElement":[{"@type":"ListItem","position":1,"name":"Home","item":"https:\/\/www.hispanorama-tours.com\/de_ch\/"},{"@type":"ListItem","position":2,"name":"Incentives in Spanien","item":"https:\/\/www.hispanorama-tours.com\/de_ch\/incentives-in-spanien\/"},{"@type":"ListItem","position":3,"name":"Firmenevents in Spanien"}]},{"@type":"WebSite","@id":"https:\/\/www.hispanorama-tours.com\/de_ch\/#website","url":"https:\/\/www.hispanorama-tours.com\/de_ch\/","name":"DMC Spanien","description":"Destination Management Company (DMC) in Spanien","publisher":{"@id":"https:\/\/www.hispanorama-tours.com\/de_ch\/#organization"},"potentialAction":[{"@type":"SearchAction","target":{"@type":"EntryPoint","urlTemplate":"https:\/\/www.hispanorama-tours.com\/de_ch\/?s={search_term_string}"},"query-input":{"@type":"PropertyValueSpecification","valueRequired":true,"valueName":"search_term_string"}}],"inLanguage":"de-CH"},{"@type":"Organization","@id":"https:\/\/www.hispanorama-tours.com\/de_ch\/#organization","name":"DMC for Spain Hispanorama tours & incentives","url":"https:\/\/www.hispanorama-tours.com\/de_ch\/","logo":{"@type":"ImageObject","inLanguage":"de-CH","@id":"https:\/\/www.hispanorama-tours.com\/de_ch\/#\/schema\/logo\/image\/","url":"https:\/\/www.hispanorama-tours.com\/wp-content\/uploads\/2018\/06\/logo_hispanorama_tours_and_incentives3-1.png","contentUrl":"https:\/\/www.hispanorama-tours.com\/wp-content\/uploads\/2018\/06\/logo_hispanorama_tours_and_incentives3-1.png","width":185,"height":120,"caption":"DMC for Spain Hispanorama tours & incentives"},"image":{"@id":"https:\/\/www.hispanorama-tours.com\/de_ch\/#\/schema\/logo\/image\/"},"sameAs":["https:\/\/www.facebook.com\/HispanoramaTours\/","https:\/\/x.com\/HispanoramaMAD","https:\/\/www.linkedin.com\/company\/hispanorama-tours-&amp;-incentives\/"]}]}},"_links":{"self":[{"href":"https:\/\/www.hispanorama-tours.com\/de_ch\/wp-json\/wp\/v2\/pages\/250259","targetHints":{"allow":["GET"]}}],"collection":[{"href":"https:\/\/www.hispanorama-tours.com\/de_ch\/wp-json\/wp\/v2\/pages"}],"about":[{"href":"https:\/\/www.hispanorama-tours.com\/de_ch\/wp-json\/wp\/v2\/types\/page"}],"author":[{"embeddable":true,"href":"https:\/\/www.hispanorama-tours.com\/de_ch\/wp-json\/wp\/v2\/users\/5"}],"replies":[{"embeddable":true,"href":"https:\/\/www.hispanorama-tours.com\/de_ch\/wp-json\/wp\/v2\/comments?post=250259"}],"version-history":[{"count":0,"href":"https:\/\/www.hispanorama-tours.com\/de_ch\/wp-json\/wp\/v2\/pages\/250259\/revisions"}],"up":[{"embeddable":true,"href":"https:\/\/www.hispanorama-tours.com\/de_ch\/wp-json\/wp\/v2\/pages\/249899"}],"wp:attachment":[{"href":"https:\/\/www.hispanorama-tours.com\/de_ch\/wp-json\/wp\/v2\/media?parent=250259"}],"curies":[{"name":"wp","href":"https:\/\/api.w.org\/{rel}","templated":true}]}}