
{"id":249576,"date":"2023-07-05T12:27:57","date_gmt":"2023-07-05T10:27:57","guid":{"rendered":"https:\/\/www.hispanorama-tours.com\/gruppenreise-spanien\/"},"modified":"2023-07-07T09:53:44","modified_gmt":"2023-07-07T07:53:44","slug":"gruppenreise-spanien","status":"publish","type":"page","link":"https:\/\/www.hispanorama-tours.com\/de_ch\/gruppenreise-spanien\/","title":{"rendered":"Gruppenreisen in Spanien"},"content":{"rendered":"<p>[et_pb_section fb_built=&#187;1&#8243; _builder_version=&#187;4.21.0&#8243; _module_preset=&#187;default&#187; custom_padding=&#187;4rem||||false|false&#187; global_colors_info=&#187;{}&#187;][et_pb_row _builder_version=&#187;4.21.0&#8243; _module_preset=&#187;default&#187; background_size=&#187;initial&#187; background_position=&#187;top_left&#187; background_repeat=&#187;repeat&#187; custom_padding=&#187;0px||0px||false|false&#187; global_colors_info=&#187;{}&#187;][et_pb_column type=&#187;4_4&#8243; _builder_version=&#187;4.21.0&#8243; _module_preset=&#187;default&#187; custom_padding=&#187;|||&#187; global_colors_info=&#187;{}&#187; custom_padding__hover=&#187;|||&#187;][et_pb_post_title meta=&#187;off&#187; featured_image=&#187;off&#187; _builder_version=&#187;4.21.0&#8243; _module_preset=&#187;default&#187; title_level=&#187;h2&#8243; title_font=&#187;|700|||||||&#187; title_font_size=&#187;36px&#187; title_line_height=&#187;2.2rem&#187; title_font_size_tablet=&#187;34px&#187; title_font_size_phone=&#187;30px&#187; title_font_size_last_edited=&#187;on|phone&#187; global_colors_info=&#187;{}&#187;][\/et_pb_post_title][et_pb_text _builder_version=&#187;4.21.0&#8243; _module_preset=&#187;default&#187; header_3_text_color=&#187;#d20a11&#8243; custom_margin=&#187;||0px||false|false&#187; custom_margin_tablet=&#187;||0.5rem||false|false&#187; custom_margin_phone=&#187;||0.2rem||false|false&#187; custom_margin_last_edited=&#187;on|phone&#187; hover_enabled=&#187;0&#8243; header_3_font_size_tablet=&#187;20px&#187; header_3_font_size_phone=&#187;18px&#187; header_3_font_size_last_edited=&#187;on|phone&#187; global_colors_info=&#187;{}&#187; sticky_enabled=&#187;0&#8243;]<\/p>\n<h3>Hispanorama tours &amp; incentives ist ein auf <strong>Gruppenreisen nach Spanien<\/strong> spezialisierter DMC<\/h3>\n<p>[\/et_pb_text][\/et_pb_column][\/et_pb_row][et_pb_row column_structure=&#187;1_2,1_2&#8243; _builder_version=&#187;4.21.0&#8243; _module_preset=&#187;default&#187; background_size=&#187;initial&#187; background_position=&#187;top_left&#187; background_repeat=&#187;repeat&#187; custom_margin=&#187;||||false|false&#187; custom_padding=&#187;||0px||false|false&#187; global_colors_info=&#187;{}&#187;][et_pb_column type=&#187;1_2&#8243; _builder_version=&#187;4.21.0&#8243; _module_preset=&#187;default&#187; custom_padding=&#187;|||&#187; global_colors_info=&#187;{}&#187; custom_padding__hover=&#187;|||&#187;][et_pb_text _builder_version=&#187;4.21.0&#8243; _module_preset=&#187;default&#187; background_size=&#187;initial&#187; background_position=&#187;top_left&#187; background_repeat=&#187;repeat&#187; global_colors_info=&#187;{}&#187;]<\/p>\n<p>Ob das Interesse Ihrer Gruppen auf Geschichte, Gastronomie, Kunst oder Kultur liegt; wir helfen Ihnen die perfekte Reiseroute zu erstellen, um die Interessen und Bed\u00fcrfnisse Ihrer Gruppenreise auf der Iberischen Halbinsel bestm\u00f6glich anzupassen. Unser gr\u00f6\u00dftes Anliegen ist es, ma\u00dfgeschneiderte Programme zu erarbeiten, denn jede Gruppe ist f\u00fcr uns einmalig.<\/p>\n<p>[\/et_pb_text][\/et_pb_column][et_pb_column type=&#187;1_2&#8243; _builder_version=&#187;4.21.0&#8243; _module_preset=&#187;default&#187; custom_padding=&#187;|||&#187; global_colors_info=&#187;{}&#187; custom_padding__hover=&#187;|||&#187;][et_pb_text _builder_version=&#187;4.21.0&#8243; _module_preset=&#187;default&#187; background_size=&#187;initial&#187; background_position=&#187;top_left&#187; background_repeat=&#187;repeat&#187; global_colors_info=&#187;{}&#187;]Aufgrund unserer langj\u00e4hrigen Erfahrung arbeiten wir mit Gruppen aller Gr\u00f6\u00dfen. Von kleinen und exklusiven VIP-Gruppen bis hin zu gro\u00dfen Gruppen von 300 Personen \u2013 f\u00fcr uns spielt Gr\u00f6\u00dfe keine Rolle! Qualit\u00e4t steht an erster Stelle, deshalb arbeiten wir ausschlie\u00dflich mit Leistungstr\u00e4gern, die erstklassigen Service bieten. Somit garantieren wir beste Dienstleistungen zu einem fairen Preis.[\/et_pb_text][\/et_pb_column][\/et_pb_row][\/et_pb_section][et_pb_section fb_built=&#187;1&#8243; _builder_version=&#187;4.21.0&#8243; _module_preset=&#187;default&#187; custom_margin=&#187;||||false|false&#187; custom_padding=&#187;||0px||false|false&#187; global_colors_info=&#187;{}&#187;][et_pb_row _builder_version=&#187;4.21.0&#8243; _module_preset=&#187;default&#187; background_color=&#187;#000000&#8243; custom_padding=&#187;0px||0px||true|false&#187; global_colors_info=&#187;{}&#187;][et_pb_column type=&#187;4_4&#8243; _builder_version=&#187;4.21.0&#8243; _module_preset=&#187;default&#187; global_colors_info=&#187;{}&#187;][revslider_divi revslider_divi=&#187;%91rev_slider alias=%22gruppenreisen%22 slidertitle=%22Gruppenreisen%22 layout=%22auto%22%93%91\/rev_slider%93&#8243; _builder_version=&#187;4.21.0&#8243; _module_preset=&#187;default&#187; global_colors_info=&#187;{}&#187;][\/revslider_divi][\/et_pb_column][\/et_pb_row][\/et_pb_section][et_pb_section fb_built=&#187;1&#8243; _builder_version=&#187;4.21.0&#8243; _module_preset=&#187;default&#187; custom_padding=&#187;||||false|false&#187; global_colors_info=&#187;{}&#187;][et_pb_row column_structure=&#187;1_2,1_2&#8243; _builder_version=&#187;4.21.0&#8243; _module_preset=&#187;default&#187; background_size=&#187;initial&#187; background_position=&#187;top_left&#187; background_repeat=&#187;repeat&#187; custom_padding=&#187;0px||||false|false&#187; global_colors_info=&#187;{}&#187;][et_pb_column type=&#187;1_2&#8243; _builder_version=&#187;4.21.0&#8243; _module_preset=&#187;default&#187; custom_padding=&#187;|||&#187; global_colors_info=&#187;{}&#187; custom_padding__hover=&#187;|||&#187;][et_pb_text _builder_version=&#187;4.21.0&#8243; _module_preset=&#187;default&#187; background_size=&#187;initial&#187; background_position=&#187;top_left&#187; background_repeat=&#187;repeat&#187; global_colors_info=&#187;{}&#187;]<\/p>\n<div>Lassen Sie Ihre Gruppe die Highlights Spaniens von S\u00fcd nach Nord entdecken, wie z.B.: die ber\u00fchmte Alhambra in Granada, die beindruckende Kathedrale in Sevilla, die maurisch-christliche Moschee in Cordoba, das Land der Burgen in Kastilien, die moderne und k\u00f6nigliche spanische Hauptstadt Madrid, die wundervolle Mittelmeerk\u00fcste von Ostspanien, Gaudis Barcelona und das sch\u00f6ne gr\u00fcne Nordspanien mit dem besten Essen des Landes! Eine <strong>Gruppenreise<\/strong> ins lebendige <strong>Spanien<\/strong> wird eine der wertvollsten Erfahrungen sein, die Ihre Kunden je machen werden!<\/div>\n<p>[\/et_pb_text][\/et_pb_column][et_pb_column type=&#187;1_2&#8243; _builder_version=&#187;4.21.0&#8243; _module_preset=&#187;default&#187; custom_padding=&#187;|||&#187; global_colors_info=&#187;{}&#187; custom_padding__hover=&#187;|||&#187;][et_pb_text _builder_version=&#187;4.21.0&#8243; _module_preset=&#187;default&#187; background_size=&#187;initial&#187; background_position=&#187;top_left&#187; background_repeat=&#187;repeat&#187; global_colors_info=&#187;{}&#187;]Nur wenige L\u00e4nder bieten eine solch gro\u00dfe Vielfalt wie Spanien. Spanien ist ein Mix aus Geschichte, Kultur, Spa\u00df, gro\u00dfartigen Landschaften mit Bergen und Str\u00e4nden, historischen St\u00e4dten, einer exquisiten und gesunden Gastronomie, der Sonne und einer einzigartigen Atmosph\u00e4re in seinen Stra\u00dfen.[\/et_pb_text][\/et_pb_column][\/et_pb_row][\/et_pb_section][et_pb_section fb_built=&#187;1&#8243; disabled_on=&#187;off|off|off&#187; admin_label=&#187;Follow Along&#187; _builder_version=&#187;4.21.0&#8243; _module_preset=&#187;default&#187; use_background_color_gradient=&#187;on&#187; background_color_gradient_stops=&#187;#ffffff 30%|rgba(255,255,255,0) 80%&#187; background_color_gradient_overlays_image=&#187;on&#187; background_color_gradient_start=&#187;#ffffff&#187; background_color_gradient_end=&#187;rgba(255,255,255,0)&#187; background_color_gradient_end_position=&#187;52%&#187; background_image=&#187;https:\/\/www.hispanorama-tours.com\/wp-content\/uploads\/2023\/06\/surf-2.jpg&#187; background_position=&#187;bottom_center&#187; custom_margin=&#187;||||false|false&#187; custom_padding=&#187;5rem||4rem||false|false&#187; background_last_edited=&#187;on|phone&#187; background_position_phone=&#187;bottom_right&#187; background_horizontal_offset_phone=&#187;16%&#187; global_module=&#187;242100&#8243; saved_tabs=&#187;all&#187; global_colors_info=&#187;{}&#187;][et_pb_row _builder_version=&#187;4.21.0&#8243; _module_preset=&#187;default&#187; custom_margin=&#187;|||||false&#187; custom_padding=&#187;||10rem||false|true&#187; global_colors_info=&#187;{}&#187;][et_pb_column type=&#187;4_4&#8243; _builder_version=&#187;4.21.0&#8243; _module_preset=&#187;default&#187; global_colors_info=&#187;{}&#187;][et_pb_text _builder_version=&#187;4.21.0&#8243; _module_preset=&#187;default&#187; text_font=&#187;||||||||&#187; link_font=&#187;||||||||&#187; ul_font=&#187;||||||||&#187; ol_font=&#187;||||||||&#187; quote_font=&#187;||||||||&#187; header_font=&#187;||||||||&#187; header_text_align=&#187;center&#187; header_2_font=&#187;|700|||||||&#187; header_2_text_align=&#187;center&#187; header_2_font_size=&#187;36px&#187; header_2_line_height=&#187;1.5em&#187; header_3_font=&#187;||||||||&#187; text_orientation=&#187;center&#187; module_alignment=&#187;center&#187; header_2_font_size_tablet=&#187;34px&#187; header_2_font_size_phone=&#187;30px&#187; header_2_font_size_last_edited=&#187;on|phone&#187; global_colors_info=&#187;{}&#187;]<\/p>\n<h2>M\u00f6chten Sie mehr \u00fcber Spanien erfahren?<\/h2>\n<p>Dann abonnieren Sie unseren Newsletter; wir halten Sie auf dem Laufenden mit aktuellen Informationen aus Spanien!<\/p>\n<p>[\/et_pb_text][et_pb_button button_url=&#187;@ET-DC@eyJkeW5hbWljIjp0cnVlLCJjb250ZW50IjoicG9zdF9saW5rX3VybF9wYWdlIiwic2V0dGluZ3MiOnsicG9zdF9pZCI6IjEyMjEifX0=@&#187; button_text=&#187;Erfahren Sie mehr&#187; button_alignment=&#187;center&#187; _builder_version=&#187;4.21.0&#8243; _dynamic_attributes=&#187;button_url&#187; _module_preset=&#187;default&#187; custom_margin=&#187;2rem||2rem||true|false&#187; global_colors_info=&#187;{}&#187;][\/et_pb_button][\/et_pb_column][\/et_pb_row][et_pb_row column_structure=&#187;1_4,1_2,1_4&#8243; module_class=&#187; et_pb_row_fullwidth&#187; _builder_version=&#187;4.16&#8243; width=&#187;94%&#187; width_tablet=&#187;80%&#187; width_phone=&#187;80%&#187; width_last_edited=&#187;on|desktop&#187; max_width=&#187;94%&#187; max_width_tablet=&#187;80%&#187; max_width_phone=&#187;80%&#187; max_width_last_edited=&#187;on|desktop&#187; custom_margin=&#187;0px|||&#187; custom_padding=&#187;|||&#187; make_fullwidth=&#187;on&#187; global_colors_info=&#187;{}&#187;][et_pb_column type=&#187;1_4&#8243; _builder_version=&#187;4.16&#8243; custom_padding=&#187;|||&#187; global_colors_info=&#187;{}&#187; custom_padding__hover=&#187;|||&#187;][\/et_pb_column][et_pb_column type=&#187;1_2&#8243; _builder_version=&#187;4.16&#8243; custom_padding=&#187;|||&#187; global_colors_info=&#187;{}&#187; custom_padding__hover=&#187;|||&#187;][et_pb_social_media_follow _builder_version=&#187;4.21.0&#8243; text_orientation=&#187;center&#187; background_layout=&#187;dark&#187; module_alignment=&#187;right&#187; custom_margin=&#187;|||&#187; animation_style=&#187;slide&#187; animation_direction=&#187;top&#187; border_radii=&#187;on|100%|100%|100%|100%&#187; global_colors_info=&#187;{}&#187;][et_pb_social_media_follow_network social_network=&#187;facebook&#187; url=&#187;https:\/\/www.facebook.com\/HispanoramaTours\/?ref=hl&#187; _builder_version=&#187;4.21.0&#8243; background_color=&#187;rgba(0,0,0,0.1)&#187; custom_margin=&#187;|10px||10px||true&#187; custom_padding=&#187;10px|10px|10px|10px|true|true&#187; global_colors_info=&#187;{}&#187; follow_button=&#187;off&#187; url_new_window=&#187;on&#187;]facebook[\/et_pb_social_media_follow_network][et_pb_social_media_follow_network social_network=&#187;twitter&#187; url=&#187;https:\/\/twitter.com\/HispanoramaMAD&#187; _builder_version=&#187;4.21.0&#8243; background_color=&#187;rgba(0,0,0,0.1)&#187; custom_margin=&#187;|10px||10px||true&#187; custom_padding=&#187;10px|10px|10px|10px|true|true&#187; global_colors_info=&#187;{}&#187; follow_button=&#187;off&#187; url_new_window=&#187;on&#187;]twitter[\/et_pb_social_media_follow_network][et_pb_social_media_follow_network social_network=&#187;instagram&#187; url=&#187;https:\/\/www.linkedin.com\/company\/hispanorama-tours-&#038;-incentives\/&#187; _builder_version=&#187;4.21.0&#8243; background_color=&#187;rgba(0,0,0,0.1)&#187; custom_margin=&#187;|10px||10px||true&#187; custom_padding=&#187;10px|10px|10px|10px|true|true&#187; global_colors_info=&#187;{}&#187; follow_button=&#187;off&#187; url_new_window=&#187;on&#187;]instagram[\/et_pb_social_media_follow_network][\/et_pb_social_media_follow][\/et_pb_column][et_pb_column type=&#187;1_4&#8243; _builder_version=&#187;4.16&#8243; custom_padding=&#187;|||&#187; global_colors_info=&#187;{}&#187; custom_padding__hover=&#187;|||&#187;][\/et_pb_column][\/et_pb_row][\/et_pb_section]<\/p>\n","protected":false},"excerpt":{"rendered":"<p>Hispanorama tours &amp; incentives ist ein auf Gruppenreisen nach Spanien spezialisierter DMCOb das Interesse Ihrer Gruppen auf Geschichte, Gastronomie, Kunst oder Kultur liegt; wir helfen Ihnen die perfekte Reiseroute zu erstellen, um die Interessen und Bed\u00fcrfnisse Ihrer Gruppenreise auf der Iberischen Halbinsel bestm\u00f6glich anzupassen. Unser gr\u00f6\u00dftes Anliegen ist es, ma\u00dfgeschneiderte Programme zu erarbeiten, denn jede [&hellip;]<\/p>\n","protected":false},"author":5,"featured_media":0,"parent":0,"menu_order":0,"comment_status":"closed","ping_status":"closed","template":"","meta":{"_et_pb_use_builder":"on","_et_pb_old_content":"","_et_gb_content_width":"","inline_featured_image":false,"footnotes":""},"class_list":["post-249576","page","type-page","status-publish","hentry"],"yoast_head":"<!-- This site is optimized with the Yoast SEO plugin v26.9 - https:\/\/yoast.com\/product\/yoast-seo-wordpress\/ -->\n<title>Gruppenreisen in Spanien - DMC Spanien<\/title>\n<meta name=\"robots\" content=\"index, follow, max-snippet:-1, max-image-preview:large, max-video-preview:-1\" \/>\n<link rel=\"canonical\" href=\"https:\/\/www.hispanorama-tours.com\/de_ch\/gruppenreise-spanien\/\" \/>\n<meta property=\"og:locale\" content=\"de_DE\" \/>\n<meta property=\"og:type\" content=\"article\" \/>\n<meta property=\"og:title\" content=\"Gruppenreisen in Spanien - DMC Spanien\" \/>\n<meta property=\"og:description\" content=\"Hispanorama tours &amp; incentives ist ein auf Gruppenreisen nach Spanien spezialisierter DMCOb das Interesse Ihrer Gruppen auf Geschichte, Gastronomie, Kunst oder Kultur liegt; wir helfen Ihnen die perfekte Reiseroute zu erstellen, um die Interessen und Bed\u00fcrfnisse Ihrer Gruppenreise auf der Iberischen Halbinsel bestm\u00f6glich anzupassen. Unser gr\u00f6\u00dftes Anliegen ist es, ma\u00dfgeschneiderte Programme zu erarbeiten, denn jede [&hellip;]\" \/>\n<meta property=\"og:url\" content=\"https:\/\/www.hispanorama-tours.com\/de_ch\/gruppenreise-spanien\/\" \/>\n<meta property=\"og:site_name\" content=\"DMC Spanien\" \/>\n<meta property=\"article:publisher\" content=\"https:\/\/www.facebook.com\/HispanoramaTours\/\" \/>\n<meta property=\"article:modified_time\" content=\"2023-07-07T07:53:44+00:00\" \/>\n<meta name=\"twitter:card\" content=\"summary_large_image\" \/>\n<meta name=\"twitter:site\" content=\"@HispanoramaMAD\" \/>\n<meta name=\"twitter:label1\" content=\"Gesch\u00e4tzte Lesezeit\" \/>\n\t<meta name=\"twitter:data1\" content=\"4\u00a0Minuten\" \/>\n<script type=\"application\/ld+json\" class=\"yoast-schema-graph\">{\"@context\":\"https:\/\/schema.org\",\"@graph\":[{\"@type\":\"WebPage\",\"@id\":\"https:\/\/www.hispanorama-tours.com\/de_ch\/gruppenreise-spanien\/\",\"url\":\"https:\/\/www.hispanorama-tours.com\/de_ch\/gruppenreise-spanien\/\",\"name\":\"Gruppenreisen in Spanien - DMC Spanien\",\"isPartOf\":{\"@id\":\"https:\/\/www.hispanorama-tours.com\/de_ch\/#website\"},\"datePublished\":\"2023-07-05T10:27:57+00:00\",\"dateModified\":\"2023-07-07T07:53:44+00:00\",\"breadcrumb\":{\"@id\":\"https:\/\/www.hispanorama-tours.com\/de_ch\/gruppenreise-spanien\/#breadcrumb\"},\"inLanguage\":\"de-CH\",\"potentialAction\":[{\"@type\":\"ReadAction\",\"target\":[\"https:\/\/www.hispanorama-tours.com\/de_ch\/gruppenreise-spanien\/\"]}]},{\"@type\":\"BreadcrumbList\",\"@id\":\"https:\/\/www.hispanorama-tours.com\/de_ch\/gruppenreise-spanien\/#breadcrumb\",\"itemListElement\":[{\"@type\":\"ListItem\",\"position\":1,\"name\":\"Home\",\"item\":\"https:\/\/www.hispanorama-tours.com\/de_ch\/\"},{\"@type\":\"ListItem\",\"position\":2,\"name\":\"Gruppenreisen in Spanien\"}]},{\"@type\":\"WebSite\",\"@id\":\"https:\/\/www.hispanorama-tours.com\/de_ch\/#website\",\"url\":\"https:\/\/www.hispanorama-tours.com\/de_ch\/\",\"name\":\"DMC Spanien\",\"description\":\"Destination Management Company (DMC) in Spanien\",\"publisher\":{\"@id\":\"https:\/\/www.hispanorama-tours.com\/de_ch\/#organization\"},\"potentialAction\":[{\"@type\":\"SearchAction\",\"target\":{\"@type\":\"EntryPoint\",\"urlTemplate\":\"https:\/\/www.hispanorama-tours.com\/de_ch\/?s={search_term_string}\"},\"query-input\":{\"@type\":\"PropertyValueSpecification\",\"valueRequired\":true,\"valueName\":\"search_term_string\"}}],\"inLanguage\":\"de-CH\"},{\"@type\":\"Organization\",\"@id\":\"https:\/\/www.hispanorama-tours.com\/de_ch\/#organization\",\"name\":\"DMC for Spain Hispanorama tours & incentives\",\"url\":\"https:\/\/www.hispanorama-tours.com\/de_ch\/\",\"logo\":{\"@type\":\"ImageObject\",\"inLanguage\":\"de-CH\",\"@id\":\"https:\/\/www.hispanorama-tours.com\/de_ch\/#\/schema\/logo\/image\/\",\"url\":\"https:\/\/www.hispanorama-tours.com\/wp-content\/uploads\/2018\/06\/logo_hispanorama_tours_and_incentives3-1.png\",\"contentUrl\":\"https:\/\/www.hispanorama-tours.com\/wp-content\/uploads\/2018\/06\/logo_hispanorama_tours_and_incentives3-1.png\",\"width\":185,\"height\":120,\"caption\":\"DMC for Spain Hispanorama tours & incentives\"},\"image\":{\"@id\":\"https:\/\/www.hispanorama-tours.com\/de_ch\/#\/schema\/logo\/image\/\"},\"sameAs\":[\"https:\/\/www.facebook.com\/HispanoramaTours\/\",\"https:\/\/x.com\/HispanoramaMAD\",\"https:\/\/www.linkedin.com\/company\/hispanorama-tours-&amp;-incentives\/\"]}]}<\/script>\n<!-- \/ Yoast SEO plugin. -->","yoast_head_json":{"title":"Gruppenreisen in Spanien - DMC Spanien","robots":{"index":"index","follow":"follow","max-snippet":"max-snippet:-1","max-image-preview":"max-image-preview:large","max-video-preview":"max-video-preview:-1"},"canonical":"https:\/\/www.hispanorama-tours.com\/de_ch\/gruppenreise-spanien\/","og_locale":"de_DE","og_type":"article","og_title":"Gruppenreisen in Spanien - DMC Spanien","og_description":"Hispanorama tours &amp; incentives ist ein auf Gruppenreisen nach Spanien spezialisierter DMCOb das Interesse Ihrer Gruppen auf Geschichte, Gastronomie, Kunst oder Kultur liegt; wir helfen Ihnen die perfekte Reiseroute zu erstellen, um die Interessen und Bed\u00fcrfnisse Ihrer Gruppenreise auf der Iberischen Halbinsel bestm\u00f6glich anzupassen. Unser gr\u00f6\u00dftes Anliegen ist es, ma\u00dfgeschneiderte Programme zu erarbeiten, denn jede [&hellip;]","og_url":"https:\/\/www.hispanorama-tours.com\/de_ch\/gruppenreise-spanien\/","og_site_name":"DMC Spanien","article_publisher":"https:\/\/www.facebook.com\/HispanoramaTours\/","article_modified_time":"2023-07-07T07:53:44+00:00","twitter_card":"summary_large_image","twitter_site":"@HispanoramaMAD","twitter_misc":{"Gesch\u00e4tzte Lesezeit":"4\u00a0Minuten"},"schema":{"@context":"https:\/\/schema.org","@graph":[{"@type":"WebPage","@id":"https:\/\/www.hispanorama-tours.com\/de_ch\/gruppenreise-spanien\/","url":"https:\/\/www.hispanorama-tours.com\/de_ch\/gruppenreise-spanien\/","name":"Gruppenreisen in Spanien - DMC Spanien","isPartOf":{"@id":"https:\/\/www.hispanorama-tours.com\/de_ch\/#website"},"datePublished":"2023-07-05T10:27:57+00:00","dateModified":"2023-07-07T07:53:44+00:00","breadcrumb":{"@id":"https:\/\/www.hispanorama-tours.com\/de_ch\/gruppenreise-spanien\/#breadcrumb"},"inLanguage":"de-CH","potentialAction":[{"@type":"ReadAction","target":["https:\/\/www.hispanorama-tours.com\/de_ch\/gruppenreise-spanien\/"]}]},{"@type":"BreadcrumbList","@id":"https:\/\/www.hispanorama-tours.com\/de_ch\/gruppenreise-spanien\/#breadcrumb","itemListElement":[{"@type":"ListItem","position":1,"name":"Home","item":"https:\/\/www.hispanorama-tours.com\/de_ch\/"},{"@type":"ListItem","position":2,"name":"Gruppenreisen in Spanien"}]},{"@type":"WebSite","@id":"https:\/\/www.hispanorama-tours.com\/de_ch\/#website","url":"https:\/\/www.hispanorama-tours.com\/de_ch\/","name":"DMC Spanien","description":"Destination Management Company (DMC) in Spanien","publisher":{"@id":"https:\/\/www.hispanorama-tours.com\/de_ch\/#organization"},"potentialAction":[{"@type":"SearchAction","target":{"@type":"EntryPoint","urlTemplate":"https:\/\/www.hispanorama-tours.com\/de_ch\/?s={search_term_string}"},"query-input":{"@type":"PropertyValueSpecification","valueRequired":true,"valueName":"search_term_string"}}],"inLanguage":"de-CH"},{"@type":"Organization","@id":"https:\/\/www.hispanorama-tours.com\/de_ch\/#organization","name":"DMC for Spain Hispanorama tours & incentives","url":"https:\/\/www.hispanorama-tours.com\/de_ch\/","logo":{"@type":"ImageObject","inLanguage":"de-CH","@id":"https:\/\/www.hispanorama-tours.com\/de_ch\/#\/schema\/logo\/image\/","url":"https:\/\/www.hispanorama-tours.com\/wp-content\/uploads\/2018\/06\/logo_hispanorama_tours_and_incentives3-1.png","contentUrl":"https:\/\/www.hispanorama-tours.com\/wp-content\/uploads\/2018\/06\/logo_hispanorama_tours_and_incentives3-1.png","width":185,"height":120,"caption":"DMC for Spain Hispanorama tours & incentives"},"image":{"@id":"https:\/\/www.hispanorama-tours.com\/de_ch\/#\/schema\/logo\/image\/"},"sameAs":["https:\/\/www.facebook.com\/HispanoramaTours\/","https:\/\/x.com\/HispanoramaMAD","https:\/\/www.linkedin.com\/company\/hispanorama-tours-&amp;-incentives\/"]}]}},"_links":{"self":[{"href":"https:\/\/www.hispanorama-tours.com\/de_ch\/wp-json\/wp\/v2\/pages\/249576","targetHints":{"allow":["GET"]}}],"collection":[{"href":"https:\/\/www.hispanorama-tours.com\/de_ch\/wp-json\/wp\/v2\/pages"}],"about":[{"href":"https:\/\/www.hispanorama-tours.com\/de_ch\/wp-json\/wp\/v2\/types\/page"}],"author":[{"embeddable":true,"href":"https:\/\/www.hispanorama-tours.com\/de_ch\/wp-json\/wp\/v2\/users\/5"}],"replies":[{"embeddable":true,"href":"https:\/\/www.hispanorama-tours.com\/de_ch\/wp-json\/wp\/v2\/comments?post=249576"}],"version-history":[{"count":1,"href":"https:\/\/www.hispanorama-tours.com\/de_ch\/wp-json\/wp\/v2\/pages\/249576\/revisions"}],"predecessor-version":[{"id":251363,"href":"https:\/\/www.hispanorama-tours.com\/de_ch\/wp-json\/wp\/v2\/pages\/249576\/revisions\/251363"}],"wp:attachment":[{"href":"https:\/\/www.hispanorama-tours.com\/de_ch\/wp-json\/wp\/v2\/media?parent=249576"}],"curies":[{"name":"wp","href":"https:\/\/api.w.org\/{rel}","templated":true}]}}