
{"id":9397,"date":"2015-01-21T17:11:05","date_gmt":"2015-01-21T17:11:05","guid":{"rendered":"http:\/\/www.hispanorama-tours.com\/referenzen\/"},"modified":"2015-01-21T17:11:05","modified_gmt":"2015-01-21T17:11:05","slug":"referenzen","status":"publish","type":"page","link":"https:\/\/www.hispanorama-tours.com\/de_at\/referenzen\/","title":{"rendered":"Referenzen"},"content":{"rendered":"<p>Wir ver\u00f6ffentlichen aus Datenschutz-Gr\u00fcnden die Namen unserer Kunden nicht auf unserer Internetseite. Gerne k\u00f6nnen Sie jedoch eine Referenzliste bei uns anfordern, wir schicken Sie Ihnen gerne!<\/p>\n","protected":false},"excerpt":{"rendered":"<p>Wir ver\u00f6ffentlichen aus Datenschutz-Gr\u00fcnden die Namen unserer Kunden nicht auf unserer Internetseite. Gerne k\u00f6nnen Sie jedoch eine Referenzliste bei uns anfordern, wir schicken Sie Ihnen gerne!<\/p>\n","protected":false},"author":2,"featured_media":0,"parent":0,"menu_order":0,"comment_status":"closed","ping_status":"closed","template":"","meta":{"_et_pb_use_builder":"","_et_pb_old_content":"","_et_gb_content_width":"","inline_featured_image":false,"footnotes":""},"class_list":["post-9397","page","type-page","status-publish","hentry"],"yoast_head":"<!-- This site is optimized with the Yoast SEO plugin v26.9 - https:\/\/yoast.com\/product\/yoast-seo-wordpress\/ -->\n<title>Referenzen - DMC Spanien<\/title>\n<meta name=\"robots\" content=\"index, follow, max-snippet:-1, max-image-preview:large, max-video-preview:-1\" \/>\n<link rel=\"canonical\" href=\"https:\/\/www.hispanorama-tours.com\/de_at\/referenzen\/\" \/>\n<meta property=\"og:locale\" content=\"de_DE\" \/>\n<meta property=\"og:type\" content=\"article\" \/>\n<meta property=\"og:title\" content=\"Referenzen - DMC Spanien\" \/>\n<meta property=\"og:description\" content=\"Wir ver\u00f6ffentlichen aus Datenschutz-Gr\u00fcnden die Namen unserer Kunden nicht auf unserer Internetseite. Gerne k\u00f6nnen Sie jedoch eine Referenzliste bei uns anfordern, wir schicken Sie Ihnen gerne!\" \/>\n<meta property=\"og:url\" content=\"https:\/\/www.hispanorama-tours.com\/de_at\/referenzen\/\" \/>\n<meta property=\"og:site_name\" content=\"DMC Spanien\" \/>\n<meta property=\"article:publisher\" content=\"https:\/\/www.facebook.com\/HispanoramaTours\/\" \/>\n<meta name=\"twitter:card\" content=\"summary_large_image\" \/>\n<meta name=\"twitter:site\" content=\"@HispanoramaMAD\" \/>\n<script type=\"application\/ld+json\" class=\"yoast-schema-graph\">{\"@context\":\"https:\/\/schema.org\",\"@graph\":[{\"@type\":\"WebPage\",\"@id\":\"https:\/\/www.hispanorama-tours.com\/de_at\/referenzen\/\",\"url\":\"https:\/\/www.hispanorama-tours.com\/de_at\/referenzen\/\",\"name\":\"Referenzen - DMC Spanien\",\"isPartOf\":{\"@id\":\"https:\/\/www.hispanorama-tours.com\/de_at\/#website\"},\"datePublished\":\"2015-01-21T17:11:05+00:00\",\"breadcrumb\":{\"@id\":\"https:\/\/www.hispanorama-tours.com\/de_at\/referenzen\/#breadcrumb\"},\"inLanguage\":\"de-AT\",\"potentialAction\":[{\"@type\":\"ReadAction\",\"target\":[\"https:\/\/www.hispanorama-tours.com\/de_at\/referenzen\/\"]}]},{\"@type\":\"BreadcrumbList\",\"@id\":\"https:\/\/www.hispanorama-tours.com\/de_at\/referenzen\/#breadcrumb\",\"itemListElement\":[{\"@type\":\"ListItem\",\"position\":1,\"name\":\"Home\",\"item\":\"https:\/\/www.hispanorama-tours.com\/de_at\/\"},{\"@type\":\"ListItem\",\"position\":2,\"name\":\"Referenzen\"}]},{\"@type\":\"WebSite\",\"@id\":\"https:\/\/www.hispanorama-tours.com\/de_at\/#website\",\"url\":\"https:\/\/www.hispanorama-tours.com\/de_at\/\",\"name\":\"DMC Spanien\",\"description\":\"Destination Management Company (DMC) in Spanien\",\"publisher\":{\"@id\":\"https:\/\/www.hispanorama-tours.com\/de_at\/#organization\"},\"potentialAction\":[{\"@type\":\"SearchAction\",\"target\":{\"@type\":\"EntryPoint\",\"urlTemplate\":\"https:\/\/www.hispanorama-tours.com\/de_at\/?s={search_term_string}\"},\"query-input\":{\"@type\":\"PropertyValueSpecification\",\"valueRequired\":true,\"valueName\":\"search_term_string\"}}],\"inLanguage\":\"de-AT\"},{\"@type\":\"Organization\",\"@id\":\"https:\/\/www.hispanorama-tours.com\/de_at\/#organization\",\"name\":\"DMC for Spain Hispanorama tours & incentives\",\"url\":\"https:\/\/www.hispanorama-tours.com\/de_at\/\",\"logo\":{\"@type\":\"ImageObject\",\"inLanguage\":\"de-AT\",\"@id\":\"https:\/\/www.hispanorama-tours.com\/de_at\/#\/schema\/logo\/image\/\",\"url\":\"https:\/\/www.hispanorama-tours.com\/wp-content\/uploads\/2018\/06\/logo_hispanorama_tours_and_incentives3-1.png\",\"contentUrl\":\"https:\/\/www.hispanorama-tours.com\/wp-content\/uploads\/2018\/06\/logo_hispanorama_tours_and_incentives3-1.png\",\"width\":185,\"height\":120,\"caption\":\"DMC for Spain Hispanorama tours & incentives\"},\"image\":{\"@id\":\"https:\/\/www.hispanorama-tours.com\/de_at\/#\/schema\/logo\/image\/\"},\"sameAs\":[\"https:\/\/www.facebook.com\/HispanoramaTours\/\",\"https:\/\/x.com\/HispanoramaMAD\",\"https:\/\/www.linkedin.com\/company\/hispanorama-tours-&amp;-incentives\/\"]}]}<\/script>\n<!-- \/ Yoast SEO plugin. -->","yoast_head_json":{"title":"Referenzen - DMC Spanien","robots":{"index":"index","follow":"follow","max-snippet":"max-snippet:-1","max-image-preview":"max-image-preview:large","max-video-preview":"max-video-preview:-1"},"canonical":"https:\/\/www.hispanorama-tours.com\/de_at\/referenzen\/","og_locale":"de_DE","og_type":"article","og_title":"Referenzen - DMC Spanien","og_description":"Wir ver\u00f6ffentlichen aus Datenschutz-Gr\u00fcnden die Namen unserer Kunden nicht auf unserer Internetseite. Gerne k\u00f6nnen Sie jedoch eine Referenzliste bei uns anfordern, wir schicken Sie Ihnen gerne!","og_url":"https:\/\/www.hispanorama-tours.com\/de_at\/referenzen\/","og_site_name":"DMC Spanien","article_publisher":"https:\/\/www.facebook.com\/HispanoramaTours\/","twitter_card":"summary_large_image","twitter_site":"@HispanoramaMAD","schema":{"@context":"https:\/\/schema.org","@graph":[{"@type":"WebPage","@id":"https:\/\/www.hispanorama-tours.com\/de_at\/referenzen\/","url":"https:\/\/www.hispanorama-tours.com\/de_at\/referenzen\/","name":"Referenzen - DMC Spanien","isPartOf":{"@id":"https:\/\/www.hispanorama-tours.com\/de_at\/#website"},"datePublished":"2015-01-21T17:11:05+00:00","breadcrumb":{"@id":"https:\/\/www.hispanorama-tours.com\/de_at\/referenzen\/#breadcrumb"},"inLanguage":"de-AT","potentialAction":[{"@type":"ReadAction","target":["https:\/\/www.hispanorama-tours.com\/de_at\/referenzen\/"]}]},{"@type":"BreadcrumbList","@id":"https:\/\/www.hispanorama-tours.com\/de_at\/referenzen\/#breadcrumb","itemListElement":[{"@type":"ListItem","position":1,"name":"Home","item":"https:\/\/www.hispanorama-tours.com\/de_at\/"},{"@type":"ListItem","position":2,"name":"Referenzen"}]},{"@type":"WebSite","@id":"https:\/\/www.hispanorama-tours.com\/de_at\/#website","url":"https:\/\/www.hispanorama-tours.com\/de_at\/","name":"DMC Spanien","description":"Destination Management Company (DMC) in Spanien","publisher":{"@id":"https:\/\/www.hispanorama-tours.com\/de_at\/#organization"},"potentialAction":[{"@type":"SearchAction","target":{"@type":"EntryPoint","urlTemplate":"https:\/\/www.hispanorama-tours.com\/de_at\/?s={search_term_string}"},"query-input":{"@type":"PropertyValueSpecification","valueRequired":true,"valueName":"search_term_string"}}],"inLanguage":"de-AT"},{"@type":"Organization","@id":"https:\/\/www.hispanorama-tours.com\/de_at\/#organization","name":"DMC for Spain Hispanorama tours & incentives","url":"https:\/\/www.hispanorama-tours.com\/de_at\/","logo":{"@type":"ImageObject","inLanguage":"de-AT","@id":"https:\/\/www.hispanorama-tours.com\/de_at\/#\/schema\/logo\/image\/","url":"https:\/\/www.hispanorama-tours.com\/wp-content\/uploads\/2018\/06\/logo_hispanorama_tours_and_incentives3-1.png","contentUrl":"https:\/\/www.hispanorama-tours.com\/wp-content\/uploads\/2018\/06\/logo_hispanorama_tours_and_incentives3-1.png","width":185,"height":120,"caption":"DMC for Spain Hispanorama tours & incentives"},"image":{"@id":"https:\/\/www.hispanorama-tours.com\/de_at\/#\/schema\/logo\/image\/"},"sameAs":["https:\/\/www.facebook.com\/HispanoramaTours\/","https:\/\/x.com\/HispanoramaMAD","https:\/\/www.linkedin.com\/company\/hispanorama-tours-&amp;-incentives\/"]}]}},"_links":{"self":[{"href":"https:\/\/www.hispanorama-tours.com\/de_at\/wp-json\/wp\/v2\/pages\/9397","targetHints":{"allow":["GET"]}}],"collection":[{"href":"https:\/\/www.hispanorama-tours.com\/de_at\/wp-json\/wp\/v2\/pages"}],"about":[{"href":"https:\/\/www.hispanorama-tours.com\/de_at\/wp-json\/wp\/v2\/types\/page"}],"author":[{"embeddable":true,"href":"https:\/\/www.hispanorama-tours.com\/de_at\/wp-json\/wp\/v2\/users\/2"}],"replies":[{"embeddable":true,"href":"https:\/\/www.hispanorama-tours.com\/de_at\/wp-json\/wp\/v2\/comments?post=9397"}],"version-history":[{"count":0,"href":"https:\/\/www.hispanorama-tours.com\/de_at\/wp-json\/wp\/v2\/pages\/9397\/revisions"}],"wp:attachment":[{"href":"https:\/\/www.hispanorama-tours.com\/de_at\/wp-json\/wp\/v2\/media?parent=9397"}],"curies":[{"name":"wp","href":"https:\/\/api.w.org\/{rel}","templated":true}]}}