
{"id":250226,"date":"2023-07-06T07:32:45","date_gmt":"2023-07-06T05:32:45","guid":{"rendered":"https:\/\/www.hispanorama-tours.com\/incentivereisen-in-spanien\/"},"modified":"2023-07-06T07:39:18","modified_gmt":"2023-07-06T05:39:18","slug":"incentivereisen-in-spanien","status":"publish","type":"page","link":"https:\/\/www.hispanorama-tours.com\/de_at\/incentives-in-spanien\/incentivereisen-in-spanien\/","title":{"rendered":"Incentivereisen in Spanien"},"content":{"rendered":"<p>[et_pb_section fb_built=&#8220;1&#8243; _builder_version=&#8220;4.21.0&#8243; _module_preset=&#8220;default&#8220; global_colors_info=&#8220;{}&#8220;][et_pb_row _builder_version=&#8220;4.21.0&#8243; _module_preset=&#8220;default&#8220; custom_margin=&#8220;|||||false&#8220; custom_padding=&#8220;||||false|true&#8220; global_colors_info=&#8220;{}&#8220;][et_pb_column type=&#8220;4_4&#8243; _builder_version=&#8220;4.21.0&#8243; _module_preset=&#8220;default&#8220; global_colors_info=&#8220;{}&#8220;][et_pb_text _builder_version=&#8220;4.21.0&#8243; _module_preset=&#8220;default&#8220; text_font=&#8220;||||||||&#8220; link_font=&#8220;||||||||&#8220; ul_font=&#8220;||||||||&#8220; ol_font=&#8220;||||||||&#8220; quote_font=&#8220;||||||||&#8220; header_font=&#8220;||||||||&#8220; header_text_align=&#8220;center&#8220; header_2_font=&#8220;|700|||||||&#8220; header_2_font_size=&#8220;36px&#8220; header_2_line_height=&#8220;1.5em&#8220; header_3_font=&#8220;||||||||&#8220; module_alignment=&#8220;center&#8220; header_2_font_size_tablet=&#8220;34px&#8220; header_2_font_size_phone=&#8220;30px&#8220; header_2_font_size_last_edited=&#8220;on|phone&#8220; global_colors_info=&#8220;{}&#8220;]<\/p>\n<h2>Incentivereisen in Spanien<\/h2>\n<p>[\/et_pb_text][\/et_pb_column][\/et_pb_row][et_pb_row _builder_version=&#8220;4.21.0&#8243; _module_preset=&#8220;default&#8220; background_size=&#8220;initial&#8220; background_position=&#8220;top_left&#8220; background_repeat=&#8220;repeat&#8220; custom_padding=&#8220;0px||0px||false|false&#8220; global_colors_info=&#8220;{}&#8220;][et_pb_column type=&#8220;4_4&#8243; _builder_version=&#8220;4.16&#8243; _module_preset=&#8220;default&#8220; custom_padding=&#8220;|||&#8220; global_colors_info=&#8220;{}&#8220; custom_padding__hover=&#8220;|||&#8220;][et_pb_text _builder_version=&#8220;4.21.0&#8243; _module_preset=&#8220;default&#8220; header_4_text_color=&#8220;#d20a11&#8243; background_size=&#8220;initial&#8220; background_position=&#8220;top_left&#8220; background_repeat=&#8220;repeat&#8220; global_colors_info=&#8220;{}&#8220;]<\/p>\n<h4>Warum sollten Sie UNS f\u00fcr die Organisation Ihrer n\u00e4chsten Incentivereise nach Spanien w\u00e4hlen?<\/h4>\n<p>Wir lieben es zu organisieren! Und wir lieben es kreativ zu sein! Wenn es darum geht eine <strong>Incentivereise nach Spanien<\/strong> f\u00fcr Ihren Kunden zu planen, lassen wir unserer Fantasie freien Lauf. Basierend auf unserer langj\u00e4hrigen Erfahrung mit vielen verschiedenen Firmen aus der ganzen Welt, die uns vertrauen, lieben wir es bei jeder neuen Gruppenanfrage zu innovieren. Begeisterung hervorzurufen ist unsere h\u00f6chste Motivation!<\/p>\n<p>Unser deutschsprachiges Team wird Ihre n\u00e4chste <strong>Incentivereise nach Spanien<\/strong> ausarbeiten, organisieren und koordinieren. Wir garantieren den perfekten Ablauf unserer erstklassigen Leistungstr\u00e4ger mit welchen wir konkurrenzf\u00e4hige Preise verhandeln. Die Mischung aus Kreativit\u00e4t, Innovation, perfekter Logistik und einem umfassenden Projektmanagement ist unser Schl\u00fcssel zum Erfolg.<\/p>\n<p>[\/et_pb_text][\/et_pb_column][\/et_pb_row][et_pb_row _builder_version=&#8220;4.21.0&#8243; _module_preset=&#8220;default&#8220; background_color=&#8220;#000000&#8243; custom_margin=&#8220;2rem||2rem||true|false&#8220; custom_padding=&#8220;0px||0px||true|false&#8220; global_colors_info=&#8220;{}&#8220;][et_pb_column type=&#8220;4_4&#8243; _builder_version=&#8220;4.21.0&#8243; _module_preset=&#8220;default&#8220; global_colors_info=&#8220;{}&#8220;][revslider_divi revslider_divi=&#8220;%91rev_slider alias=%22incentivereisen%22 slidertitle=%22incentivereisen%22%93%91\/rev_slider%93&#8243; _builder_version=&#8220;4.21.0&#8243; _module_preset=&#8220;default&#8220; global_colors_info=&#8220;{}&#8220;][\/revslider_divi][\/et_pb_column][\/et_pb_row][et_pb_row column_structure=&#8220;1_2,1_2&#8243; _builder_version=&#8220;4.21.0&#8243; _module_preset=&#8220;default&#8220; background_size=&#8220;initial&#8220; background_position=&#8220;top_left&#8220; background_repeat=&#8220;repeat&#8220; custom_padding=&#8220;0px||||false|false&#8220; global_colors_info=&#8220;{}&#8220;][et_pb_column type=&#8220;1_2&#8243; _builder_version=&#8220;4.16&#8243; _module_preset=&#8220;default&#8220; custom_padding=&#8220;|||&#8220; global_colors_info=&#8220;{}&#8220; custom_padding__hover=&#8220;|||&#8220;][et_pb_text _builder_version=&#8220;4.21.0&#8243; _module_preset=&#8220;default&#8220; header_4_text_color=&#8220;#d20a11&#8243; background_size=&#8220;initial&#8220; background_position=&#8220;top_left&#8220; background_repeat=&#8220;repeat&#8220; global_colors_info=&#8220;{}&#8220;]<\/p>\n<h4>Warum Spanien?<\/h4>\n<p>Spanien ist ein ideales Land f\u00fcr <strong>Incentivereisen<\/strong>, nicht nur wegen des guten Klimas mit an einigen Orten mehr als 300 Sonnentagen pro Jahr, sondern auch wegen der zahlreichen M\u00f6glichkeiten an Aktivit\u00e4ten in jeder Region. Wenn Sie eine Incentivereise organisieren m\u00f6chten, wo Langeweile verboten ist, denken Sie bitte an Spanien!<br \/><strong>In Spanien<\/strong> kann man fast alles planen. Eine Aufschl\u00fcsselung der verschiedenen Highlights w\u00e4re praktisch unendlich, alles h\u00e4ngt vom Budget und der geplanten Zeit f\u00fcr die Reise ab.<br \/>Hispanorama tours &amp; incentives sorgt daf\u00fcr, dass die Tr\u00e4ume Ihrer Kunden Wirklichkeit werden!<\/p>\n<p>[\/et_pb_text][\/et_pb_column][et_pb_column type=&#8220;1_2&#8243; _builder_version=&#8220;4.16&#8243; _module_preset=&#8220;default&#8220; custom_padding=&#8220;|||&#8220; global_colors_info=&#8220;{}&#8220; custom_padding__hover=&#8220;|||&#8220;][et_pb_text _builder_version=&#8220;4.21.0&#8243; _module_preset=&#8220;default&#8220; header_4_text_color=&#8220;#d20a11&#8243; background_size=&#8220;initial&#8220; background_position=&#8220;top_left&#8220; background_repeat=&#8220;repeat&#8220; global_colors_info=&#8220;{}&#8220;]<\/p>\n<h4>Was kann man in Spanien machen?<\/h4>\n<p>Abh\u00e4ngig von der Gr\u00f6\u00dfe Ihrer Gruppe und der Region oder der Stadt f\u00fcr welche sich Ihr Kunde entscheidet, k\u00f6nnen wir die verschiedensten Aktivit\u00e4ten organisieren, wie z.B.:<\/p>\n<ul class=\"localiza\">\n<li>Eine Jeeptour in den Bergen<\/li>\n<li>Eine Segelregatta an der K\u00fcste<\/li>\n<li>Ein Ballonflug \u00fcber die kastilische Hochebene<\/li>\n<li>Kochkurse quer durch die spanische K\u00fcche<\/li>\n<li>Flamenco-Tanzkurse in einem autenthischen \u201cTablao\u201d<\/li>\n<li>Teambuilding-Aktivit\u00e4ten am Strand<\/li>\n<li>Ein Tag als Winzer auf einem Weingut<\/li>\n<li>Und vieles mehr&#8230;<\/li>\n<\/ul>\n<p>Fragen Sie uns nach detaillierten Programmen f\u00fcr <strong>Incentivereisen in Spanien<\/strong>! Motivation und gute Laune stehen bei uns an erster Stelle.<\/p>\n<p>&nbsp;<\/p>\n<p>[\/et_pb_text][\/et_pb_column][\/et_pb_row][\/et_pb_section][et_pb_section fb_built=&#8220;1&#8243; disabled_on=&#8220;off|off|off&#8220; admin_label=&#8220;Follow Along&#8220; _builder_version=&#8220;4.21.0&#8243; _module_preset=&#8220;default&#8220; use_background_color_gradient=&#8220;on&#8220; background_color_gradient_stops=&#8220;#ffffff 30%|rgba(255,255,255,0) 80%&#8220; background_color_gradient_overlays_image=&#8220;on&#8220; background_color_gradient_start=&#8220;#ffffff&#8220; background_color_gradient_end=&#8220;rgba(255,255,255,0)&#8220; background_color_gradient_end_position=&#8220;52%&#8220; background_image=&#8220;https:\/\/www.hispanorama-tours.com\/wp-content\/uploads\/2023\/06\/surf-2.jpg&#8220; background_position=&#8220;bottom_center&#8220; custom_margin=&#8220;||||false|false&#8220; custom_padding=&#8220;5rem||4rem||false|false&#8220; background_last_edited=&#8220;on|phone&#8220; background_position_phone=&#8220;bottom_right&#8220; background_horizontal_offset_phone=&#8220;16%&#8220; global_module=&#8220;242100&#8243; saved_tabs=&#8220;all&#8220; global_colors_info=&#8220;{}&#8220;][et_pb_row _builder_version=&#8220;4.21.0&#8243; _module_preset=&#8220;default&#8220; custom_margin=&#8220;|||||false&#8220; custom_padding=&#8220;||10rem||false|true&#8220; global_colors_info=&#8220;{}&#8220;][et_pb_column type=&#8220;4_4&#8243; _builder_version=&#8220;4.21.0&#8243; _module_preset=&#8220;default&#8220; global_colors_info=&#8220;{}&#8220;][et_pb_text _builder_version=&#8220;4.21.0&#8243; _module_preset=&#8220;default&#8220; text_font=&#8220;||||||||&#8220; link_font=&#8220;||||||||&#8220; ul_font=&#8220;||||||||&#8220; ol_font=&#8220;||||||||&#8220; quote_font=&#8220;||||||||&#8220; header_font=&#8220;||||||||&#8220; header_text_align=&#8220;center&#8220; header_2_font=&#8220;|700|||||||&#8220; header_2_text_align=&#8220;center&#8220; header_2_font_size=&#8220;36px&#8220; header_2_line_height=&#8220;1.5em&#8220; header_3_font=&#8220;||||||||&#8220; text_orientation=&#8220;center&#8220; module_alignment=&#8220;center&#8220; header_2_font_size_tablet=&#8220;34px&#8220; header_2_font_size_phone=&#8220;30px&#8220; header_2_font_size_last_edited=&#8220;on|phone&#8220; global_colors_info=&#8220;{}&#8220;]<\/p>\n<h2>M\u00f6chten Sie mehr \u00fcber Spanien erfahren?<\/h2>\n<p>Dann abonnieren Sie unseren Newsletter; wir halten Sie auf dem Laufenden mit aktuellen Informationen aus Spanien!<\/p>\n<p>[\/et_pb_text][et_pb_button button_url=&#8220;@ET-DC@eyJkeW5hbWljIjp0cnVlLCJjb250ZW50IjoicG9zdF9saW5rX3VybF9wYWdlIiwic2V0dGluZ3MiOnsicG9zdF9pZCI6IjEyMjEifX0=@&#8220; button_text=&#8220;Erfahren Sie mehr&#8220; button_alignment=&#8220;center&#8220; _builder_version=&#8220;4.21.0&#8243; _dynamic_attributes=&#8220;button_url&#8220; _module_preset=&#8220;default&#8220; custom_margin=&#8220;2rem||2rem||true|false&#8220; global_colors_info=&#8220;{}&#8220;][\/et_pb_button][\/et_pb_column][\/et_pb_row][et_pb_row column_structure=&#8220;1_4,1_2,1_4&#8243; module_class=&#8220; et_pb_row_fullwidth&#8220; _builder_version=&#8220;4.16&#8243; width=&#8220;94%&#8220; width_tablet=&#8220;80%&#8220; width_phone=&#8220;80%&#8220; width_last_edited=&#8220;on|desktop&#8220; max_width=&#8220;94%&#8220; max_width_tablet=&#8220;80%&#8220; max_width_phone=&#8220;80%&#8220; max_width_last_edited=&#8220;on|desktop&#8220; custom_margin=&#8220;0px|||&#8220; custom_padding=&#8220;|||&#8220; make_fullwidth=&#8220;on&#8220; global_colors_info=&#8220;{}&#8220;][et_pb_column type=&#8220;1_4&#8243; _builder_version=&#8220;4.16&#8243; custom_padding=&#8220;|||&#8220; global_colors_info=&#8220;{}&#8220; custom_padding__hover=&#8220;|||&#8220;][\/et_pb_column][et_pb_column type=&#8220;1_2&#8243; _builder_version=&#8220;4.16&#8243; custom_padding=&#8220;|||&#8220; global_colors_info=&#8220;{}&#8220; custom_padding__hover=&#8220;|||&#8220;][et_pb_social_media_follow _builder_version=&#8220;4.21.0&#8243; text_orientation=&#8220;center&#8220; background_layout=&#8220;dark&#8220; module_alignment=&#8220;right&#8220; custom_margin=&#8220;|||&#8220; animation_style=&#8220;slide&#8220; animation_direction=&#8220;top&#8220; border_radii=&#8220;on|100%|100%|100%|100%&#8220; global_colors_info=&#8220;{}&#8220;][et_pb_social_media_follow_network social_network=&#8220;facebook&#8220; url=&#8220;https:\/\/www.facebook.com\/HispanoramaTours\/?ref=hl&#8220; _builder_version=&#8220;4.21.0&#8243; background_color=&#8220;rgba(0,0,0,0.1)&#8220; custom_margin=&#8220;|10px||10px||true&#8220; custom_padding=&#8220;10px|10px|10px|10px|true|true&#8220; global_colors_info=&#8220;{}&#8220; follow_button=&#8220;off&#8220; url_new_window=&#8220;on&#8220;]facebook[\/et_pb_social_media_follow_network][et_pb_social_media_follow_network social_network=&#8220;twitter&#8220; url=&#8220;https:\/\/twitter.com\/HispanoramaMAD&#8220; _builder_version=&#8220;4.21.0&#8243; background_color=&#8220;rgba(0,0,0,0.1)&#8220; custom_margin=&#8220;|10px||10px||true&#8220; custom_padding=&#8220;10px|10px|10px|10px|true|true&#8220; global_colors_info=&#8220;{}&#8220; follow_button=&#8220;off&#8220; url_new_window=&#8220;on&#8220;]twitter[\/et_pb_social_media_follow_network][et_pb_social_media_follow_network social_network=&#8220;instagram&#8220; url=&#8220;https:\/\/www.linkedin.com\/company\/hispanorama-tours-&#038;-incentives\/&#8220; _builder_version=&#8220;4.21.0&#8243; background_color=&#8220;rgba(0,0,0,0.1)&#8220; custom_margin=&#8220;|10px||10px||true&#8220; custom_padding=&#8220;10px|10px|10px|10px|true|true&#8220; global_colors_info=&#8220;{}&#8220; follow_button=&#8220;off&#8220; url_new_window=&#8220;on&#8220;]instagram[\/et_pb_social_media_follow_network][\/et_pb_social_media_follow][\/et_pb_column][et_pb_column type=&#8220;1_4&#8243; _builder_version=&#8220;4.16&#8243; custom_padding=&#8220;|||&#8220; global_colors_info=&#8220;{}&#8220; custom_padding__hover=&#8220;|||&#8220;][\/et_pb_column][\/et_pb_row][\/et_pb_section]<\/p>\n","protected":false},"excerpt":{"rendered":"<p>Incentivereisen in SpanienWarum sollten Sie UNS f\u00fcr die Organisation Ihrer n\u00e4chsten Incentivereise nach Spanien w\u00e4hlen? Wir lieben es zu organisieren! Und wir lieben es kreativ zu sein! Wenn es darum geht eine Incentivereise nach Spanien f\u00fcr Ihren Kunden zu planen, lassen wir unserer Fantasie freien Lauf. Basierend auf unserer langj\u00e4hrigen Erfahrung mit vielen verschiedenen Firmen [&hellip;]<\/p>\n","protected":false},"author":5,"featured_media":0,"parent":249898,"menu_order":0,"comment_status":"closed","ping_status":"closed","template":"","meta":{"_et_pb_use_builder":"on","_et_pb_old_content":"","_et_gb_content_width":"","inline_featured_image":false,"footnotes":""},"class_list":["post-250226","page","type-page","status-publish","hentry"],"yoast_head":"<!-- This site is optimized with the Yoast SEO plugin v26.9 - https:\/\/yoast.com\/product\/yoast-seo-wordpress\/ -->\n<title>Incentivereisen in Spanien - DMC Spanien<\/title>\n<meta name=\"robots\" content=\"index, follow, max-snippet:-1, max-image-preview:large, max-video-preview:-1\" \/>\n<link rel=\"canonical\" href=\"https:\/\/www.hispanorama-tours.com\/de_at\/incentives-in-spanien\/incentivereisen-in-spanien\/\" \/>\n<meta property=\"og:locale\" content=\"de_DE\" \/>\n<meta property=\"og:type\" content=\"article\" \/>\n<meta property=\"og:title\" content=\"Incentivereisen in Spanien - DMC Spanien\" \/>\n<meta property=\"og:description\" content=\"Incentivereisen in SpanienWarum sollten Sie UNS f\u00fcr die Organisation Ihrer n\u00e4chsten Incentivereise nach Spanien w\u00e4hlen? Wir lieben es zu organisieren! Und wir lieben es kreativ zu sein! Wenn es darum geht eine Incentivereise nach Spanien f\u00fcr Ihren Kunden zu planen, lassen wir unserer Fantasie freien Lauf. Basierend auf unserer langj\u00e4hrigen Erfahrung mit vielen verschiedenen Firmen [&hellip;]\" \/>\n<meta property=\"og:url\" content=\"https:\/\/www.hispanorama-tours.com\/de_at\/incentives-in-spanien\/incentivereisen-in-spanien\/\" \/>\n<meta property=\"og:site_name\" content=\"DMC Spanien\" \/>\n<meta property=\"article:publisher\" content=\"https:\/\/www.facebook.com\/HispanoramaTours\/\" \/>\n<meta property=\"article:modified_time\" content=\"2023-07-06T05:39:18+00:00\" \/>\n<meta name=\"twitter:card\" content=\"summary_large_image\" \/>\n<meta name=\"twitter:site\" content=\"@HispanoramaMAD\" \/>\n<meta name=\"twitter:label1\" content=\"Gesch\u00e4tzte Lesezeit\" \/>\n\t<meta name=\"twitter:data1\" content=\"4 Minuten\" \/>\n<script type=\"application\/ld+json\" class=\"yoast-schema-graph\">{\"@context\":\"https:\/\/schema.org\",\"@graph\":[{\"@type\":\"WebPage\",\"@id\":\"https:\/\/www.hispanorama-tours.com\/de_at\/incentives-in-spanien\/incentivereisen-in-spanien\/\",\"url\":\"https:\/\/www.hispanorama-tours.com\/de_at\/incentives-in-spanien\/incentivereisen-in-spanien\/\",\"name\":\"Incentivereisen in Spanien - DMC Spanien\",\"isPartOf\":{\"@id\":\"https:\/\/www.hispanorama-tours.com\/de_at\/#website\"},\"datePublished\":\"2023-07-06T05:32:45+00:00\",\"dateModified\":\"2023-07-06T05:39:18+00:00\",\"breadcrumb\":{\"@id\":\"https:\/\/www.hispanorama-tours.com\/de_at\/incentives-in-spanien\/incentivereisen-in-spanien\/#breadcrumb\"},\"inLanguage\":\"de-AT\",\"potentialAction\":[{\"@type\":\"ReadAction\",\"target\":[\"https:\/\/www.hispanorama-tours.com\/de_at\/incentives-in-spanien\/incentivereisen-in-spanien\/\"]}]},{\"@type\":\"BreadcrumbList\",\"@id\":\"https:\/\/www.hispanorama-tours.com\/de_at\/incentives-in-spanien\/incentivereisen-in-spanien\/#breadcrumb\",\"itemListElement\":[{\"@type\":\"ListItem\",\"position\":1,\"name\":\"Home\",\"item\":\"https:\/\/www.hispanorama-tours.com\/de_at\/\"},{\"@type\":\"ListItem\",\"position\":2,\"name\":\"Incentives in Spanien\",\"item\":\"https:\/\/www.hispanorama-tours.com\/de_at\/incentives-in-spanien\/\"},{\"@type\":\"ListItem\",\"position\":3,\"name\":\"Incentivereisen in Spanien\"}]},{\"@type\":\"WebSite\",\"@id\":\"https:\/\/www.hispanorama-tours.com\/de_at\/#website\",\"url\":\"https:\/\/www.hispanorama-tours.com\/de_at\/\",\"name\":\"DMC Spanien\",\"description\":\"Destination Management Company (DMC) in Spanien\",\"publisher\":{\"@id\":\"https:\/\/www.hispanorama-tours.com\/de_at\/#organization\"},\"potentialAction\":[{\"@type\":\"SearchAction\",\"target\":{\"@type\":\"EntryPoint\",\"urlTemplate\":\"https:\/\/www.hispanorama-tours.com\/de_at\/?s={search_term_string}\"},\"query-input\":{\"@type\":\"PropertyValueSpecification\",\"valueRequired\":true,\"valueName\":\"search_term_string\"}}],\"inLanguage\":\"de-AT\"},{\"@type\":\"Organization\",\"@id\":\"https:\/\/www.hispanorama-tours.com\/de_at\/#organization\",\"name\":\"DMC for Spain Hispanorama tours & incentives\",\"url\":\"https:\/\/www.hispanorama-tours.com\/de_at\/\",\"logo\":{\"@type\":\"ImageObject\",\"inLanguage\":\"de-AT\",\"@id\":\"https:\/\/www.hispanorama-tours.com\/de_at\/#\/schema\/logo\/image\/\",\"url\":\"https:\/\/www.hispanorama-tours.com\/wp-content\/uploads\/2018\/06\/logo_hispanorama_tours_and_incentives3-1.png\",\"contentUrl\":\"https:\/\/www.hispanorama-tours.com\/wp-content\/uploads\/2018\/06\/logo_hispanorama_tours_and_incentives3-1.png\",\"width\":185,\"height\":120,\"caption\":\"DMC for Spain Hispanorama tours & incentives\"},\"image\":{\"@id\":\"https:\/\/www.hispanorama-tours.com\/de_at\/#\/schema\/logo\/image\/\"},\"sameAs\":[\"https:\/\/www.facebook.com\/HispanoramaTours\/\",\"https:\/\/x.com\/HispanoramaMAD\",\"https:\/\/www.linkedin.com\/company\/hispanorama-tours-&amp;-incentives\/\"]}]}<\/script>\n<!-- \/ Yoast SEO plugin. -->","yoast_head_json":{"title":"Incentivereisen in Spanien - DMC Spanien","robots":{"index":"index","follow":"follow","max-snippet":"max-snippet:-1","max-image-preview":"max-image-preview:large","max-video-preview":"max-video-preview:-1"},"canonical":"https:\/\/www.hispanorama-tours.com\/de_at\/incentives-in-spanien\/incentivereisen-in-spanien\/","og_locale":"de_DE","og_type":"article","og_title":"Incentivereisen in Spanien - DMC Spanien","og_description":"Incentivereisen in SpanienWarum sollten Sie UNS f\u00fcr die Organisation Ihrer n\u00e4chsten Incentivereise nach Spanien w\u00e4hlen? Wir lieben es zu organisieren! Und wir lieben es kreativ zu sein! Wenn es darum geht eine Incentivereise nach Spanien f\u00fcr Ihren Kunden zu planen, lassen wir unserer Fantasie freien Lauf. Basierend auf unserer langj\u00e4hrigen Erfahrung mit vielen verschiedenen Firmen [&hellip;]","og_url":"https:\/\/www.hispanorama-tours.com\/de_at\/incentives-in-spanien\/incentivereisen-in-spanien\/","og_site_name":"DMC Spanien","article_publisher":"https:\/\/www.facebook.com\/HispanoramaTours\/","article_modified_time":"2023-07-06T05:39:18+00:00","twitter_card":"summary_large_image","twitter_site":"@HispanoramaMAD","twitter_misc":{"Gesch\u00e4tzte Lesezeit":"4 Minuten"},"schema":{"@context":"https:\/\/schema.org","@graph":[{"@type":"WebPage","@id":"https:\/\/www.hispanorama-tours.com\/de_at\/incentives-in-spanien\/incentivereisen-in-spanien\/","url":"https:\/\/www.hispanorama-tours.com\/de_at\/incentives-in-spanien\/incentivereisen-in-spanien\/","name":"Incentivereisen in Spanien - DMC Spanien","isPartOf":{"@id":"https:\/\/www.hispanorama-tours.com\/de_at\/#website"},"datePublished":"2023-07-06T05:32:45+00:00","dateModified":"2023-07-06T05:39:18+00:00","breadcrumb":{"@id":"https:\/\/www.hispanorama-tours.com\/de_at\/incentives-in-spanien\/incentivereisen-in-spanien\/#breadcrumb"},"inLanguage":"de-AT","potentialAction":[{"@type":"ReadAction","target":["https:\/\/www.hispanorama-tours.com\/de_at\/incentives-in-spanien\/incentivereisen-in-spanien\/"]}]},{"@type":"BreadcrumbList","@id":"https:\/\/www.hispanorama-tours.com\/de_at\/incentives-in-spanien\/incentivereisen-in-spanien\/#breadcrumb","itemListElement":[{"@type":"ListItem","position":1,"name":"Home","item":"https:\/\/www.hispanorama-tours.com\/de_at\/"},{"@type":"ListItem","position":2,"name":"Incentives in Spanien","item":"https:\/\/www.hispanorama-tours.com\/de_at\/incentives-in-spanien\/"},{"@type":"ListItem","position":3,"name":"Incentivereisen in Spanien"}]},{"@type":"WebSite","@id":"https:\/\/www.hispanorama-tours.com\/de_at\/#website","url":"https:\/\/www.hispanorama-tours.com\/de_at\/","name":"DMC Spanien","description":"Destination Management Company (DMC) in Spanien","publisher":{"@id":"https:\/\/www.hispanorama-tours.com\/de_at\/#organization"},"potentialAction":[{"@type":"SearchAction","target":{"@type":"EntryPoint","urlTemplate":"https:\/\/www.hispanorama-tours.com\/de_at\/?s={search_term_string}"},"query-input":{"@type":"PropertyValueSpecification","valueRequired":true,"valueName":"search_term_string"}}],"inLanguage":"de-AT"},{"@type":"Organization","@id":"https:\/\/www.hispanorama-tours.com\/de_at\/#organization","name":"DMC for Spain Hispanorama tours & incentives","url":"https:\/\/www.hispanorama-tours.com\/de_at\/","logo":{"@type":"ImageObject","inLanguage":"de-AT","@id":"https:\/\/www.hispanorama-tours.com\/de_at\/#\/schema\/logo\/image\/","url":"https:\/\/www.hispanorama-tours.com\/wp-content\/uploads\/2018\/06\/logo_hispanorama_tours_and_incentives3-1.png","contentUrl":"https:\/\/www.hispanorama-tours.com\/wp-content\/uploads\/2018\/06\/logo_hispanorama_tours_and_incentives3-1.png","width":185,"height":120,"caption":"DMC for Spain Hispanorama tours & incentives"},"image":{"@id":"https:\/\/www.hispanorama-tours.com\/de_at\/#\/schema\/logo\/image\/"},"sameAs":["https:\/\/www.facebook.com\/HispanoramaTours\/","https:\/\/x.com\/HispanoramaMAD","https:\/\/www.linkedin.com\/company\/hispanorama-tours-&amp;-incentives\/"]}]}},"_links":{"self":[{"href":"https:\/\/www.hispanorama-tours.com\/de_at\/wp-json\/wp\/v2\/pages\/250226","targetHints":{"allow":["GET"]}}],"collection":[{"href":"https:\/\/www.hispanorama-tours.com\/de_at\/wp-json\/wp\/v2\/pages"}],"about":[{"href":"https:\/\/www.hispanorama-tours.com\/de_at\/wp-json\/wp\/v2\/types\/page"}],"author":[{"embeddable":true,"href":"https:\/\/www.hispanorama-tours.com\/de_at\/wp-json\/wp\/v2\/users\/5"}],"replies":[{"embeddable":true,"href":"https:\/\/www.hispanorama-tours.com\/de_at\/wp-json\/wp\/v2\/comments?post=250226"}],"version-history":[{"count":3,"href":"https:\/\/www.hispanorama-tours.com\/de_at\/wp-json\/wp\/v2\/pages\/250226\/revisions"}],"predecessor-version":[{"id":250248,"href":"https:\/\/www.hispanorama-tours.com\/de_at\/wp-json\/wp\/v2\/pages\/250226\/revisions\/250248"}],"up":[{"embeddable":true,"href":"https:\/\/www.hispanorama-tours.com\/de_at\/wp-json\/wp\/v2\/pages\/249898"}],"wp:attachment":[{"href":"https:\/\/www.hispanorama-tours.com\/de_at\/wp-json\/wp\/v2\/media?parent=250226"}],"curies":[{"name":"wp","href":"https:\/\/api.w.org\/{rel}","templated":true}]}}